{"id":6732,"date":"2024-04-29T07:32:26","date_gmt":"2024-04-29T07:32:26","guid":{"rendered":"https:\/\/mechtalks.com\/?page_id=6732"},"modified":"2024-05-01T14:58:55","modified_gmt":"2024-05-01T14:58:55","slug":"catalin-lungu","status":"publish","type":"page","link":"https:\/\/mechtalks.com\/tr_tr\/catalin-lungu\/","title":{"rendered":"Catalin LUNGU"},"content":{"rendered":"<p><div class=\"fusion-fullwidth fullwidth-box fusion-builder-row-1 fusion-flex-container has-pattern-background has-mask-background nonhundred-percent-fullwidth non-hundred-percent-height-scrolling\" style=\"--awb-border-radius-top-left:0px;--awb-border-radius-top-right:0px;--awb-border-radius-bottom-right:0px;--awb-border-radius-bottom-left:0px;--awb-padding-top:100px;--awb-padding-bottom:0px;--awb-margin-bottom:0px;--awb-background-color:#252f48;--awb-flex-wrap:wrap;\" ><div class=\"fusion-builder-row fusion-row fusion-flex-align-items-stretch fusion-flex-justify-content-center fusion-flex-content-wrap\" style=\"max-width:calc( 1170px + 10px );margin-left: calc(-10px \/ 2 );margin-right: calc(-10px \/ 2 );\"><div class=\"fusion-layout-column fusion_builder_column fusion-builder-column-0 fusion_builder_column_1_1 1_1 fusion-flex-column fusion-flex-align-self-flex-end fusion-animated\" style=\"--awb-bg-size:cover;--awb-width-large:100%;--awb-margin-top-large:0px;--awb-spacing-right-large:5px;--awb-margin-bottom-large:20px;--awb-spacing-left-large:5px;--awb-width-medium:100%;--awb-order-medium:0;--awb-spacing-right-medium:5px;--awb-spacing-left-medium:5px;--awb-width-small:100%;--awb-order-small:0;--awb-spacing-right-small:5px;--awb-spacing-left-small:5px;\" data-animationType=\"fadeInUp\" data-animationDuration=\"1.0\" data-animationOffset=\"top-into-view\"><div class=\"fusion-column-wrapper fusion-column-has-shadow fusion-flex-justify-content-flex-end fusion-content-layout-column\"><div class=\"fusion-title title fusion-title-1 fusion-sep-none fusion-title-text fusion-title-size-one\" style=\"--awb-text-color:#ffffff;--awb-margin-bottom:30px;--awb-font-size:67px;\"><h1 class=\"fusion-title-heading title-heading-left fusion-responsive-typography-calculated\" style=\"font-family:&quot;Outfit&quot;;font-style:normal;font-weight:600;margin:0;font-size:1em;letter-spacing:var(--awb-typography1-letter-spacing);text-transform:var(--awb-typography1-text-transform);--fontSize:67;line-height:1;\"><h2 style=\"text-align: center;\"><span style=\"color: #ffffff;\">KONU\u015eMACILAR<\/span><\/h2><\/h1><\/div><\/div><\/div><\/div><\/div><div class=\"fusion-fullwidth fullwidth-box fusion-builder-row-2 fusion-flex-container has-pattern-background has-mask-background nonhundred-percent-fullwidth non-hundred-percent-height-scrolling\" style=\"--awb-border-radius-top-left:0px;--awb-border-radius-top-right:0px;--awb-border-radius-bottom-right:0px;--awb-border-radius-bottom-left:0px;--awb-padding-top:2%;--awb-flex-wrap:wrap;\" ><div class=\"fusion-builder-row fusion-row fusion-flex-align-items-center fusion-flex-justify-content-center fusion-flex-content-wrap\" style=\"max-width:1216.8px;margin-left: calc(-4% \/ 2 );margin-right: calc(-4% \/ 2 );\"><div class=\"fusion-layout-column fusion_builder_column fusion-builder-column-1 fusion-flex-column fusion-flex-align-self-flex-start\" style=\"--awb-bg-size:cover;--awb-width-large:20%;--awb-margin-top-large:0px;--awb-spacing-right-large:9.6%;--awb-margin-bottom-large:20px;--awb-spacing-left-large:9.6%;--awb-width-medium:100%;--awb-order-medium:0;--awb-spacing-right-medium:1.92%;--awb-spacing-left-medium:1.92%;--awb-width-small:100%;--awb-order-small:0;--awb-spacing-right-small:1.92%;--awb-spacing-left-small:1.92%;\"><div class=\"fusion-column-wrapper fusion-column-has-shadow fusion-flex-justify-content-flex-start fusion-content-layout-column\"><div class=\"fusion-image-element \" style=\"text-align:right;--awb-caption-title-font-family:var(--h2_typography-font-family);--awb-caption-title-font-weight:var(--h2_typography-font-weight);--awb-caption-title-font-style:var(--h2_typography-font-style);--awb-caption-title-size:var(--h2_typography-font-size);--awb-caption-title-transform:var(--h2_typography-text-transform);--awb-caption-title-line-height:var(--h2_typography-line-height);--awb-caption-title-letter-spacing:var(--h2_typography-letter-spacing);\"><span class=\" fusion-imageframe imageframe-none imageframe-1 hover-type-none\"><img decoding=\"async\" width=\"250\" height=\"400\" src=\"https:\/\/mechtalks.com\/wp-content\/uploads\/2024\/04\/1.jpg\" data-orig-src=\"https:\/\/mechtalks.com\/wp-content\/uploads\/2024\/04\/1.jpg\" alt class=\"lazyload img-responsive wp-image-6733\" srcset=\"data:image\/svg+xml,%3Csvg%20xmlns%3D%27http%3A%2F%2Fwww.w3.org%2F2000%2Fsvg%27%20width%3D%27250%27%20height%3D%27400%27%20viewBox%3D%270%200%20250%20400%27%3E%3Crect%20width%3D%27250%27%20height%3D%27400%27%20fill-opacity%3D%220%22%2F%3E%3C%2Fsvg%3E\" data-srcset=\"https:\/\/mechtalks.com\/wp-content\/uploads\/2024\/04\/1-200x320.jpg 200w, https:\/\/mechtalks.com\/wp-content\/uploads\/2024\/04\/1.jpg 250w\" data-sizes=\"auto\" data-orig-sizes=\"(max-width: 1024px) 100vw, (max-width: 640px) 100vw, 250px\" \/><\/span><\/div><\/div><\/div><div class=\"fusion-layout-column fusion_builder_column fusion-builder-column-2 fusion-flex-column\" style=\"--awb-bg-size:cover;--awb-width-large:60%;--awb-margin-top-large:0px;--awb-spacing-right-large:3.2%;--awb-margin-bottom-large:20px;--awb-spacing-left-large:3.2%;--awb-width-medium:100%;--awb-order-medium:0;--awb-spacing-right-medium:1.92%;--awb-spacing-left-medium:1.92%;--awb-width-small:100%;--awb-order-small:0;--awb-spacing-right-small:1.92%;--awb-spacing-left-small:1.92%;\"><div class=\"fusion-column-wrapper fusion-column-has-shadow fusion-flex-justify-content-flex-start fusion-content-layout-column\"><div class=\"fusion-text fusion-text-1\"><p><strong>Catalin LUNGU<\/strong><\/p>\n<p><strong>REHVA <b>Ba\u015fkan\u0131<\/b><\/strong><\/p>\n<p><span style=\"font-weight: 400;\">B\u00fckre\u015f \u0130n\u015faat M\u00fchendisli\u011fi Teknik \u00dcniversitesi&#8217;nde (UTCB) \u0130n\u015faat M\u00fchendisli\u011fi Doktoras\u0131 (2004) ve Fransa&#8217;daki Paris XII Val de Marne \u00dcniversitesi&#8217;nde uzmanl\u0131k e\u011fitimini tamamlam\u0131\u015ft\u0131r.<\/span><\/p>\n<p><span style=\"font-weight: 400;\">UTCB&#8217;de \u0130n\u015faat Hizmetleri M\u00fchendisli\u011fi (1995) ve B\u00fckre\u015f Ekonomik Ara\u015ft\u0131rmalar \u00dcniversitesi&#8217;nden Ekonomi (2000) alan\u0131nda lisans derecesine sahiptir.<\/span><\/p>\n<p><span style=\"font-weight: 400;\">Catalin Lungu, \u0130n\u015faat M\u00fchendisli\u011fi Teknik \u00dcniversitesi&#8217;nde (www.utcb.ro) Do\u00e7enttir ve 7 y\u0131l boyunca Ecole Nationale Superieure de l&#8217;Energie, l&#8217;Eau et l&#8217;Environment, Grenoble, Fransa&#8217;da misafir profes\u00f6r olarak bulunmu\u015ftur. EPB ve NZEB&#8217;ler de dahil olmak \u00fczere HVAC ve RES sistemlerinin dinamik sim\u00fclasyonu konusunda uzmand\u0131r.\u00a0<\/span><\/p>\n<p><span style=\"font-weight: 400;\">2020&#8217;den beri OAER (Romanya Enerji Denet\u00e7ileri Odas\u0131 www.oaer.ro) Ba\u015fkan\u0131 olarak ve 2022-2025 (www.rehva.eu) D\u00f6nem Ba\u015fkan\u0131 olarak REHVA&#8217;y\u0131 temsil etmektedir.<\/span><\/p>\n<p><span style=\"font-weight: 400;\">Dr. Lungu, HVAC D\u00fcnya Kongresi CLIMA 2019&#8217;un Organizasyon Komitesi Ba\u015fkanl\u0131\u011f\u0131 ve CLIMA 2022&#8217;nin Organizasyon Komitesinin \u00f6zel dan\u0131\u015fmanl\u0131\u011f\u0131n\u0131 yapm\u0131\u015ft\u0131r.\u00a0<\/span><\/p>\n<p><span style=\"font-weight: 400;\">Dr. Lungu, yeni EPB standartlar\u0131na (CEN) g\u00f6re binalar\u0131n enerji performans\u0131n\u0131n hesaplanmas\u0131na y\u00f6nelik Romanya metodolojisinin yeniden d\u00fczenlenmesi projesi de dahil olmak \u00fczere, 6 ara\u015ft\u0131rma veya hibe tipi projenin proje y\u00f6neticisidir ve di\u011fer 4 projenin \u00fcyesidir.<\/span><\/p>\n<p><span style=\"font-weight: 400;\">Ayn\u0131 zamanda Romen enerji de\u011ferlendiricilerinin e\u011fitimi ve s\u00fcrekli e\u011fitiminden de sorumludur. Ana yazar veya ortak yazar olarak Dr. Lungu, 8 kitap ve 50&#8217;den fazla bilimsel veya teknik makale yay\u0131nlam\u0131\u015ft\u0131r.<\/span><\/p>\n<p><span style=\"font-weight: 400;\">Dr. Lungu ayr\u0131ca Romanya&#8217;daki 5 standardizasyon teknik komitesinin ve bir ISO&#8217;nun \u00fcyesidir.<\/span> \u00a0<a href=\"https:\/\/mechtalks.com\/konusmacilar\/\">\u21d0 geri<\/a><\/p>\n<\/div><\/div><\/div><\/div><\/div><\/p>\n","protected":false},"excerpt":{"rendered":"","protected":false},"author":1,"featured_media":0,"parent":0,"menu_order":0,"comment_status":"closed","ping_status":"closed","template":"100-width.php","meta":{"footnotes":""},"class_list":["post-6732","page","type-page","status-publish","hentry"],"_links":{"self":[{"href":"https:\/\/mechtalks.com\/tr_tr\/wp-json\/wp\/v2\/pages\/6732","targetHints":{"allow":["GET"]}}],"collection":[{"href":"https:\/\/mechtalks.com\/tr_tr\/wp-json\/wp\/v2\/pages"}],"about":[{"href":"https:\/\/mechtalks.com\/tr_tr\/wp-json\/wp\/v2\/types\/page"}],"author":[{"embeddable":true,"href":"https:\/\/mechtalks.com\/tr_tr\/wp-json\/wp\/v2\/users\/1"}],"replies":[{"embeddable":true,"href":"https:\/\/mechtalks.com\/tr_tr\/wp-json\/wp\/v2\/comments?post=6732"}],"version-history":[{"count":2,"href":"https:\/\/mechtalks.com\/tr_tr\/wp-json\/wp\/v2\/pages\/6732\/revisions"}],"predecessor-version":[{"id":6806,"href":"https:\/\/mechtalks.com\/tr_tr\/wp-json\/wp\/v2\/pages\/6732\/revisions\/6806"}],"wp:attachment":[{"href":"https:\/\/mechtalks.com\/tr_tr\/wp-json\/wp\/v2\/media?parent=6732"}],"curies":[{"name":"wp","href":"https:\/\/api.w.org\/{rel}","templated":true}]}}