{"id":6712,"date":"2024-04-23T11:13:26","date_gmt":"2024-04-23T11:13:26","guid":{"rendered":"https:\/\/mechtalks.com\/?page_id=6712"},"modified":"2024-04-23T11:13:26","modified_gmt":"2024-04-23T11:13:26","slug":"yoshinori-moriwaki","status":"publish","type":"page","link":"https:\/\/mechtalks.com\/tr_tr\/yoshinori-moriwaki\/","title":{"rendered":"Yoshinori MORIWAKI"},"content":{"rendered":"<p><div class=\"fusion-fullwidth fullwidth-box fusion-builder-row-1 fusion-flex-container has-pattern-background has-mask-background nonhundred-percent-fullwidth non-hundred-percent-height-scrolling\" style=\"--awb-border-radius-top-left:0px;--awb-border-radius-top-right:0px;--awb-border-radius-bottom-right:0px;--awb-border-radius-bottom-left:0px;--awb-padding-top:100px;--awb-padding-bottom:0px;--awb-margin-bottom:0px;--awb-background-color:#252f48;--awb-flex-wrap:wrap;\" ><div class=\"fusion-builder-row fusion-row fusion-flex-align-items-stretch fusion-flex-justify-content-center fusion-flex-content-wrap\" style=\"max-width:calc( 1170px + 10px );margin-left: calc(-10px \/ 2 );margin-right: calc(-10px \/ 2 );\"><div class=\"fusion-layout-column fusion_builder_column fusion-builder-column-0 fusion_builder_column_1_1 1_1 fusion-flex-column fusion-flex-align-self-flex-end fusion-animated\" style=\"--awb-bg-size:cover;--awb-width-large:100%;--awb-margin-top-large:0px;--awb-spacing-right-large:5px;--awb-margin-bottom-large:20px;--awb-spacing-left-large:5px;--awb-width-medium:100%;--awb-order-medium:0;--awb-spacing-right-medium:5px;--awb-spacing-left-medium:5px;--awb-width-small:100%;--awb-order-small:0;--awb-spacing-right-small:5px;--awb-spacing-left-small:5px;\" data-animationType=\"fadeInUp\" data-animationDuration=\"1.0\" data-animationOffset=\"top-into-view\"><div class=\"fusion-column-wrapper fusion-column-has-shadow fusion-flex-justify-content-flex-end fusion-content-layout-column\"><div class=\"fusion-title title fusion-title-1 fusion-sep-none fusion-title-text fusion-title-size-one\" style=\"--awb-text-color:#ffffff;--awb-margin-bottom:30px;--awb-font-size:67px;\"><h1 class=\"fusion-title-heading title-heading-left fusion-responsive-typography-calculated\" style=\"font-family:&quot;Outfit&quot;;font-style:normal;font-weight:600;margin:0;font-size:1em;letter-spacing:var(--awb-typography1-letter-spacing);text-transform:var(--awb-typography1-text-transform);--fontSize:67;line-height:1;\"><h2 style=\"text-align: center;\"><span style=\"color: #ffffff;\">KONU\u015eMACILAR<\/span><\/h2><\/h1><\/div><\/div><\/div><\/div><\/div><div class=\"fusion-fullwidth fullwidth-box fusion-builder-row-2 fusion-flex-container has-pattern-background has-mask-background nonhundred-percent-fullwidth non-hundred-percent-height-scrolling\" style=\"--awb-border-radius-top-left:0px;--awb-border-radius-top-right:0px;--awb-border-radius-bottom-right:0px;--awb-border-radius-bottom-left:0px;--awb-padding-top:2%;--awb-flex-wrap:wrap;\" ><div class=\"fusion-builder-row fusion-row fusion-flex-align-items-center fusion-flex-justify-content-center fusion-flex-content-wrap\" style=\"max-width:1216.8px;margin-left: calc(-4% \/ 2 );margin-right: calc(-4% \/ 2 );\"><div class=\"fusion-layout-column fusion_builder_column fusion-builder-column-1 fusion-flex-column fusion-flex-align-self-flex-start\" style=\"--awb-bg-size:cover;--awb-width-large:20%;--awb-margin-top-large:0px;--awb-spacing-right-large:9.6%;--awb-margin-bottom-large:20px;--awb-spacing-left-large:9.6%;--awb-width-medium:100%;--awb-order-medium:0;--awb-spacing-right-medium:1.92%;--awb-spacing-left-medium:1.92%;--awb-width-small:100%;--awb-order-small:0;--awb-spacing-right-small:1.92%;--awb-spacing-left-small:1.92%;\"><div class=\"fusion-column-wrapper fusion-column-has-shadow fusion-flex-justify-content-flex-start fusion-content-layout-column\"><div class=\"fusion-image-element \" style=\"text-align:right;--awb-caption-title-font-family:var(--h2_typography-font-family);--awb-caption-title-font-weight:var(--h2_typography-font-weight);--awb-caption-title-font-style:var(--h2_typography-font-style);--awb-caption-title-size:var(--h2_typography-font-size);--awb-caption-title-transform:var(--h2_typography-text-transform);--awb-caption-title-line-height:var(--h2_typography-line-height);--awb-caption-title-letter-spacing:var(--h2_typography-letter-spacing);\"><span class=\" fusion-imageframe imageframe-none imageframe-1 hover-type-none\"><img decoding=\"async\" width=\"250\" height=\"400\" src=\"https:\/\/mechtalks.com\/wp-content\/uploads\/2024\/04\/1-3.webp\" data-orig-src=\"https:\/\/mechtalks.com\/wp-content\/uploads\/2024\/04\/1-3.webp\" alt class=\"lazyload img-responsive wp-image-6713\" srcset=\"data:image\/svg+xml,%3Csvg%20xmlns%3D%27http%3A%2F%2Fwww.w3.org%2F2000%2Fsvg%27%20width%3D%27250%27%20height%3D%27400%27%20viewBox%3D%270%200%20250%20400%27%3E%3Crect%20width%3D%27250%27%20height%3D%27400%27%20fill-opacity%3D%220%22%2F%3E%3C%2Fsvg%3E\" data-srcset=\"https:\/\/mechtalks.com\/wp-content\/uploads\/2024\/04\/1-3-8x12.webp 8w, https:\/\/mechtalks.com\/wp-content\/uploads\/2024\/04\/1-3-188x300.webp 188w, https:\/\/mechtalks.com\/wp-content\/uploads\/2024\/04\/1-3-200x320.webp 200w, https:\/\/mechtalks.com\/wp-content\/uploads\/2024\/04\/1-3.webp 250w\" data-sizes=\"auto\" data-orig-sizes=\"(max-width: 1024px) 100vw, (max-width: 640px) 100vw, 250px\" \/><\/span><\/div><\/div><\/div><div class=\"fusion-layout-column fusion_builder_column fusion-builder-column-2 fusion-flex-column\" style=\"--awb-bg-size:cover;--awb-width-large:60%;--awb-margin-top-large:0px;--awb-spacing-right-large:3.2%;--awb-margin-bottom-large:20px;--awb-spacing-left-large:3.2%;--awb-width-medium:100%;--awb-order-medium:0;--awb-spacing-right-medium:1.92%;--awb-spacing-left-medium:1.92%;--awb-width-small:100%;--awb-order-small:0;--awb-spacing-right-small:1.92%;--awb-spacing-left-small:1.92%;\"><div class=\"fusion-column-wrapper fusion-column-has-shadow fusion-flex-justify-content-flex-start fusion-content-layout-column\"><div class=\"fusion-text fusion-text-1\"><p><strong>Yoshinori MORIWAKI <\/strong><\/p>\n<p><strong>Y\u00fcksek Mimar<\/strong><\/p>\n<p><strong>Y\u00fcksek \u0130n\u015faat M\u00fchendisi<\/strong><\/p>\n<p>03.11.1955 Hokkaido, Japonya Do\u011fumlu.<\/p>\n<p>Malezya Kuala Lumpur\u2019 da o zaman d\u00fcnyan\u0131n en y\u00fcksek binas\u0131 olan Petronas ikiz kuleleri ve Japonya\u2019da, d\u00fcnyan\u0131n en uzun asma k\u00f6pr\u00fcs\u00fc AKASHI\u2019nin in\u015faat\u0131n\u0131 yapan HAZAMA ANDO CORPORATION\u00a0 firmas\u0131n\u0131n \u0130stanbul \u015eubesinde Genel M\u00fcd\u00fcr, ayn\u0131 zamanda Japonya Yurtd\u0131\u015f\u0131 \u0130n\u015faat \u015eirketleri Derne\u011fi T\u00fcrkiye \u015eubesi Genel Sekreteri olarak g\u00f6rev yap\u0131yor.<\/p>\n<p>T\u00fcrkiye\u2019de 1990 y\u0131l\u0131nda Swiss Otel Projesi ile ba\u015flay\u0131p, daha sonra YKK Fermuar Fabrikas\u0131<strong>,<\/strong> Honda, Toyota<strong>,<\/strong> Akdeniz \u00dcniversitesi Organ Nakli Hastanesi<strong>,<\/strong> D.M.\u0130. Radar \u0130n\u015faat\u0131 (Bal\u0131kesir, Zonguldak, \u00c7atalca) ve Japon Otomotiv sekt\u00f6r\u00fcn\u00fcn T\u00fcrkiye\u2019de yapm\u0131\u015f oldu\u011fu yat\u0131r\u0131mlar\u0131n hemen hemen hepsinde g\u00f6rev yapt\u0131.<\/p>\n<p>Japonya Yurtd\u0131\u015f\u0131 \u0130n\u015faat \u015eirketleri Derne\u011fi ad\u0131na Marmaray ve \u0130zmit K\u00f6rfezi Ge\u00e7i\u015f K\u00f6pr\u00fcs\u00fc Projesinde ilgilendi.<\/p>\n<p>T\u00fcrkiye\u2019de Antalya, Isparta, Burdur, Mu\u011fla, Bing\u00f6l Valiliklerinde, \u0130zmir\u00a0 Kar\u015f\u0131yaka, Yeni\u015fehir, Siirt, Istanbul \u015ei\u015fli, Istanbul Be\u015fikta\u015f, Fethiye Tekirda\u011f S\u00fcleymanpa\u015fa, Belediyelerinde, Tuzla, Gayrettepe, Suadiye Rotary kl\u00fcplerinde, birka\u00e7 in\u015faat m\u00fchendisleri Odas\u0131nda, baz\u0131 derneklerde ve \u0130stanbul, Ankara, Bursa, \u0130zmir, Kuzey K\u0131br\u0131s, Adapazar\u0131, \u0130zmit, Siirt, Antalya, Bing\u00f6l, Karab\u00fck, Samsun, \u0130sparta, Denizli, \u00c7orlu ,Yozgat , Erzurum, Tunceli, Elaz\u0131\u011f, Van, Bitlis, Mu\u015f, Sivas, Eski\u015fehir, \u00c7anakkale, Samsun\u2019da (68\/81 ilde ) okullarda \u00a0450 den fazla deprem seminerleri verdi.<\/p>\n<p>Ayrica TEDx \uff082 Kez\uff09gibi yerlerde KARIYER sunumu gercekle\u015ftirdi.<\/p>\n<p>11\/03\/2011 de Japonya\u2019da deprem olan b\u00f6lge SENDAI de 13 y\u0131l g\u00f6rev yapt\u0131.\u00a0 <a href=\"https:\/\/mechtalks.com\/konusmacilar\/\">\u21d0 geri<\/a><\/p>\n<\/div><\/div><\/div><\/div><\/div><\/p>\n","protected":false},"excerpt":{"rendered":"","protected":false},"author":1,"featured_media":0,"parent":0,"menu_order":0,"comment_status":"closed","ping_status":"closed","template":"100-width.php","meta":{"footnotes":""},"class_list":["post-6712","page","type-page","status-publish","hentry"],"_links":{"self":[{"href":"https:\/\/mechtalks.com\/tr_tr\/wp-json\/wp\/v2\/pages\/6712","targetHints":{"allow":["GET"]}}],"collection":[{"href":"https:\/\/mechtalks.com\/tr_tr\/wp-json\/wp\/v2\/pages"}],"about":[{"href":"https:\/\/mechtalks.com\/tr_tr\/wp-json\/wp\/v2\/types\/page"}],"author":[{"embeddable":true,"href":"https:\/\/mechtalks.com\/tr_tr\/wp-json\/wp\/v2\/users\/1"}],"replies":[{"embeddable":true,"href":"https:\/\/mechtalks.com\/tr_tr\/wp-json\/wp\/v2\/comments?post=6712"}],"version-history":[{"count":1,"href":"https:\/\/mechtalks.com\/tr_tr\/wp-json\/wp\/v2\/pages\/6712\/revisions"}],"predecessor-version":[{"id":6714,"href":"https:\/\/mechtalks.com\/tr_tr\/wp-json\/wp\/v2\/pages\/6712\/revisions\/6714"}],"wp:attachment":[{"href":"https:\/\/mechtalks.com\/tr_tr\/wp-json\/wp\/v2\/media?parent=6712"}],"curies":[{"name":"wp","href":"https:\/\/api.w.org\/{rel}","templated":true}]}}