{"id":6664,"date":"2024-04-19T09:22:09","date_gmt":"2024-04-19T09:22:09","guid":{"rendered":"https:\/\/mechtalks.com\/?page_id=6664"},"modified":"2024-05-01T14:44:36","modified_gmt":"2024-05-01T14:44:36","slug":"prof-lori-mcelroy","status":"publish","type":"page","link":"https:\/\/mechtalks.com\/tr_tr\/prof-lori-mcelroy\/","title":{"rendered":"Prof. Lori McElroy"},"content":{"rendered":"<p><div class=\"fusion-fullwidth fullwidth-box fusion-builder-row-1 fusion-flex-container has-pattern-background has-mask-background nonhundred-percent-fullwidth non-hundred-percent-height-scrolling\" style=\"--awb-border-radius-top-left:0px;--awb-border-radius-top-right:0px;--awb-border-radius-bottom-right:0px;--awb-border-radius-bottom-left:0px;--awb-padding-top:100px;--awb-padding-bottom:0px;--awb-margin-bottom:0px;--awb-background-color:#252f48;--awb-flex-wrap:wrap;\" ><div class=\"fusion-builder-row fusion-row fusion-flex-align-items-stretch fusion-flex-justify-content-center fusion-flex-content-wrap\" style=\"max-width:calc( 1170px + 10px );margin-left: calc(-10px \/ 2 );margin-right: calc(-10px \/ 2 );\"><div class=\"fusion-layout-column fusion_builder_column fusion-builder-column-0 fusion_builder_column_1_1 1_1 fusion-flex-column fusion-flex-align-self-flex-end fusion-animated\" style=\"--awb-bg-size:cover;--awb-width-large:100%;--awb-margin-top-large:0px;--awb-spacing-right-large:5px;--awb-margin-bottom-large:20px;--awb-spacing-left-large:5px;--awb-width-medium:100%;--awb-order-medium:0;--awb-spacing-right-medium:5px;--awb-spacing-left-medium:5px;--awb-width-small:100%;--awb-order-small:0;--awb-spacing-right-small:5px;--awb-spacing-left-small:5px;\" data-animationType=\"fadeInUp\" data-animationDuration=\"1.0\" data-animationOffset=\"top-into-view\"><div class=\"fusion-column-wrapper fusion-column-has-shadow fusion-flex-justify-content-flex-end fusion-content-layout-column\"><div class=\"fusion-title title fusion-title-1 fusion-sep-none fusion-title-text fusion-title-size-one\" style=\"--awb-text-color:#ffffff;--awb-margin-bottom:30px;--awb-font-size:67px;\"><h1 class=\"fusion-title-heading title-heading-left fusion-responsive-typography-calculated\" style=\"font-family:&quot;Outfit&quot;;font-style:normal;font-weight:600;margin:0;font-size:1em;letter-spacing:var(--awb-typography1-letter-spacing);text-transform:var(--awb-typography1-text-transform);--fontSize:67;line-height:1;\"><h2 style=\"text-align: center;\"><span style=\"color: #ffffff;\">KONU\u015eMACILAR<\/span><\/h2><\/h1><\/div><\/div><\/div><\/div><\/div><div class=\"fusion-fullwidth fullwidth-box fusion-builder-row-2 fusion-flex-container has-pattern-background has-mask-background nonhundred-percent-fullwidth non-hundred-percent-height-scrolling\" style=\"--awb-border-radius-top-left:0px;--awb-border-radius-top-right:0px;--awb-border-radius-bottom-right:0px;--awb-border-radius-bottom-left:0px;--awb-padding-top:2%;--awb-flex-wrap:wrap;\" ><div class=\"fusion-builder-row fusion-row fusion-flex-align-items-center fusion-flex-justify-content-center fusion-flex-content-wrap\" style=\"max-width:1216.8px;margin-left: calc(-4% \/ 2 );margin-right: calc(-4% \/ 2 );\"><div class=\"fusion-layout-column fusion_builder_column fusion-builder-column-1 fusion-flex-column fusion-flex-align-self-flex-start\" style=\"--awb-bg-size:cover;--awb-width-large:20%;--awb-margin-top-large:0px;--awb-spacing-right-large:9.6%;--awb-margin-bottom-large:20px;--awb-spacing-left-large:9.6%;--awb-width-medium:100%;--awb-order-medium:0;--awb-spacing-right-medium:1.92%;--awb-spacing-left-medium:1.92%;--awb-width-small:100%;--awb-order-small:0;--awb-spacing-right-small:1.92%;--awb-spacing-left-small:1.92%;\"><div class=\"fusion-column-wrapper fusion-column-has-shadow fusion-flex-justify-content-flex-start fusion-content-layout-column\"><div class=\"fusion-image-element \" style=\"text-align:right;--awb-caption-title-font-family:var(--h2_typography-font-family);--awb-caption-title-font-weight:var(--h2_typography-font-weight);--awb-caption-title-font-style:var(--h2_typography-font-style);--awb-caption-title-size:var(--h2_typography-font-size);--awb-caption-title-transform:var(--h2_typography-text-transform);--awb-caption-title-line-height:var(--h2_typography-line-height);--awb-caption-title-letter-spacing:var(--h2_typography-letter-spacing);\"><span class=\" fusion-imageframe imageframe-none imageframe-1 hover-type-none\"><img decoding=\"async\" width=\"250\" height=\"400\" src=\"https:\/\/mechtalks.com\/wp-content\/uploads\/2024\/04\/Lori-McElroy.webp\" data-orig-src=\"https:\/\/mechtalks.com\/wp-content\/uploads\/2024\/04\/Lori-McElroy.webp\" alt class=\"lazyload img-responsive wp-image-6661\" srcset=\"data:image\/svg+xml,%3Csvg%20xmlns%3D%27http%3A%2F%2Fwww.w3.org%2F2000%2Fsvg%27%20width%3D%27250%27%20height%3D%27400%27%20viewBox%3D%270%200%20250%20400%27%3E%3Crect%20width%3D%27250%27%20height%3D%27400%27%20fill-opacity%3D%220%22%2F%3E%3C%2Fsvg%3E\" data-srcset=\"https:\/\/mechtalks.com\/wp-content\/uploads\/2024\/04\/Lori-McElroy-8x12.webp 8w, https:\/\/mechtalks.com\/wp-content\/uploads\/2024\/04\/Lori-McElroy-188x300.webp 188w, https:\/\/mechtalks.com\/wp-content\/uploads\/2024\/04\/Lori-McElroy-200x320.webp 200w, https:\/\/mechtalks.com\/wp-content\/uploads\/2024\/04\/Lori-McElroy.webp 250w\" data-sizes=\"auto\" data-orig-sizes=\"(max-width: 1024px) 100vw, (max-width: 640px) 100vw, 250px\" \/><\/span><\/div><\/div><\/div><div class=\"fusion-layout-column fusion_builder_column fusion-builder-column-2 fusion-flex-column\" style=\"--awb-bg-size:cover;--awb-width-large:60%;--awb-margin-top-large:0px;--awb-spacing-right-large:3.2%;--awb-margin-bottom-large:20px;--awb-spacing-left-large:3.2%;--awb-width-medium:100%;--awb-order-medium:0;--awb-spacing-right-medium:1.92%;--awb-spacing-left-medium:1.92%;--awb-width-small:100%;--awb-order-small:0;--awb-spacing-right-small:1.92%;--awb-spacing-left-small:1.92%;\"><div class=\"fusion-column-wrapper fusion-column-has-shadow fusion-flex-justify-content-flex-start fusion-content-layout-column\"><div class=\"fusion-text fusion-text-1\"><p><strong>Prof.Dr. Lori McElroy<\/strong><\/p>\n<p><strong>Strathclyde \u00dcniversitesi<\/strong><\/p>\n<p><strong>Ak\u0131ll\u0131, Dayan\u0131kl\u0131 \u015eehirler, Mimarl\u0131k B\u00f6l\u00fcm\u00fc<\/strong><\/p>\n<p>Lori McElroy (MBE, PhD, Hon FRIAS, FIBPSA, MCIBSE) Strathclyde \u00dcniversitesi Mimarl\u0131k B\u00f6l\u00fcm\u00fc&#8217;nde Ak\u0131ll\u0131, Dayan\u0131kl\u0131 \u015eehirler profes\u00f6r\u00fc olarak g\u00f6rev yapmaktad\u0131r.<\/p>\n<p>Lori, \u00e7evre m\u00fchendisli\u011fi, mimari ve s\u00fcrd\u00fcr\u00fclebilir tasar\u0131mda sim\u00fclasyon uygulamalar\u0131n\u0131 kapsayan bir ge\u00e7mi\u015fe sahip bir m\u00fchendistir ve enerji ve \u00e7evre alan\u0131nda 25 y\u0131l\u0131 a\u015fk\u0131n bir s\u00fcredir hem uygulama hem de ara\u015ft\u0131rma alan\u0131nda aktif olarak \u00f6zel sekt\u00f6rde ve kamu sekt\u00f6r\u00fcnde \u00e7al\u0131\u015fmaktad\u0131r. Bu, Birle\u015fik Krall\u0131k ve \u0130sko\u00e7 H\u00fck\u00fcmetleri i\u00e7in 20 y\u0131l\u0131 a\u015fk\u0131n bir s\u00fcre boyunca son teknolojiye sahip \u00fc\u00e7 akademik\/end\u00fcstri i\u015f birli\u011fi program\u0131n\u0131n sunulmas\u0131n\u0131 ve bu \u00e7al\u0131\u015fman\u0131n uluslararas\u0131 alanda yay\u0131lmas\u0131n\u0131 i\u00e7ermektedir.<\/p>\n<p>Lori, kariyerini, yenilik\u00e7i ve yeni performans de\u011ferlendirme tekniklerinin pratikte kullan\u0131m\u0131n\u0131 desteklemekten; end\u00fcstriye geni\u015f kapsaml\u0131 destek ve tavsiye sa\u011flamak ve m\u00fc\u015fterileri politika geli\u015ftirme ve uygulama konusunda geli\u015ftirilmesine kadar in\u015faat profesyonellerinin i\u015f yapma \u015feklini de\u011fi\u015ftirmeye odaklanm\u0131\u015ft\u0131r. Daha iyi yerlerin daha iyi ya\u015famlara \u00f6nemli \u00f6l\u00e7\u00fcde katk\u0131da bulundu\u011fu varsay\u0131m\u0131ndan hareketle, mimarinin iyile\u015ftirilmesi ve s\u00fcrd\u00fcr\u00fclebilir yerler yarat\u0131lmas\u0131 i\u00e7in entegre performans de\u011ferlendirmesinin uygulanmas\u0131 konusunda tutkuludur. S\u00fcrd\u00fcr\u00fclebilir in\u015faat hizmetleri nedeniyle 2012 y\u0131l\u0131nda MBE \u00f6d\u00fcl\u00fcne lay\u0131k g\u00f6r\u00fclm\u00fc\u015ft\u00fcr.<\/p>\n<p>Lori, \u00e7evresel, sosyal ve ekonomik d\u00fczeylerde daha iyi in\u015fa edilmi\u015f bir \u00e7evre ve \u00f6zellikle bunun herkes i\u00e7in i\u015f yaratma, e\u015fitlik ve beceri geli\u015ftirme yoluyla toplumun g\u00fc\u00e7lendirilmesi a\u00e7\u0131s\u0131ndan sa\u011flayabilece\u011fi f\u0131rsatlar\u0131 sunmaya kendini adam\u0131\u015ft\u0131r. H\u00fck\u00fcmetin 2045 y\u0131l\u0131na kadar s\u0131f\u0131r karbonlu bir yap\u0131l\u0131 \u00e7evrenin kapsay\u0131c\u0131 bir \u015fekilde sa\u011flanmas\u0131na y\u00f6nelik taahh\u00fcd\u00fcyle ba\u011flant\u0131l\u0131 bir dizi \u00e7al\u0131\u015fma grubunda yer almaktad\u0131r.<\/p>\n<p>Lori, Uluslararas\u0131 Bina Performans\u0131 Sim\u00fclasyon Derne\u011fi (International Building Performance Simulation Association) ge\u00e7mi\u015f Ba\u015fkan\u0131, Mevcut Evler Birli\u011fi (Existing Homes Alliance)&#8217;nin Ba\u015fkan\u0131 ve M\u00fctevelli Heyeti \u00dcyesi\/Y\u00f6netim Kurulu \u00dcyesi, BE-ST&#8217;nin Y\u00f6netim Kurulu \u00dcyesidir ve AB taraf\u0131ndan finanse edilen bir dizi Ufuk2020 projesinde aktif olarak yer almaktad\u0131r.\u00a0 <a href=\"https:\/\/mechtalks.com\/konusmacilar\/\">\u21d0 geri<\/a><\/p>\n<\/div><\/div><\/div><\/div><\/div><\/p>\n","protected":false},"excerpt":{"rendered":"","protected":false},"author":1,"featured_media":0,"parent":0,"menu_order":0,"comment_status":"closed","ping_status":"closed","template":"100-width.php","meta":{"footnotes":""},"class_list":["post-6664","page","type-page","status-publish","hentry"],"_links":{"self":[{"href":"https:\/\/mechtalks.com\/tr_tr\/wp-json\/wp\/v2\/pages\/6664","targetHints":{"allow":["GET"]}}],"collection":[{"href":"https:\/\/mechtalks.com\/tr_tr\/wp-json\/wp\/v2\/pages"}],"about":[{"href":"https:\/\/mechtalks.com\/tr_tr\/wp-json\/wp\/v2\/types\/page"}],"author":[{"embeddable":true,"href":"https:\/\/mechtalks.com\/tr_tr\/wp-json\/wp\/v2\/users\/1"}],"replies":[{"embeddable":true,"href":"https:\/\/mechtalks.com\/tr_tr\/wp-json\/wp\/v2\/comments?post=6664"}],"version-history":[{"count":4,"href":"https:\/\/mechtalks.com\/tr_tr\/wp-json\/wp\/v2\/pages\/6664\/revisions"}],"predecessor-version":[{"id":6804,"href":"https:\/\/mechtalks.com\/tr_tr\/wp-json\/wp\/v2\/pages\/6664\/revisions\/6804"}],"wp:attachment":[{"href":"https:\/\/mechtalks.com\/tr_tr\/wp-json\/wp\/v2\/media?parent=6664"}],"curies":[{"name":"wp","href":"https:\/\/api.w.org\/{rel}","templated":true}]}}