{"id":6658,"date":"2024-04-19T09:18:54","date_gmt":"2024-04-19T09:18:54","guid":{"rendered":"https:\/\/mechtalks.com\/?page_id=6658"},"modified":"2024-05-02T09:35:08","modified_gmt":"2024-05-02T09:35:08","slug":"dr-metin-cengel","status":"publish","type":"page","link":"https:\/\/mechtalks.com\/tr_tr\/dr-metin-cengel\/","title":{"rendered":"Dr. Metin \u00c7ENGEL"},"content":{"rendered":"<p><div class=\"fusion-fullwidth fullwidth-box fusion-builder-row-1 fusion-flex-container has-pattern-background has-mask-background nonhundred-percent-fullwidth non-hundred-percent-height-scrolling\" style=\"--awb-border-radius-top-left:0px;--awb-border-radius-top-right:0px;--awb-border-radius-bottom-right:0px;--awb-border-radius-bottom-left:0px;--awb-padding-top:100px;--awb-padding-bottom:0px;--awb-margin-bottom:0px;--awb-background-color:#252f48;--awb-flex-wrap:wrap;\" ><div class=\"fusion-builder-row fusion-row fusion-flex-align-items-stretch fusion-flex-justify-content-center fusion-flex-content-wrap\" style=\"max-width:calc( 1170px + 10px );margin-left: calc(-10px \/ 2 );margin-right: calc(-10px \/ 2 );\"><div class=\"fusion-layout-column fusion_builder_column fusion-builder-column-0 fusion_builder_column_1_1 1_1 fusion-flex-column fusion-flex-align-self-flex-end fusion-animated\" style=\"--awb-bg-size:cover;--awb-width-large:100%;--awb-margin-top-large:0px;--awb-spacing-right-large:5px;--awb-margin-bottom-large:20px;--awb-spacing-left-large:5px;--awb-width-medium:100%;--awb-order-medium:0;--awb-spacing-right-medium:5px;--awb-spacing-left-medium:5px;--awb-width-small:100%;--awb-order-small:0;--awb-spacing-right-small:5px;--awb-spacing-left-small:5px;\" data-animationType=\"fadeInUp\" data-animationDuration=\"1.0\" data-animationOffset=\"top-into-view\"><div class=\"fusion-column-wrapper fusion-column-has-shadow fusion-flex-justify-content-flex-end fusion-content-layout-column\"><div class=\"fusion-title title fusion-title-1 fusion-sep-none fusion-title-text fusion-title-size-one\" style=\"--awb-text-color:#ffffff;--awb-margin-bottom:30px;--awb-font-size:67px;\"><h1 class=\"fusion-title-heading title-heading-left fusion-responsive-typography-calculated\" style=\"font-family:&quot;Outfit&quot;;font-style:normal;font-weight:600;margin:0;font-size:1em;letter-spacing:var(--awb-typography1-letter-spacing);text-transform:var(--awb-typography1-text-transform);--fontSize:67;line-height:1;\"><h2 style=\"text-align: center;\"><span style=\"color: #ffffff;\">KONU\u015eMACILAR<\/span><\/h2><\/h1><\/div><\/div><\/div><\/div><\/div><div class=\"fusion-fullwidth fullwidth-box fusion-builder-row-2 fusion-flex-container has-pattern-background has-mask-background nonhundred-percent-fullwidth non-hundred-percent-height-scrolling\" style=\"--awb-border-radius-top-left:0px;--awb-border-radius-top-right:0px;--awb-border-radius-bottom-right:0px;--awb-border-radius-bottom-left:0px;--awb-padding-top:2%;--awb-flex-wrap:wrap;\" ><div class=\"fusion-builder-row fusion-row fusion-flex-align-items-center fusion-flex-justify-content-center fusion-flex-content-wrap\" style=\"max-width:1216.8px;margin-left: calc(-4% \/ 2 );margin-right: calc(-4% \/ 2 );\"><div class=\"fusion-layout-column fusion_builder_column fusion-builder-column-1 fusion-flex-column fusion-flex-align-self-flex-start\" style=\"--awb-bg-size:cover;--awb-width-large:20%;--awb-margin-top-large:0px;--awb-spacing-right-large:9.6%;--awb-margin-bottom-large:20px;--awb-spacing-left-large:9.6%;--awb-width-medium:100%;--awb-order-medium:0;--awb-spacing-right-medium:1.92%;--awb-spacing-left-medium:1.92%;--awb-width-small:100%;--awb-order-small:0;--awb-spacing-right-small:1.92%;--awb-spacing-left-small:1.92%;\"><div class=\"fusion-column-wrapper fusion-column-has-shadow fusion-flex-justify-content-flex-start fusion-content-layout-column\"><div class=\"fusion-image-element \" style=\"text-align:right;--awb-caption-title-font-family:var(--h2_typography-font-family);--awb-caption-title-font-weight:var(--h2_typography-font-weight);--awb-caption-title-font-style:var(--h2_typography-font-style);--awb-caption-title-size:var(--h2_typography-font-size);--awb-caption-title-transform:var(--h2_typography-text-transform);--awb-caption-title-line-height:var(--h2_typography-line-height);--awb-caption-title-letter-spacing:var(--h2_typography-letter-spacing);\"><span class=\" fusion-imageframe imageframe-none imageframe-1 hover-type-none\"><img decoding=\"async\" width=\"250\" height=\"400\" src=\"https:\/\/mechtalks.com\/wp-content\/uploads\/2024\/04\/Dr.-Metin-CENGEL.webp\" data-orig-src=\"https:\/\/mechtalks.com\/wp-content\/uploads\/2024\/04\/Dr.-Metin-CENGEL.webp\" alt class=\"lazyload img-responsive wp-image-6655\" srcset=\"data:image\/svg+xml,%3Csvg%20xmlns%3D%27http%3A%2F%2Fwww.w3.org%2F2000%2Fsvg%27%20width%3D%27250%27%20height%3D%27400%27%20viewBox%3D%270%200%20250%20400%27%3E%3Crect%20width%3D%27250%27%20height%3D%27400%27%20fill-opacity%3D%220%22%2F%3E%3C%2Fsvg%3E\" data-srcset=\"https:\/\/mechtalks.com\/wp-content\/uploads\/2024\/04\/Dr.-Metin-CENGEL-8x12.webp 8w, https:\/\/mechtalks.com\/wp-content\/uploads\/2024\/04\/Dr.-Metin-CENGEL-188x300.webp 188w, https:\/\/mechtalks.com\/wp-content\/uploads\/2024\/04\/Dr.-Metin-CENGEL-200x320.webp 200w, https:\/\/mechtalks.com\/wp-content\/uploads\/2024\/04\/Dr.-Metin-CENGEL.webp 250w\" data-sizes=\"auto\" data-orig-sizes=\"(max-width: 1024px) 100vw, (max-width: 640px) 100vw, 250px\" \/><\/span><\/div><\/div><\/div><div class=\"fusion-layout-column fusion_builder_column fusion-builder-column-2 fusion-flex-column\" style=\"--awb-bg-size:cover;--awb-width-large:60%;--awb-margin-top-large:0px;--awb-spacing-right-large:3.2%;--awb-margin-bottom-large:20px;--awb-spacing-left-large:3.2%;--awb-width-medium:100%;--awb-order-medium:0;--awb-spacing-right-medium:1.92%;--awb-spacing-left-medium:1.92%;--awb-width-small:100%;--awb-order-small:0;--awb-spacing-right-small:1.92%;--awb-spacing-left-small:1.92%;\"><div class=\"fusion-column-wrapper fusion-column-has-shadow fusion-flex-justify-content-flex-start fusion-content-layout-column\"><div class=\"fusion-text fusion-text-1\"><p><strong><span class=\"TextRun SCXW208072760 BCX0\" lang=\"TR-TR\" xml:lang=\"TR-TR\" data-contrast=\"auto\"><span class=\"NormalTextRun SCXW208072760 BCX0\">Dr. Metin \u00c7ENGEL<\/span><\/span><span class=\"EOP SCXW208072760 BCX0\" data-ccp-props=\"{\">\u00a0<\/span><\/strong><\/p>\n<p><b><span data-contrast=\"auto\">Sakarya Uygulamal\u0131 Bilimler \u00dcniversitesi\u00a0<\/span><\/b><span data-ccp-props=\"{\">\u00a0<\/span><\/p>\n<p><b><span data-contrast=\"auto\">Bilgisayar Teknolojileri B\u00f6l\u00fcm Ba\u015fkan\u0131<\/span><\/b><span data-ccp-props=\"{\">\u00a0<\/span><\/p>\n<p><span data-contrast=\"auto\">\u0130lk, orta ve lise e\u011fitimini Sakarya&#8217;da tamamlad\u0131. Lisans e\u011fitimini Marmara \u00dcniversitesi Teknik E\u011fitim Fak\u00fcltesi Elektrik-Elektronik B\u00f6l\u00fcm\u00fc&#8217;nde, y\u00fcksek lisans ve doktora e\u011fitimini ise Sakarya \u00dcniversitesi Bilgisayar E\u011fitimi B\u00f6l\u00fcm\u00fc&#8217;nde tamamlad\u0131. Doktora \u00e7al\u0131\u015fmas\u0131 uzaktan e\u011fitim \u00fczerinedir.<\/span><span data-ccp-props=\"{\">\u00a0<\/span><\/p>\n<p><span data-contrast=\"auto\">Halen Sakarya Uygulamal\u0131 Bilimler \u00dcniversitesi Bilgisayar Teknolojileri B\u00f6l\u00fcm Ba\u015fkan\u0131 olarak g\u00f6rev yapmaktad\u0131r.<\/span><span data-ccp-props=\"{\">\u00a0<\/span><\/p>\n<p><span data-contrast=\"auto\">\u00c7al\u0131\u015fma alanlar\u0131; E\u011fitim ve \u00d6\u011fretim Teknolojileri, Uzaktan E\u011fitim, Yaz\u0131l\u0131m Programlar\u0131, Sistem Analisti, Sanal ve Art\u0131r\u0131lm\u0131\u015f Ger\u00e7eklik Teknolojileri ile E\u011fitim, Dezavantajl\u0131 Gruplara Y\u00f6nelik E\u011fitim Teknolojileri, 3D Tasar\u0131m ve 3D \u00dcretim Ortamlar\u0131.<\/span><span data-ccp-props=\"{\">\u00a0<\/span><\/p>\n<p><span data-contrast=\"auto\">Pek \u00e7ok ulusal ve uluslararas\u0131 hakemli dergide makaleleri ve uluslararas\u0131 kongrelerde bildirileri bulunmaktad\u0131r. Metaverse hakk\u0131nda kitaplar yazd\u0131.<\/span><span data-ccp-props=\"{\">\u00a0<\/span><\/p>\n<p><span data-contrast=\"auto\">Metaveri ortamlar\u0131n\u0131n tasar\u0131m\u0131 ve NFT ara\u00e7lar\u0131n\u0131n tasar\u0131m\u0131 \u00fczerine bir\u00e7ok ticari ve akademik \u00e7al\u0131\u015fmas\u0131 bulunmaktad\u0131r.<\/span><span data-ccp-props=\"{\">\u00a0<\/span><\/p>\n<p><span data-contrast=\"auto\">Sakarya Teknopark&#8217;ta faaliyet g\u00f6steren ve Metaverse alan\u0131nda \u00e7al\u0131\u015fan kurucu orta\u011f\u0131 oldu\u011fu Aris888 ad\u0131nda bir StartUp \u015firketi bulunmaktad\u0131r.<\/span> <a href=\"https:\/\/mechtalks.com\/konusmacilar\/\">\u21d0 geri<\/a><\/p>\n<\/div><\/div><\/div><\/div><\/div><\/p>\n","protected":false},"excerpt":{"rendered":"","protected":false},"author":1,"featured_media":0,"parent":0,"menu_order":0,"comment_status":"closed","ping_status":"closed","template":"100-width.php","meta":{"footnotes":""},"class_list":["post-6658","page","type-page","status-publish","hentry"],"_links":{"self":[{"href":"https:\/\/mechtalks.com\/tr_tr\/wp-json\/wp\/v2\/pages\/6658","targetHints":{"allow":["GET"]}}],"collection":[{"href":"https:\/\/mechtalks.com\/tr_tr\/wp-json\/wp\/v2\/pages"}],"about":[{"href":"https:\/\/mechtalks.com\/tr_tr\/wp-json\/wp\/v2\/types\/page"}],"author":[{"embeddable":true,"href":"https:\/\/mechtalks.com\/tr_tr\/wp-json\/wp\/v2\/users\/1"}],"replies":[{"embeddable":true,"href":"https:\/\/mechtalks.com\/tr_tr\/wp-json\/wp\/v2\/comments?post=6658"}],"version-history":[{"count":2,"href":"https:\/\/mechtalks.com\/tr_tr\/wp-json\/wp\/v2\/pages\/6658\/revisions"}],"predecessor-version":[{"id":6807,"href":"https:\/\/mechtalks.com\/tr_tr\/wp-json\/wp\/v2\/pages\/6658\/revisions\/6807"}],"wp:attachment":[{"href":"https:\/\/mechtalks.com\/tr_tr\/wp-json\/wp\/v2\/media?parent=6658"}],"curies":[{"name":"wp","href":"https:\/\/api.w.org\/{rel}","templated":true}]}}