{"id":6569,"date":"2024-04-01T11:52:02","date_gmt":"2024-04-01T11:52:02","guid":{"rendered":"https:\/\/mechtalks.com\/?page_id=6569"},"modified":"2024-04-01T11:57:58","modified_gmt":"2024-04-01T11:57:58","slug":"baris-dogru","status":"publish","type":"page","link":"https:\/\/mechtalks.com\/tr_tr\/baris-dogru\/","title":{"rendered":"Bar\u0131\u015f Dogru"},"content":{"rendered":"<p><div class=\"fusion-fullwidth fullwidth-box fusion-builder-row-1 fusion-flex-container has-pattern-background has-mask-background nonhundred-percent-fullwidth non-hundred-percent-height-scrolling\" style=\"--awb-border-radius-top-left:0px;--awb-border-radius-top-right:0px;--awb-border-radius-bottom-right:0px;--awb-border-radius-bottom-left:0px;--awb-padding-top:100px;--awb-padding-bottom:0px;--awb-margin-bottom:0px;--awb-background-color:#252f48;--awb-flex-wrap:wrap;\" ><div class=\"fusion-builder-row fusion-row fusion-flex-align-items-stretch fusion-flex-justify-content-center fusion-flex-content-wrap\" style=\"max-width:calc( 1170px + 10px );margin-left: calc(-10px \/ 2 );margin-right: calc(-10px \/ 2 );\"><div class=\"fusion-layout-column fusion_builder_column fusion-builder-column-0 fusion_builder_column_1_1 1_1 fusion-flex-column fusion-flex-align-self-flex-end fusion-animated\" style=\"--awb-bg-size:cover;--awb-width-large:100%;--awb-margin-top-large:0px;--awb-spacing-right-large:5px;--awb-margin-bottom-large:20px;--awb-spacing-left-large:5px;--awb-width-medium:100%;--awb-order-medium:0;--awb-spacing-right-medium:5px;--awb-spacing-left-medium:5px;--awb-width-small:100%;--awb-order-small:0;--awb-spacing-right-small:5px;--awb-spacing-left-small:5px;\" data-animationType=\"fadeInUp\" data-animationDuration=\"1.0\" data-animationOffset=\"top-into-view\"><div class=\"fusion-column-wrapper fusion-column-has-shadow fusion-flex-justify-content-flex-end fusion-content-layout-column\"><div class=\"fusion-title title fusion-title-1 fusion-sep-none fusion-title-text fusion-title-size-one\" style=\"--awb-text-color:#ffffff;--awb-margin-bottom:30px;--awb-font-size:67px;\"><h1 class=\"fusion-title-heading title-heading-left fusion-responsive-typography-calculated\" style=\"font-family:&quot;Outfit&quot;;font-style:normal;font-weight:600;margin:0;font-size:1em;letter-spacing:var(--awb-typography1-letter-spacing);text-transform:var(--awb-typography1-text-transform);--fontSize:67;line-height:1;\"><h2 style=\"text-align: center;\"><span style=\"color: #ffffff;\">KONU\u015eMACILAR<\/span><\/h2><\/h1><\/div><\/div><\/div><\/div><\/div><div class=\"fusion-fullwidth fullwidth-box fusion-builder-row-2 fusion-flex-container has-pattern-background has-mask-background nonhundred-percent-fullwidth non-hundred-percent-height-scrolling\" style=\"--awb-border-radius-top-left:0px;--awb-border-radius-top-right:0px;--awb-border-radius-bottom-right:0px;--awb-border-radius-bottom-left:0px;--awb-padding-top:2%;--awb-flex-wrap:wrap;\" ><div class=\"fusion-builder-row fusion-row fusion-flex-align-items-center fusion-flex-justify-content-center fusion-flex-content-wrap\" style=\"max-width:1216.8px;margin-left: calc(-4% \/ 2 );margin-right: calc(-4% \/ 2 );\"><div class=\"fusion-layout-column fusion_builder_column fusion-builder-column-1 fusion-flex-column fusion-flex-align-self-flex-start\" style=\"--awb-bg-size:cover;--awb-width-large:20%;--awb-margin-top-large:0px;--awb-spacing-right-large:9.6%;--awb-margin-bottom-large:20px;--awb-spacing-left-large:9.6%;--awb-width-medium:100%;--awb-order-medium:0;--awb-spacing-right-medium:1.92%;--awb-spacing-left-medium:1.92%;--awb-width-small:100%;--awb-order-small:0;--awb-spacing-right-small:1.92%;--awb-spacing-left-small:1.92%;\"><div class=\"fusion-column-wrapper fusion-column-has-shadow fusion-flex-justify-content-flex-start fusion-content-layout-column\"><div class=\"fusion-image-element \" style=\"text-align:right;--awb-caption-title-font-family:var(--h2_typography-font-family);--awb-caption-title-font-weight:var(--h2_typography-font-weight);--awb-caption-title-font-style:var(--h2_typography-font-style);--awb-caption-title-size:var(--h2_typography-font-size);--awb-caption-title-transform:var(--h2_typography-text-transform);--awb-caption-title-line-height:var(--h2_typography-line-height);--awb-caption-title-letter-spacing:var(--h2_typography-letter-spacing);\"><span class=\" fusion-imageframe imageframe-none imageframe-1 hover-type-none\"><img decoding=\"async\" width=\"250\" height=\"400\" src=\"https:\/\/mechtalks.com\/wp-content\/uploads\/2024\/04\/barisdogru.jpg\" data-orig-src=\"https:\/\/mechtalks.com\/wp-content\/uploads\/2024\/04\/barisdogru.jpg\" alt class=\"lazyload img-responsive wp-image-6570\" srcset=\"data:image\/svg+xml,%3Csvg%20xmlns%3D%27http%3A%2F%2Fwww.w3.org%2F2000%2Fsvg%27%20width%3D%27250%27%20height%3D%27400%27%20viewBox%3D%270%200%20250%20400%27%3E%3Crect%20width%3D%27250%27%20height%3D%27400%27%20fill-opacity%3D%220%22%2F%3E%3C%2Fsvg%3E\" data-srcset=\"https:\/\/mechtalks.com\/wp-content\/uploads\/2024\/04\/barisdogru-200x320.jpg 200w, https:\/\/mechtalks.com\/wp-content\/uploads\/2024\/04\/barisdogru.jpg 250w\" data-sizes=\"auto\" data-orig-sizes=\"(max-width: 1024px) 100vw, (max-width: 640px) 100vw, 250px\" \/><\/span><\/div><\/div><\/div><div class=\"fusion-layout-column fusion_builder_column fusion-builder-column-2 fusion-flex-column\" style=\"--awb-bg-size:cover;--awb-width-large:60%;--awb-margin-top-large:0px;--awb-spacing-right-large:3.2%;--awb-margin-bottom-large:20px;--awb-spacing-left-large:3.2%;--awb-width-medium:100%;--awb-order-medium:0;--awb-spacing-right-medium:1.92%;--awb-spacing-left-medium:1.92%;--awb-width-small:100%;--awb-order-small:0;--awb-spacing-right-small:1.92%;--awb-spacing-left-small:1.92%;\"><div class=\"fusion-column-wrapper fusion-column-has-shadow fusion-flex-justify-content-flex-start fusion-content-layout-column\"><div class=\"fusion-text fusion-text-1\"><p><strong>Dr. Bar\u0131\u015f DO\u011eRU<\/strong><\/p>\n<p><strong>ekoIQ<\/strong><\/p>\n<p><strong>Ekologos<\/strong><\/p>\n<p>Bornova Anadolu Lisesi Almanca B\u00f6l\u00fcm\u00fc&#8217;nden mezun olduktan sonra Bo\u011fazi\u00e7i \u00dcniversitesi Sosyoloji b\u00f6l\u00fcm\u00fcn\u00fc 1995 y\u0131l\u0131nda bitirdi. Mimar Sinan \u00dcniversitesi Sosyoloji ve Genel Metodoloji alan\u0131nda y\u00fcksek lisans yapt\u0131. Marmara \u00dcniversitesi Halkla \u0130li\u015fkiler b\u00f6l\u00fcm\u00fcnde S\u00fcrd\u00fcr\u00fclebilirlik \u0130leti\u015fimi \u00fczerine doktora \u00e7al\u0131\u015fmas\u0131n\u0131 2023 y\u0131l\u0131nda tamamlad\u0131.<\/p>\n<p>1995 y\u0131l\u0131nda profesyonel i\u015f ya\u015fam\u0131na THY\u2019nin yay\u0131n organ\u0131 SKYLIFE\u2019ta ba\u015flad\u0131. Farkl\u0131 ajans ve kurumlarda edit\u00f6rl\u00fck ve yay\u0131n y\u00f6netmenli\u011fi yapt\u0131. 50\u2019nin \u00fczerinde farkl\u0131 sekt\u00f6r ve alandan derginin yay\u0131nc\u0131l\u0131\u011f\u0131n\u0131 \u00fcstlendi. 2000 y\u0131l\u0131nda T\u00fcrkiye\u2019nin ilk trekking belgeseli Likya Yolu\u2019nun y\u00f6netmenli\u011fini yapt\u0131. Likya Yolu rehber kitab\u0131, Okuyanus Yay\u0131nevi\u2019nden yay\u0131nlad\u0131. Umudu Ye\u015fertenler &#8211; Ekoloji S\u00f6yle\u015fileri kitab\u0131 EKOIQ Kitapl\u0131\u011f\u0131nca bas\u0131lan Bar\u0131\u015f Do\u011fru\u2019nun \u00e7ocuk geli\u015fimi ve siyaset tarihi \u00fczerine d\u00f6rt \u00e7eviri \u00e7al\u0131\u015fmas\u0131 da bulunuyor. S\u00fcrd\u00fcr\u00fclebilir Kalk\u0131nma Derne\u011fi SKD ad\u0131na haz\u0131rlanan \u201c100 Maddede S\u00fcrd\u00fcr\u00fclebilirlik Rehberi\u201dnin de yay\u0131n y\u00f6netmenli\u011fini yapt\u0131.<\/p>\n<p>S\u00fcrd\u00fcr\u00fclebilirlik ileti\u015fimi ve y\u00f6netimi alan\u0131nda faaliyet g\u00f6steren EKOLOGOS\u2019un kurucusu da olan Bar\u0131\u015f Do\u011fru, 13 y\u0131ld\u0131r, T\u00fcrkiye\u2019nin ilk s\u00fcrd\u00fcr\u00fclebilirlik odakl\u0131,<br \/>\nye\u015fil i\u015f ve ya\u015fam dergisi ekoIQ\u2019nun yay\u0131n y\u00f6netmenli\u011fine ve dan\u0131\u015fmanl\u0131k \u00e7al\u0131\u015fmalar\u0131n\u0131 s\u00fcrd\u00fcr\u00fcyor. Ayr\u0131ca 2018\u2019den beri, iklim politikas\u0131, iklim ekonomisi<br \/>\nve iklim bilimi odakl\u0131 iklimhaber.org isimli internet portal\u0131n\u0131n yay\u0131n y\u00f6netmenli\u011fini de yap\u0131yor. S\u00fcrd\u00fcr\u00fclebilirlik ve iklim de\u011fi\u015fikli\u011fi e\u011fitimleri vermeye bu alanda ileti\u015fim ara\u00e7 ve fikirleri geli\u015ftirmeye devam ediyor. <a href=\"https:\/\/mechtalks.com\/konusmacilar\/\">\u21d0 geri<\/a><\/p>\n<\/div><\/div><\/div><\/div><\/div><\/p>\n","protected":false},"excerpt":{"rendered":"","protected":false},"author":1,"featured_media":0,"parent":0,"menu_order":0,"comment_status":"closed","ping_status":"closed","template":"100-width.php","meta":{"footnotes":""},"class_list":["post-6569","page","type-page","status-publish","hentry"],"_links":{"self":[{"href":"https:\/\/mechtalks.com\/tr_tr\/wp-json\/wp\/v2\/pages\/6569","targetHints":{"allow":["GET"]}}],"collection":[{"href":"https:\/\/mechtalks.com\/tr_tr\/wp-json\/wp\/v2\/pages"}],"about":[{"href":"https:\/\/mechtalks.com\/tr_tr\/wp-json\/wp\/v2\/types\/page"}],"author":[{"embeddable":true,"href":"https:\/\/mechtalks.com\/tr_tr\/wp-json\/wp\/v2\/users\/1"}],"replies":[{"embeddable":true,"href":"https:\/\/mechtalks.com\/tr_tr\/wp-json\/wp\/v2\/comments?post=6569"}],"version-history":[{"count":2,"href":"https:\/\/mechtalks.com\/tr_tr\/wp-json\/wp\/v2\/pages\/6569\/revisions"}],"predecessor-version":[{"id":6573,"href":"https:\/\/mechtalks.com\/tr_tr\/wp-json\/wp\/v2\/pages\/6569\/revisions\/6573"}],"wp:attachment":[{"href":"https:\/\/mechtalks.com\/tr_tr\/wp-json\/wp\/v2\/media?parent=6569"}],"curies":[{"name":"wp","href":"https:\/\/api.w.org\/{rel}","templated":true}]}}