{"id":6541,"date":"2024-03-26T12:48:36","date_gmt":"2024-03-26T12:48:36","guid":{"rendered":"https:\/\/mechtalks.com\/?page_id=6541"},"modified":"2024-03-26T12:48:36","modified_gmt":"2024-03-26T12:48:36","slug":"prof-dr-sener-oktik","status":"publish","type":"page","link":"https:\/\/mechtalks.com\/tr_tr\/prof-dr-sener-oktik\/","title":{"rendered":"Prof. Dr. \u015eener OKT\u0130K"},"content":{"rendered":"<p><div class=\"fusion-fullwidth fullwidth-box fusion-builder-row-1 fusion-flex-container has-pattern-background has-mask-background nonhundred-percent-fullwidth non-hundred-percent-height-scrolling\" style=\"--awb-border-radius-top-left:0px;--awb-border-radius-top-right:0px;--awb-border-radius-bottom-right:0px;--awb-border-radius-bottom-left:0px;--awb-padding-top:100px;--awb-padding-bottom:0px;--awb-margin-bottom:0px;--awb-background-color:#252f48;--awb-flex-wrap:wrap;\" ><div class=\"fusion-builder-row fusion-row fusion-flex-align-items-stretch fusion-flex-justify-content-center fusion-flex-content-wrap\" style=\"max-width:calc( 1170px + 10px );margin-left: calc(-10px \/ 2 );margin-right: calc(-10px \/ 2 );\"><div class=\"fusion-layout-column fusion_builder_column fusion-builder-column-0 fusion_builder_column_1_1 1_1 fusion-flex-column fusion-flex-align-self-flex-end fusion-animated\" style=\"--awb-bg-size:cover;--awb-width-large:100%;--awb-margin-top-large:0px;--awb-spacing-right-large:5px;--awb-margin-bottom-large:20px;--awb-spacing-left-large:5px;--awb-width-medium:100%;--awb-order-medium:0;--awb-spacing-right-medium:5px;--awb-spacing-left-medium:5px;--awb-width-small:100%;--awb-order-small:0;--awb-spacing-right-small:5px;--awb-spacing-left-small:5px;\" data-animationType=\"fadeInUp\" data-animationDuration=\"1.0\" data-animationOffset=\"top-into-view\"><div class=\"fusion-column-wrapper fusion-column-has-shadow fusion-flex-justify-content-flex-end fusion-content-layout-column\"><div class=\"fusion-title title fusion-title-1 fusion-sep-none fusion-title-text fusion-title-size-one\" style=\"--awb-text-color:#ffffff;--awb-margin-bottom:30px;--awb-font-size:67px;\"><h1 class=\"fusion-title-heading title-heading-left fusion-responsive-typography-calculated\" style=\"font-family:&quot;Outfit&quot;;font-style:normal;font-weight:600;margin:0;font-size:1em;letter-spacing:var(--awb-typography1-letter-spacing);text-transform:var(--awb-typography1-text-transform);--fontSize:67;line-height:1;\"><h2 style=\"text-align: center;\"><span style=\"color: #ffffff;\">KONU\u015eMACILAR<\/span><\/h2><\/h1><\/div><\/div><\/div><\/div><\/div><div class=\"fusion-fullwidth fullwidth-box fusion-builder-row-2 fusion-flex-container has-pattern-background has-mask-background nonhundred-percent-fullwidth non-hundred-percent-height-scrolling\" style=\"--awb-border-radius-top-left:0px;--awb-border-radius-top-right:0px;--awb-border-radius-bottom-right:0px;--awb-border-radius-bottom-left:0px;--awb-padding-top:2%;--awb-flex-wrap:wrap;\" ><div class=\"fusion-builder-row fusion-row fusion-flex-align-items-center fusion-flex-justify-content-center fusion-flex-content-wrap\" style=\"max-width:1216.8px;margin-left: calc(-4% \/ 2 );margin-right: calc(-4% \/ 2 );\"><div class=\"fusion-layout-column fusion_builder_column fusion-builder-column-1 fusion-flex-column fusion-flex-align-self-flex-start\" style=\"--awb-bg-size:cover;--awb-width-large:20%;--awb-margin-top-large:0px;--awb-spacing-right-large:9.6%;--awb-margin-bottom-large:20px;--awb-spacing-left-large:9.6%;--awb-width-medium:100%;--awb-order-medium:0;--awb-spacing-right-medium:1.92%;--awb-spacing-left-medium:1.92%;--awb-width-small:100%;--awb-order-small:0;--awb-spacing-right-small:1.92%;--awb-spacing-left-small:1.92%;\"><div class=\"fusion-column-wrapper fusion-column-has-shadow fusion-flex-justify-content-flex-start fusion-content-layout-column\"><div class=\"fusion-image-element \" style=\"text-align:right;--awb-caption-title-font-family:var(--h2_typography-font-family);--awb-caption-title-font-weight:var(--h2_typography-font-weight);--awb-caption-title-font-style:var(--h2_typography-font-style);--awb-caption-title-size:var(--h2_typography-font-size);--awb-caption-title-transform:var(--h2_typography-text-transform);--awb-caption-title-line-height:var(--h2_typography-line-height);--awb-caption-title-letter-spacing:var(--h2_typography-letter-spacing);\"><span class=\" fusion-imageframe imageframe-none imageframe-1 hover-type-none\"><img decoding=\"async\" width=\"250\" height=\"400\" src=\"https:\/\/mechtalks.com\/wp-content\/uploads\/2024\/03\/Prof.-Dr.-Sener-OKTIK.jpg\" data-orig-src=\"https:\/\/mechtalks.com\/wp-content\/uploads\/2024\/03\/Prof.-Dr.-Sener-OKTIK.jpg\" alt class=\"lazyload img-responsive wp-image-6537\" srcset=\"data:image\/svg+xml,%3Csvg%20xmlns%3D%27http%3A%2F%2Fwww.w3.org%2F2000%2Fsvg%27%20width%3D%27250%27%20height%3D%27400%27%20viewBox%3D%270%200%20250%20400%27%3E%3Crect%20width%3D%27250%27%20height%3D%27400%27%20fill-opacity%3D%220%22%2F%3E%3C%2Fsvg%3E\" data-srcset=\"https:\/\/mechtalks.com\/wp-content\/uploads\/2024\/03\/Prof.-Dr.-Sener-OKTIK-200x320.jpg 200w, https:\/\/mechtalks.com\/wp-content\/uploads\/2024\/03\/Prof.-Dr.-Sener-OKTIK.jpg 250w\" data-sizes=\"auto\" data-orig-sizes=\"(max-width: 1024px) 100vw, (max-width: 640px) 100vw, 250px\" \/><\/span><\/div><\/div><\/div><div class=\"fusion-layout-column fusion_builder_column fusion-builder-column-2 fusion-flex-column\" style=\"--awb-bg-size:cover;--awb-width-large:60%;--awb-margin-top-large:0px;--awb-spacing-right-large:3.2%;--awb-margin-bottom-large:20px;--awb-spacing-left-large:3.2%;--awb-width-medium:100%;--awb-order-medium:0;--awb-spacing-right-medium:1.92%;--awb-spacing-left-medium:1.92%;--awb-width-small:100%;--awb-order-small:0;--awb-spacing-right-small:1.92%;--awb-spacing-left-small:1.92%;\"><div class=\"fusion-column-wrapper fusion-column-has-shadow fusion-flex-justify-content-flex-start fusion-content-layout-column\"><div class=\"fusion-text fusion-text-1\"><p><strong>Prof. Dr. \u015eener OKT\u0130K<\/strong><\/p>\n<p><strong>Maltepe \u00dcniversitesi \u00d6\u011fretim \u00dcyesi<\/strong><\/p>\n<p>Ankara \u00dcniversitesi\u2019nden 1976 y\u0131l\u0131nda \u201cFizik\u00e7i\u201d ve 1977 y\u0131l\u0131nda uygulamal\u0131 fizik alan\u0131nda \u201cFizik Y\u00fcksek M\u00fchendisi\u201d olarak mezun olmu\u015f, 1982 y\u0131l\u0131nda Durham \u00dcniversitesi (\u0130ngiltere), Uygulamal\u0131 Fizik ve Elektronik B\u00f6l\u00fcm\u00fc\u2019nden Doktora derecesini ve ard\u0131ndan 1986 y\u0131l\u0131nda uygulamal\u0131 kat\u0131 h\u00e2l fizi\u011fi alan\u0131nda Do\u00e7ent ve 1995 y\u0131l\u0131nda Profes\u00f6r unvanlar\u0131n\u0131 alm\u0131\u015ft\u0131r. Akademik kariyerinde \u00f6\u011fretim \u00fcyesi, ara\u015ft\u0131rmac\u0131, k\u0131demli uzman ara\u015ft\u0131rmac\u0131 ve y\u00f6netici, \u00fcst d\u00fczey y\u00f6netici olarak, yurt d\u0131\u015f\u0131 \u00fcniversitelerde \u00a0(\u0130ngiltere\u2019de Durham \u00dcniversitesi, \u0130talya\u2019da Lecce \u00dcniversitesi, Almanya\u2019da Stuttgart \u00dcniversitesi) ve yurt i\u00e7i \u00fcniversitelerde\u00a0 (Sel\u00e7uk \u00dcniversitesi, Mu\u011fla S\u0131tk\u0131 Ko\u00e7man \u00dcniversitesi, Kadir Has \u00dcniversitesi) g\u00f6revler yapm\u0131\u015ft\u0131r. Prof. Oktik, 2002- 2010 y\u0131llar\u0131 aras\u0131nda Mu\u011fla \u00dcniversitesi \u201c\u00fc\u00e7\u00fcnc\u00fc ve d\u00f6rd\u00fcnc\u00fc d\u00f6nem rekt\u00f6rl\u00fck\u201d g\u00f6revini y\u00fcr\u00fctm\u00fc\u015ft\u00fcr. End\u00fcstride, k\u0131demli uzman bilim insan\u0131, k\u0131demli uzman teknolog ve \u00fcst d\u00fczey y\u00f6netici olarak, uluslararas\u0131 (\u0130ngiltere\u2019de; BP Solar Sunbury, Imperial Chemical Industries PLC Paints Division Slough, Industrial Research Labs of Durham University, Almanya\u2019da; Center for Solar Energy and Hydrogen Research BadenW\u00fcrttemberg (ZSW)) ve ulusal (Anel Grup, Ar\u0131kanl\u0131 Holding ve \u015ei\u015fecam) ara\u015ft\u0131rma ve teknolojik geli\u015ftirme laboratuvarlar\u0131nda g\u00f6revler \u00fcstlenmi\u015ftir.<\/p>\n<p>Prof. Oktik kariyeri s\u00fcrecinde \u00e7ok say\u0131da mesleki ve sivil toplum kurulu\u015funda g\u00f6rev alm\u0131\u015ft\u0131r, s\u00fcrd\u00fcrmekte oldu\u011fu uluslararas\u0131 \u00fcyelikler ve g\u00f6revler; International Commission on Glass (ICG), International Conference on Coatings on Glass and Plastics (ICCG), Society of Vacuum Coaters (SVC), \u201cThe Center for Functional and Surface Functionalized Glass (FunGlass) \u201cDan\u0131\u015fma Kurulu \u00dcyeli\u011fi\u201d, \u201cEuropean Photovoltaic Solar Energy Conference EU-PVSEC\u201d da Bilim Kurulu \u00dcyeli\u011fi, the European Physical Society (EPS) T\u00fcrkiye temsilcili\u011fi, ulusal \u00fcyelikler ve g\u00f6revler G\u00fcne\u015f Enerjisi Sanayicileri ve End\u00fcstrisi Derne\u011fi Onursal Ba\u015fkanl\u0131\u011f\u0131, T\u00fcrkiye Temiz Enerji Vakf\u0131 Y\u00f6netim Kurulu \u00dcyeli\u011fi, S\u0131tk\u0131 Ko\u00e7man Vakf\u0131 ve T\u00fcrkiye Temel Bilimler Ara\u015ft\u0131rma Vakf\u0131 M\u00fctevelli Heyeti \u00dcyeli\u011fi, Bilim, Teknoloji ve Yenilik Politikalar\u0131 Kurulu (BTYPK) Dan\u0131\u015fma Kurulu \u00dcyeli\u011fi, T\u00fcrk Fizik Derne\u011fi Dan\u0131\u015fma Kurulu Ba\u015fkanl\u0131\u011f\u0131, \u015ei\u015fecam Y\u00f6netim Kurulu \u00dcyeli\u011fi \u0130\u015f Enerji Dan\u0131\u015fma Kurulu \u00dcyeli\u011fi Birle\u015fim Yel-\u015fil Enerji Y\u00f6netim Kurulu \u00dcyelikleridir. \u00a0Alan\u0131nda say\u0131lar\u0131 y\u00fcz\u00fc a\u015fan ulusal ve uluslararas\u0131 makalenin ve iki d\u00fcnya patentinin yazar\u0131\/ortak yazar\u0131 olan Prof. Oktik, halen Maltepe \u00dcniversitesi \u00d6\u011fretim \u00dcyesi olarak g\u00f6rev yapmaktad\u0131r.\u00a0\u00a0 <a href=\"https:\/\/mechtalks.com\/konusmacilar\/\">\u21d0 geri<\/a><\/p>\n<\/div><\/div><\/div><\/div><\/div><\/p>\n","protected":false},"excerpt":{"rendered":"","protected":false},"author":1,"featured_media":0,"parent":0,"menu_order":0,"comment_status":"closed","ping_status":"closed","template":"100-width.php","meta":{"footnotes":""},"class_list":["post-6541","page","type-page","status-publish","hentry"],"_links":{"self":[{"href":"https:\/\/mechtalks.com\/tr_tr\/wp-json\/wp\/v2\/pages\/6541","targetHints":{"allow":["GET"]}}],"collection":[{"href":"https:\/\/mechtalks.com\/tr_tr\/wp-json\/wp\/v2\/pages"}],"about":[{"href":"https:\/\/mechtalks.com\/tr_tr\/wp-json\/wp\/v2\/types\/page"}],"author":[{"embeddable":true,"href":"https:\/\/mechtalks.com\/tr_tr\/wp-json\/wp\/v2\/users\/1"}],"replies":[{"embeddable":true,"href":"https:\/\/mechtalks.com\/tr_tr\/wp-json\/wp\/v2\/comments?post=6541"}],"version-history":[{"count":1,"href":"https:\/\/mechtalks.com\/tr_tr\/wp-json\/wp\/v2\/pages\/6541\/revisions"}],"predecessor-version":[{"id":6542,"href":"https:\/\/mechtalks.com\/tr_tr\/wp-json\/wp\/v2\/pages\/6541\/revisions\/6542"}],"wp:attachment":[{"href":"https:\/\/mechtalks.com\/tr_tr\/wp-json\/wp\/v2\/media?parent=6541"}],"curies":[{"name":"wp","href":"https:\/\/api.w.org\/{rel}","templated":true}]}}