{"id":6526,"date":"2024-03-26T12:32:58","date_gmt":"2024-03-26T12:32:58","guid":{"rendered":"https:\/\/mechtalks.com\/?page_id=6526"},"modified":"2024-03-26T12:32:58","modified_gmt":"2024-03-26T12:32:58","slug":"meral-mungan","status":"publish","type":"page","link":"https:\/\/mechtalks.com\/tr_tr\/meral-mungan\/","title":{"rendered":"Meral Mungan"},"content":{"rendered":"<p><div class=\"fusion-fullwidth fullwidth-box fusion-builder-row-1 fusion-flex-container has-pattern-background has-mask-background nonhundred-percent-fullwidth non-hundred-percent-height-scrolling\" style=\"--awb-border-radius-top-left:0px;--awb-border-radius-top-right:0px;--awb-border-radius-bottom-right:0px;--awb-border-radius-bottom-left:0px;--awb-padding-top:100px;--awb-padding-bottom:0px;--awb-margin-bottom:0px;--awb-background-color:#252f48;--awb-flex-wrap:wrap;\" ><div class=\"fusion-builder-row fusion-row fusion-flex-align-items-stretch fusion-flex-justify-content-center fusion-flex-content-wrap\" style=\"max-width:calc( 1170px + 10px );margin-left: calc(-10px \/ 2 );margin-right: calc(-10px \/ 2 );\"><div class=\"fusion-layout-column fusion_builder_column fusion-builder-column-0 fusion_builder_column_1_1 1_1 fusion-flex-column fusion-flex-align-self-flex-end fusion-animated\" style=\"--awb-bg-size:cover;--awb-width-large:100%;--awb-margin-top-large:0px;--awb-spacing-right-large:5px;--awb-margin-bottom-large:20px;--awb-spacing-left-large:5px;--awb-width-medium:100%;--awb-order-medium:0;--awb-spacing-right-medium:5px;--awb-spacing-left-medium:5px;--awb-width-small:100%;--awb-order-small:0;--awb-spacing-right-small:5px;--awb-spacing-left-small:5px;\" data-animationType=\"fadeInUp\" data-animationDuration=\"1.0\" data-animationOffset=\"top-into-view\"><div class=\"fusion-column-wrapper fusion-column-has-shadow fusion-flex-justify-content-flex-end fusion-content-layout-column\"><div class=\"fusion-title title fusion-title-1 fusion-sep-none fusion-title-text fusion-title-size-one\" style=\"--awb-text-color:#ffffff;--awb-margin-bottom:30px;--awb-font-size:67px;\"><h1 class=\"fusion-title-heading title-heading-left fusion-responsive-typography-calculated\" style=\"font-family:&quot;Outfit&quot;;font-style:normal;font-weight:600;margin:0;font-size:1em;letter-spacing:var(--awb-typography1-letter-spacing);text-transform:var(--awb-typography1-text-transform);--fontSize:67;line-height:1;\"><h2 style=\"text-align: center;\"><span style=\"color: #ffffff;\">KONU\u015eMACILAR<\/span><\/h2><\/h1><\/div><\/div><\/div><\/div><\/div><div class=\"fusion-fullwidth fullwidth-box fusion-builder-row-2 fusion-flex-container has-pattern-background has-mask-background nonhundred-percent-fullwidth non-hundred-percent-height-scrolling\" style=\"--awb-border-radius-top-left:0px;--awb-border-radius-top-right:0px;--awb-border-radius-bottom-right:0px;--awb-border-radius-bottom-left:0px;--awb-padding-top:2%;--awb-flex-wrap:wrap;\" ><div class=\"fusion-builder-row fusion-row fusion-flex-align-items-center fusion-flex-justify-content-center fusion-flex-content-wrap\" style=\"max-width:1216.8px;margin-left: calc(-4% \/ 2 );margin-right: calc(-4% \/ 2 );\"><div class=\"fusion-layout-column fusion_builder_column fusion-builder-column-1 fusion-flex-column fusion-flex-align-self-flex-start\" style=\"--awb-bg-size:cover;--awb-width-large:20%;--awb-margin-top-large:0px;--awb-spacing-right-large:9.6%;--awb-margin-bottom-large:20px;--awb-spacing-left-large:9.6%;--awb-width-medium:100%;--awb-order-medium:0;--awb-spacing-right-medium:1.92%;--awb-spacing-left-medium:1.92%;--awb-width-small:100%;--awb-order-small:0;--awb-spacing-right-small:1.92%;--awb-spacing-left-small:1.92%;\"><div class=\"fusion-column-wrapper fusion-column-has-shadow fusion-flex-justify-content-flex-start fusion-content-layout-column\"><div class=\"fusion-image-element \" style=\"text-align:right;--awb-caption-title-font-family:var(--h2_typography-font-family);--awb-caption-title-font-weight:var(--h2_typography-font-weight);--awb-caption-title-font-style:var(--h2_typography-font-style);--awb-caption-title-size:var(--h2_typography-font-size);--awb-caption-title-transform:var(--h2_typography-text-transform);--awb-caption-title-line-height:var(--h2_typography-line-height);--awb-caption-title-letter-spacing:var(--h2_typography-letter-spacing);\"><span class=\" fusion-imageframe imageframe-none imageframe-1 hover-type-none\"><img decoding=\"async\" width=\"250\" height=\"400\" src=\"https:\/\/mechtalks.com\/wp-content\/uploads\/2024\/03\/meral3.jpg\" data-orig-src=\"https:\/\/mechtalks.com\/wp-content\/uploads\/2024\/03\/meral3.jpg\" alt class=\"lazyload img-responsive wp-image-6529\" srcset=\"data:image\/svg+xml,%3Csvg%20xmlns%3D%27http%3A%2F%2Fwww.w3.org%2F2000%2Fsvg%27%20width%3D%27250%27%20height%3D%27400%27%20viewBox%3D%270%200%20250%20400%27%3E%3Crect%20width%3D%27250%27%20height%3D%27400%27%20fill-opacity%3D%220%22%2F%3E%3C%2Fsvg%3E\" data-srcset=\"https:\/\/mechtalks.com\/wp-content\/uploads\/2024\/03\/meral3-200x320.jpg 200w, https:\/\/mechtalks.com\/wp-content\/uploads\/2024\/03\/meral3.jpg 250w\" data-sizes=\"auto\" data-orig-sizes=\"(max-width: 1024px) 100vw, (max-width: 640px) 100vw, 250px\" \/><\/span><\/div><\/div><\/div><div class=\"fusion-layout-column fusion_builder_column fusion-builder-column-2 fusion-flex-column\" style=\"--awb-bg-size:cover;--awb-width-large:60%;--awb-margin-top-large:0px;--awb-spacing-right-large:3.2%;--awb-margin-bottom-large:20px;--awb-spacing-left-large:3.2%;--awb-width-medium:100%;--awb-order-medium:0;--awb-spacing-right-medium:1.92%;--awb-spacing-left-medium:1.92%;--awb-width-small:100%;--awb-order-small:0;--awb-spacing-right-small:1.92%;--awb-spacing-left-small:1.92%;\"><div class=\"fusion-column-wrapper fusion-column-has-shadow fusion-flex-justify-content-flex-start fusion-content-layout-column\"><div class=\"fusion-text fusion-text-1\"><p><strong>Meral MUNGAN<\/strong><\/p>\n<p><strong>UNDP Tu<\/strong><strong>\u0308rkiye<\/strong><\/p>\n<p>2006 y\u0131l\u0131nda ODT\u00dc \u00c7evre M\u00fchendisli\u011fi\u2019nden mezun oldu. Y\u00fcksek Lisans\u0131 i\u00e7in Lund \u00dcniversitesi \u00c7evre Y\u00f6netimi ve Politikalar\u0131 ve ODT\u00dc \u00c7evre M\u00fchendisli\u011fi Kimyasal Risk Y\u00f6netimi y\u00fcksek lisans programlar\u0131na kat\u0131lan Mungan Arda, 2007 y\u0131l\u0131nda kat\u0131ld\u0131\u011f\u0131 UNDP T\u00fcrkiye\u2019de pek \u00e7ok \u00e7evre projesinde yer ald\u0131.<\/p>\n<p>2011-2015 y\u0131llar\u0131 aras\u0131nda Hazine M\u00fcste\u015farl\u0131\u011f\u0131 Merkezi Finans ve \u0130hale Birimi\u2019nde S\u00f6zle\u015fme Y\u00f6neticisi olarak \u00e7al\u0131\u015ft\u0131ktan sonra, UNDP T\u00fcrkiye\u2019ye yeniden kat\u0131larak, \u00f6nce sat\u0131n alma biriminde, ard\u0131ndan proje koordinat\u00f6r\u00fc olarak g\u00f6rev ald\u0131\u011f\u0131 Kimyasallar\u00a0ve At\u0131k Projeleri alan\u0131nda g\u00f6rev ald\u0131.\u00a02023 y\u0131l\u0131nda<br \/>\nUNDP \u00c7evre ve \u0130klim De\u011fi\u015fikli\u011fi Portf\u00f6y Y\u00f6neticisi oldu\u011fu ve hala s\u00fcrd\u00fcrd\u00fc\u011f\u00fc g\u00f6revinde s\u00fcrd\u00fcr\u00fclebilir so\u011futma, kimyasal y\u00f6netimi, kirlenmi\u015f sahalar, do\u011fa koruma, yenilenebilir enerji, at\u0131k y\u00f6netimi ve s\u0131f\u0131r at\u0131k gibi pek \u00e7ok farkl\u0131 alanda \u00e7al\u0131\u015fmalar\u0131na devam etmektedir. \u00a0<a href=\"https:\/\/mechtalks.com\/konusmacilar\/\">\u21d0 geri<\/a><\/p>\n<\/div><\/div><\/div><\/div><\/div><\/p>\n","protected":false},"excerpt":{"rendered":"","protected":false},"author":1,"featured_media":0,"parent":0,"menu_order":0,"comment_status":"closed","ping_status":"closed","template":"100-width.php","meta":{"footnotes":""},"class_list":["post-6526","page","type-page","status-publish","hentry"],"_links":{"self":[{"href":"https:\/\/mechtalks.com\/tr_tr\/wp-json\/wp\/v2\/pages\/6526","targetHints":{"allow":["GET"]}}],"collection":[{"href":"https:\/\/mechtalks.com\/tr_tr\/wp-json\/wp\/v2\/pages"}],"about":[{"href":"https:\/\/mechtalks.com\/tr_tr\/wp-json\/wp\/v2\/types\/page"}],"author":[{"embeddable":true,"href":"https:\/\/mechtalks.com\/tr_tr\/wp-json\/wp\/v2\/users\/1"}],"replies":[{"embeddable":true,"href":"https:\/\/mechtalks.com\/tr_tr\/wp-json\/wp\/v2\/comments?post=6526"}],"version-history":[{"count":1,"href":"https:\/\/mechtalks.com\/tr_tr\/wp-json\/wp\/v2\/pages\/6526\/revisions"}],"predecessor-version":[{"id":6530,"href":"https:\/\/mechtalks.com\/tr_tr\/wp-json\/wp\/v2\/pages\/6526\/revisions\/6530"}],"wp:attachment":[{"href":"https:\/\/mechtalks.com\/tr_tr\/wp-json\/wp\/v2\/media?parent=6526"}],"curies":[{"name":"wp","href":"https:\/\/api.w.org\/{rel}","templated":true}]}}