{"id":6351,"date":"2023-12-05T08:27:31","date_gmt":"2023-12-05T08:27:31","guid":{"rendered":"https:\/\/mechtalks.com\/?page_id=6351"},"modified":"2023-12-07T07:23:54","modified_gmt":"2023-12-07T07:23:54","slug":"form","status":"publish","type":"page","link":"https:\/\/mechtalks.com\/tr_tr\/form\/","title":{"rendered":"Form"},"content":{"rendered":"<p><div class=\"fusion-fullwidth fullwidth-box fusion-builder-row-1 fusion-flex-container has-pattern-background has-mask-background nonhundred-percent-fullwidth non-hundred-percent-height-scrolling\" style=\"--awb-border-radius-top-left:0px;--awb-border-radius-top-right:0px;--awb-border-radius-bottom-right:0px;--awb-border-radius-bottom-left:0px;--awb-padding-top:100px;--awb-padding-bottom:0px;--awb-margin-bottom:0px;--awb-background-color:#252f48;--awb-flex-wrap:wrap;\" ><div class=\"fusion-builder-row fusion-row fusion-flex-align-items-stretch fusion-flex-justify-content-center fusion-flex-content-wrap\" style=\"max-width:calc( 1170px + 10px );margin-left: calc(-10px \/ 2 );margin-right: calc(-10px \/ 2 );\"><div class=\"fusion-layout-column fusion_builder_column fusion-builder-column-0 fusion_builder_column_1_1 1_1 fusion-flex-column fusion-flex-align-self-flex-end fusion-animated\" style=\"--awb-bg-size:cover;--awb-width-large:100%;--awb-margin-top-large:0px;--awb-spacing-right-large:5px;--awb-margin-bottom-large:20px;--awb-spacing-left-large:5px;--awb-width-medium:100%;--awb-order-medium:0;--awb-spacing-right-medium:5px;--awb-spacing-left-medium:5px;--awb-width-small:100%;--awb-order-small:0;--awb-spacing-right-small:5px;--awb-spacing-left-small:5px;\" data-animationType=\"fadeInUp\" data-animationDuration=\"1.0\" data-animationOffset=\"top-into-view\"><div class=\"fusion-column-wrapper fusion-column-has-shadow fusion-flex-justify-content-flex-end fusion-content-layout-column\"><div class=\"fusion-title title fusion-title-1 fusion-sep-none fusion-title-text fusion-title-size-one\" style=\"--awb-text-color:#ffffff;--awb-margin-bottom:30px;--awb-font-size:67px;\"><h1 class=\"fusion-title-heading title-heading-left fusion-responsive-typography-calculated\" style=\"font-family:&quot;Outfit&quot;;font-style:normal;font-weight:600;margin:0;font-size:1em;letter-spacing:var(--awb-typography1-letter-spacing);text-transform:var(--awb-typography1-text-transform);--fontSize:67;line-height:1;\"><h2 style=\"text-align: center;\"><span style=\"color: #ffffff;\">\u00d6N KAYIT FORMU<\/span><\/h2><\/h1><\/div><\/div><\/div><\/div><\/div><div class=\"fusion-fullwidth fullwidth-box fusion-builder-row-2 fusion-flex-container has-pattern-background has-mask-background nonhundred-percent-fullwidth non-hundred-percent-height-scrolling\" style=\"--awb-border-radius-top-left:0px;--awb-border-radius-top-right:0px;--awb-border-radius-bottom-right:0px;--awb-border-radius-bottom-left:0px;--awb-padding-top:30px;--awb-flex-wrap:wrap;\" ><div class=\"fusion-builder-row fusion-row fusion-flex-align-items-center fusion-flex-justify-content-center fusion-flex-content-wrap\" style=\"max-width:1216.8px;margin-left: calc(-4% \/ 2 );margin-right: calc(-4% \/ 2 );\"><div class=\"fusion-layout-column fusion_builder_column fusion-builder-column-1 fusion-flex-column fusion-flex-align-self-center\" style=\"--awb-bg-size:cover;--awb-width-large:80%;--awb-margin-top-large:0px;--awb-spacing-right-large:2.4%;--awb-margin-bottom-large:20px;--awb-spacing-left-large:2.4%;--awb-width-medium:100%;--awb-order-medium:0;--awb-spacing-right-medium:1.92%;--awb-spacing-left-medium:1.92%;--awb-width-small:100%;--awb-order-small:0;--awb-spacing-right-small:1.92%;--awb-spacing-left-small:1.92%;\"><div class=\"fusion-column-wrapper fusion-column-has-shadow fusion-flex-justify-content-center fusion-content-layout-column\"><div class=\"wpforms-container wpforms-container-full\" id=\"wpforms-5297\"><form id=\"wpforms-form-5297\" class=\"wpforms-validate wpforms-form wpforms-ajax-form\" data-formid=\"5297\" method=\"post\" enctype=\"multipart\/form-data\" action=\"\/tr_tr\/wp-json\/wp\/v2\/pages\/6351\" data-token=\"1ab9896375c7b6f7f3fb88d1e9bddf5f\" data-token-time=\"1776865383\"><noscript class=\"wpforms-error-noscript\">Bu formu bitirebilmek i\u00e7in taray\u0131c\u0131n\u0131zda JavaScript&#039;i etkinle\u015ftirin.<\/noscript><div class=\"wpforms-field-container\"><div id=\"wpforms-5297-field_1-container\" class=\"wpforms-field wpforms-field-text\" data-field-id=\"1\"><label class=\"wpforms-field-label\" for=\"wpforms-5297-field_1\">\u0130sim\/Soyisim <span class=\"wpforms-required-label\">*<\/span><\/label><input type=\"text\" id=\"wpforms-5297-field_1\" class=\"wpforms-field-medium wpforms-field-required\" name=\"wpforms[fields][1]\" required><\/div><div id=\"wpforms-5297-field_2-container\" class=\"wpforms-field wpforms-field-text\" data-field-id=\"2\"><label class=\"wpforms-field-label\" for=\"wpforms-5297-field_2\">Firma \/ Kurum <span class=\"wpforms-required-label\">*<\/span><\/label><input type=\"text\" id=\"wpforms-5297-field_2\" class=\"wpforms-field-medium wpforms-field-required\" name=\"wpforms[fields][2]\" required><div class=\"wpforms-field-description\">Emekli iseniz son \u00e7al\u0131\u015ft\u0131\u011f\u0131n\u0131z kurumun ad\u0131n\u0131 yaz\u0131n\u0131z<\/div><\/div><div id=\"wpforms-5297-field_10-container\" class=\"wpforms-field wpforms-field-text\" data-field-id=\"10\"><label class=\"wpforms-field-label\" for=\"wpforms-5297-field_10\">Pozisyon \/ Title <span class=\"wpforms-required-label\">*<\/span><\/label><input type=\"text\" id=\"wpforms-5297-field_10\" class=\"wpforms-field-medium wpforms-field-required\" name=\"wpforms[fields][10]\" required><div class=\"wpforms-field-description\">Emekli iseniz son \u00e7al\u0131\u015ft\u0131\u011f\u0131n\u0131z kurumdaki pozisyonunuzu yaz\u0131n\u0131z<\/div><\/div><div id=\"wpforms-5297-field_3-container\" class=\"wpforms-field wpforms-field-text\" data-field-id=\"3\"><label class=\"wpforms-field-label\" for=\"wpforms-5297-field_3\"> Telefon <span class=\"wpforms-required-label\">*<\/span><\/label><input type=\"text\" id=\"wpforms-5297-field_3\" class=\"wpforms-field-medium wpforms-field-required\" name=\"wpforms[fields][3]\" required><\/div><div id=\"wpforms-5297-field_5-container\" class=\"wpforms-field wpforms-field-text\" data-field-id=\"5\"><label class=\"wpforms-field-label\" for=\"wpforms-5297-field_5\">E-Mail <span class=\"wpforms-required-label\">*<\/span><\/label><input type=\"text\" id=\"wpforms-5297-field_5\" class=\"wpforms-field-medium wpforms-field-required\" name=\"wpforms[fields][5]\" required><\/div><div id=\"wpforms-5297-field_6-container\" class=\"wpforms-field wpforms-field-radio wpforms-list-2-columns\" data-field-id=\"6\"><label class=\"wpforms-field-label\">Kat\u0131l\u0131m \u015eekli <span class=\"wpforms-required-label\">*<\/span><\/label><ul id=\"wpforms-5297-field_6\" class=\"wpforms-field-required\"><li class=\"choice-1 depth-1\"><input type=\"radio\" id=\"wpforms-5297-field_6_1\" name=\"wpforms[fields][6]\" value=\"Akademisyen\" required ><label class=\"wpforms-field-label-inline\" for=\"wpforms-5297-field_6_1\">Akademisyen<\/label><\/li><li class=\"choice-2 depth-1\"><input type=\"radio\" id=\"wpforms-5297-field_6_2\" name=\"wpforms[fields][6]\" value=\"Kamu personeli\" required ><label class=\"wpforms-field-label-inline\" for=\"wpforms-5297-field_6_2\">Kamu personeli<\/label><\/li><li class=\"choice-3 depth-1\"><input type=\"radio\" id=\"wpforms-5297-field_6_3\" name=\"wpforms[fields][6]\" value=\"\u00d6zel sekt\u00f6r\" required ><label class=\"wpforms-field-label-inline\" for=\"wpforms-5297-field_6_3\">\u00d6zel sekt\u00f6r<\/label><\/li><li class=\"choice-5 depth-1\"><input type=\"radio\" id=\"wpforms-5297-field_6_5\" name=\"wpforms[fields][6]\" value=\"Bas\u0131n\" required ><label class=\"wpforms-field-label-inline\" for=\"wpforms-5297-field_6_5\">Bas\u0131n<\/label><\/li><li class=\"choice-4 depth-1\"><input type=\"radio\" id=\"wpforms-5297-field_6_4\" name=\"wpforms[fields][6]\" value=\"K\u00e2r amac\u0131 g\u00fctmeyen dernek, vak\u0131f,vs.\" required ><label class=\"wpforms-field-label-inline\" for=\"wpforms-5297-field_6_4\">K\u00e2r amac\u0131 g\u00fctmeyen dernek, vak\u0131f,vs.<\/label><\/li><li class=\"choice-6 depth-1\"><input type=\"radio\" id=\"wpforms-5297-field_6_6\" name=\"wpforms[fields][6]\" value=\"\u00d6\u011frenci\" required ><label class=\"wpforms-field-label-inline\" for=\"wpforms-5297-field_6_6\">\u00d6\u011frenci<\/label><\/li><\/ul><\/div><div id=\"wpforms-5297-field_7-container\" class=\"wpforms-field wpforms-field-checkbox wpforms-list-2-columns\" data-field-id=\"7\"><label class=\"wpforms-field-label\">\u0130lgi Alan\u0131 <span class=\"wpforms-required-label\">*<\/span><\/label><ul id=\"wpforms-5297-field_7\" class=\"wpforms-field-required\"><li class=\"choice-1 depth-1\"><input type=\"checkbox\" id=\"wpforms-5297-field_7_1\" name=\"wpforms[fields][7][]\" value=\"Binalarda S\u00fcrd\u00fcr\u00fclebilir Enerji Kullan\u0131m\u0131 ve Enerji Verimlili\u011fi\" required ><label class=\"wpforms-field-label-inline\" for=\"wpforms-5297-field_7_1\">Binalarda S\u00fcrd\u00fcr\u00fclebilir Enerji Kullan\u0131m\u0131 ve Enerji Verimlili\u011fi<\/label><\/li><li class=\"choice-2 depth-1\"><input type=\"checkbox\" id=\"wpforms-5297-field_7_2\" name=\"wpforms[fields][7][]\" value=\"Bina Y\u00f6netim Sistemleri\" required ><label class=\"wpforms-field-label-inline\" for=\"wpforms-5297-field_7_2\">Bina Y\u00f6netim Sistemleri<\/label><\/li><li class=\"choice-3 depth-1\"><input type=\"checkbox\" id=\"wpforms-5297-field_7_3\" name=\"wpforms[fields][7][]\" value=\"Commissioning (Devreye Alma)\" required ><label class=\"wpforms-field-label-inline\" for=\"wpforms-5297-field_7_3\">Commissioning (Devreye Alma)<\/label><\/li><li class=\"choice-8 depth-1\"><input type=\"checkbox\" id=\"wpforms-5297-field_7_8\" name=\"wpforms[fields][7][]\" value=\"\u0130\u00e7 Mekan Hava Kalitesi \/ Havaland\u0131rma Sistemleri\" required ><label class=\"wpforms-field-label-inline\" for=\"wpforms-5297-field_7_8\">\u0130\u00e7 Mekan Hava Kalitesi \/ Havaland\u0131rma Sistemleri<\/label><\/li><li class=\"choice-7 depth-1\"><input type=\"checkbox\" id=\"wpforms-5297-field_7_7\" name=\"wpforms[fields][7][]\" value=\"Standartlar ve D\u00fczenlemeler\" required ><label class=\"wpforms-field-label-inline\" for=\"wpforms-5297-field_7_7\">Standartlar ve D\u00fczenlemeler<\/label><\/li><li class=\"choice-6 depth-1\"><input type=\"checkbox\" id=\"wpforms-5297-field_7_6\" name=\"wpforms[fields][7][]\" value=\"HVAC Ekipmanlar\u0131ndaki Geli\u015fmeler\" required ><label class=\"wpforms-field-label-inline\" for=\"wpforms-5297-field_7_6\">HVAC Ekipmanlar\u0131ndaki Geli\u015fmeler<\/label><\/li><li class=\"choice-10 depth-1\"><input type=\"checkbox\" id=\"wpforms-5297-field_7_10\" name=\"wpforms[fields][7][]\" value=\"Modelleme, Sim\u00fclasyonlar ve Entegre Tasar\u0131m\" required ><label class=\"wpforms-field-label-inline\" for=\"wpforms-5297-field_7_10\">Modelleme, Sim\u00fclasyonlar ve Entegre Tasar\u0131m<\/label><\/li><li class=\"choice-9 depth-1\"><input type=\"checkbox\" id=\"wpforms-5297-field_7_9\" name=\"wpforms[fields][7][]\" value=\"Net S\u0131f\u0131r Enerjili Bina (nZEB) Teknolojileri\" required ><label class=\"wpforms-field-label-inline\" for=\"wpforms-5297-field_7_9\">Net S\u0131f\u0131r Enerjili Bina (nZEB) Teknolojileri<\/label><\/li><li class=\"choice-11 depth-1\"><input type=\"checkbox\" id=\"wpforms-5297-field_7_11\" name=\"wpforms[fields][7][]\" value=\"Nesnelerin \u0130nterneti ve Bina \u0130zleme \u00c7\u00f6z\u00fcmleri\" required ><label class=\"wpforms-field-label-inline\" for=\"wpforms-5297-field_7_11\">Nesnelerin \u0130nterneti ve Bina \u0130zleme \u00c7\u00f6z\u00fcmleri<\/label><\/li><\/ul><\/div><div id=\"wpforms-5297-field_8-container\" class=\"wpforms-field wpforms-field-checkbox wpforms-list-2-columns\" data-field-id=\"8\"><label class=\"wpforms-field-label\">Kat\u0131l\u0131mc\u0131 Profili <span class=\"wpforms-required-label\">*<\/span><\/label><ul id=\"wpforms-5297-field_8\" class=\"wpforms-field-required\"><li class=\"choice-1 depth-1\"><input type=\"checkbox\" id=\"wpforms-5297-field_8_1\" name=\"wpforms[fields][8][]\" value=\"Tasar\u0131mc\u0131\" required ><label class=\"wpforms-field-label-inline\" for=\"wpforms-5297-field_8_1\">Tasar\u0131mc\u0131<\/label><\/li><li class=\"choice-2 depth-1\"><input type=\"checkbox\" id=\"wpforms-5297-field_8_2\" name=\"wpforms[fields][8][]\" value=\"Y\u00fcklenici\" required ><label class=\"wpforms-field-label-inline\" for=\"wpforms-5297-field_8_2\">Y\u00fcklenici<\/label><\/li><li class=\"choice-3 depth-1\"><input type=\"checkbox\" id=\"wpforms-5297-field_8_3\" name=\"wpforms[fields][8][]\" value=\"Tedarik\u00e7i \/ Sat\u0131c\u0131\" required ><label class=\"wpforms-field-label-inline\" for=\"wpforms-5297-field_8_3\">Tedarik\u00e7i \/ Sat\u0131c\u0131<\/label><\/li><li class=\"choice-5 depth-1\"><input type=\"checkbox\" id=\"wpforms-5297-field_8_5\" name=\"wpforms[fields][8][]\" value=\"Denet\u00e7i \/ Muayene Kurulu\u015fu Personeli\" required ><label class=\"wpforms-field-label-inline\" for=\"wpforms-5297-field_8_5\">Denet\u00e7i \/ Muayene Kurulu\u015fu Personeli<\/label><\/li><li class=\"choice-8 depth-1\"><input type=\"checkbox\" id=\"wpforms-5297-field_8_8\" name=\"wpforms[fields][8][]\" value=\"\u0130leti\u015fim \/ Pazarlama\" required ><label class=\"wpforms-field-label-inline\" for=\"wpforms-5297-field_8_8\">\u0130leti\u015fim \/ Pazarlama<\/label><\/li><li class=\"choice-7 depth-1\"><input type=\"checkbox\" id=\"wpforms-5297-field_8_7\" name=\"wpforms[fields][8][]\" value=\"D\u00fczenleyici Kurum \/ Bilirki\u015fi\" required ><label class=\"wpforms-field-label-inline\" for=\"wpforms-5297-field_8_7\">D\u00fczenleyici Kurum \/ Bilirki\u015fi<\/label><\/li><li class=\"choice-6 depth-1\"><input type=\"checkbox\" id=\"wpforms-5297-field_8_6\" name=\"wpforms[fields][8][]\" value=\"Ara\u015ft\u0131rmac\u0131\" required ><label class=\"wpforms-field-label-inline\" for=\"wpforms-5297-field_8_6\">Ara\u015ft\u0131rmac\u0131<\/label><\/li><li class=\"choice-9 depth-1\"><input type=\"checkbox\" id=\"wpforms-5297-field_8_9\" name=\"wpforms[fields][8][]\" value=\"\u00d6\u011frenci\" required ><label class=\"wpforms-field-label-inline\" for=\"wpforms-5297-field_8_9\">\u00d6\u011frenci<\/label><\/li><\/ul><\/div><div id=\"wpforms-5297-field_9-container\" class=\"wpforms-field wpforms-field-checkbox wpforms-list-2-columns\" data-field-id=\"9\"><label class=\"wpforms-field-label\">MechTalks hakk\u0131nda nas\u0131l bilgi sahibi oldunuz? <span class=\"wpforms-required-label\">*<\/span><\/label><ul id=\"wpforms-5297-field_9\" class=\"wpforms-field-required\"><li class=\"choice-1 depth-1\"><input type=\"checkbox\" id=\"wpforms-5297-field_9_1\" name=\"wpforms[fields][9][]\" value=\"MechTalks Web Sitesi\" required ><label class=\"wpforms-field-label-inline\" for=\"wpforms-5297-field_9_1\">MechTalks Web Sitesi<\/label><\/li><li class=\"choice-2 depth-1\"><input type=\"checkbox\" id=\"wpforms-5297-field_9_2\" name=\"wpforms[fields][9][]\" value=\"Meslekta\u015f \/ Arkada\u015f\" required ><label class=\"wpforms-field-label-inline\" for=\"wpforms-5297-field_9_2\">Meslekta\u015f \/ Arkada\u015f<\/label><\/li><li class=\"choice-3 depth-1\"><input type=\"checkbox\" id=\"wpforms-5297-field_9_3\" name=\"wpforms[fields][9][]\" value=\"Sekt\u00f6r\u00fc d\u00fczenli takip ediyorum\" required ><label class=\"wpforms-field-label-inline\" for=\"wpforms-5297-field_9_3\">Sekt\u00f6r\u00fc d\u00fczenli takip ediyorum<\/label><\/li><li class=\"choice-5 depth-1\"><input type=\"checkbox\" id=\"wpforms-5297-field_9_5\" name=\"wpforms[fields][9][]\" value=\"\u0130nternet aramas\u0131\" required ><label class=\"wpforms-field-label-inline\" for=\"wpforms-5297-field_9_5\">\u0130nternet aramas\u0131<\/label><\/li><li class=\"choice-4 depth-1\"><input type=\"checkbox\" id=\"wpforms-5297-field_9_4\" name=\"wpforms[fields][9][]\" value=\"B\u00fclten (E-Posta)\" required ><label class=\"wpforms-field-label-inline\" for=\"wpforms-5297-field_9_4\">B\u00fclten (E-Posta)<\/label><\/li><li class=\"choice-6 depth-1\"><input type=\"checkbox\" id=\"wpforms-5297-field_9_6\" name=\"wpforms[fields][9][]\" value=\"Sosyal Medya\" required ><label class=\"wpforms-field-label-inline\" for=\"wpforms-5297-field_9_6\">Sosyal Medya<\/label><\/li><\/ul><\/div><div id=\"wpforms-5297-field_15-container\" class=\"wpforms-field wpforms-field-checkbox\" data-field-id=\"15\"><label class=\"wpforms-field-label wpforms-label-hide\">Onay kutusu <span class=\"wpforms-required-label\">*<\/span><\/label><ul id=\"wpforms-5297-field_15\" class=\"wpforms-field-required\"><li class=\"choice-1 depth-1\"><input type=\"checkbox\" id=\"wpforms-5297-field_15_1\" name=\"wpforms[fields][15][]\" value=\"Ki\u015fisel veri ayd\u0131nlatma metnini okudum ve anlad\u0131m\" required ><label class=\"wpforms-field-label-inline\" for=\"wpforms-5297-field_15_1\">Ki\u015fisel veri ayd\u0131nlatma metnini okudum ve anlad\u0131m <span class=\"wpforms-required-label\">*<\/span><\/label><\/li><\/ul><div class=\"wpforms-field-description wpforms-disclaimer-description\">17. TTMD ULUSLARARASI HVAC&amp;R TEKNOLOJ\u0130LER\u0130 SEMPOZYUMU<br \/>\nKATILIMCI K\u0130\u015e\u0130SEL VER\u0130LER\u0130N KORUNMASI VE \u0130\u015eLENMES\u0130 AYDINLATMA METN\u0130<br \/><br \/>\nKi\u015fisel verileriniz, 6698 say\u0131l\u0131 Ki\u015fisel Verilerin Korunmas\u0131 Kanunu (\u201cKanun\u201d) uyar\u0131nca TTMD ULUSLARARASI HVAC&amp;R TEKNOLOJ\u0130LER\u0130 SEMPOZYUMU Web sitesi (https:\/\/symposium.ttmd.org.tr) taraf\u0131ndan a\u015fa\u011f\u0131da a\u00e7\u0131klanan kapsamda i\u015flenebilecektir. <br \/><br \/>\n1. Ki\u015fisel Verilerin \u0130\u015flenme Amac\u0131 ve Hukuki Sebebi<br \/><br \/>\nTTMD ULUSLARARASI HVAC&amp;R TEKNOLOJ\u0130LER\u0130 SEMPOZYUMU olarak, ki\u015fisel verilerinizi Kanun\u2019da \u00f6ng\u00f6r\u00fclen temel ilkelere uygun olarak ve Kanun\u2019un 5. ve 6. maddelerinde belirtilen ki\u015fisel veri i\u015fleme \u015fartlar\u0131 d\u00e2hilinde, a\u015fa\u011f\u0131da yer verilen ama\u00e7larla i\u015flemekteyiz: <br \/><br \/>\nHukuki y\u00fck\u00fcml\u00fcl\u00fcklerimizi yerine getirmek amac\u0131yla ki\u015fisel verilerinizi i\u015fleyebiliriz. <br \/><br \/>\nTTMD ULUSLARARASI HVAC&amp;R TEKNOLOJ\u0130LER\u0130 SEMPOZYUMU etkinli\u011fine kat\u0131l\u0131m kapsam\u0131ndaki hukuki y\u00fck\u00fcml\u00fcl\u00fcklerini yerine getirmesi. <br \/><br \/>\nMe\u015fru menfaatlerimizin ger\u00e7ekle\u015ftirilmesi do\u011frultusunda ki\u015fisel verilerinizi i\u015fleyebiliriz. <br \/><br \/>\nTTMD ULUSLARARASI HVAC&amp;R TEKNOLOJ\u0130LER\u0130 SEMPOZYUMU etkinli\u011fine kat\u0131l\u0131m sa\u011flanmas\u0131 ve bu kapsamda gerekli olan aktivitelerin planlanmas\u0131. <br \/><br \/>\nA\u00e7\u0131k r\u0131zan\u0131za dayal\u0131 olarak ki\u015fisel verilerinizi i\u015fleyebiliriz. <br \/><br \/>\nTTMD ULUSLARARASI HVAC&amp;R TEKNOLOJ\u0130LER\u0130 SEMPOZYUMU etkinli\u011finin planlanmas\u0131 ve icras\u0131, ve bu kapsamda gerekli olan aktivitelerin planlanmas\u0131 ve icras\u0131, ilerideki toplant\u0131 davetlerinin taraf\u0131n\u0131za iletilmesi. <br \/><br \/>\n2. Ki\u015fisel Verilerin Aktar\u0131labilece\u011fi Taraflar ve Aktar\u0131m Amac\u0131<br \/><br \/>\nToplanan ki\u015fisel verileriniz; yukar\u0131da belirtilen ama\u00e7lar\u0131n ger\u00e7ekle\u015ftirilmesi do\u011frultusunda yurt i\u00e7i ve yurt d\u0131\u015f\u0131ndaki i\u015f ortaklar\u0131m\u0131za, tedarik\u00e7ilerimize, i\u015ftiraklerimize, kanunen yetkili kamu kurulu\u015flar\u0131 ve \u00f6zel kurulu\u015flar ile \u00fc\u00e7\u00fcnc\u00fc ki\u015filere Kanun\u2019un 8. ve 9. maddelerinde belirtilen ki\u015fisel veri i\u015fleme \u015fartlar\u0131 ve ama\u00e7lar\u0131 \u00e7er\u00e7evesinde aktar\u0131labilecektir. <br \/><br \/>\n3. Ki\u015fisel Verilerin Toplanma Y\u00f6ntemi<br \/><br \/>\n17. TTMD ULUSLARARASI HVAC&amp;R TEKNOLOJ\u0130LER\u0130 SEMPOZYUMU s\u00fcre\u00e7 kapsam\u0131nda elde edilen ki\u015fisel verileriniz; yukar\u0131da belirtilen ama\u00e7lar do\u011frultusunda etkinli\u011fin sa\u011fland\u0131\u011f\u0131 platform \u00fczerinden elektronik ortamda toplanacakt\u0131r. <br \/><br \/>\n4. Veri Sahiplerinin Kanun\u2019un 11. Maddesinde Say\u0131lan Haklar\u0131<br \/>\nKanun\u2019un 11. maddesi uyar\u0131nca bu Ayd\u0131nlatma Metni\u2019nin kapsam\u0131nda yer alan ki\u015fisel veri i\u015fleme faaliyetleri bak\u0131m\u0131ndan veri sahibi olarak; <br \/><br \/>\n\u2022 Ki\u015fisel verilerinin i\u015flenip i\u015flenmedi\u011fini \u00f6\u011frenme, <br \/><br \/>\n\u2022 Ki\u015fisel verileri i\u015flenmi\u015fse buna ili\u015fkin bilgi talep etme, <br \/><br \/>\n\u2022 Ki\u015fisel verilerin i\u015flenme amac\u0131n\u0131 ve bunlar\u0131n amac\u0131na uygun kullan\u0131l\u0131p kullan\u0131lmad\u0131\u011f\u0131n\u0131 \u00f6\u011frenme, <br \/><br \/>\n\u2022 Yurt i\u00e7inde veya yurt d\u0131\u015f\u0131nda ki\u015fisel verilerin aktar\u0131ld\u0131\u011f\u0131 \u00fc\u00e7\u00fcnc\u00fc ki\u015fileri bilme, <br \/><br \/>\n\u2022 Ki\u015fisel verilerin eksik veya yanl\u0131\u015f i\u015flenmi\u015f olmas\u0131 h\u00e2linde bunlar\u0131n d\u00fczeltilmesini isteme ve bu kapsamda yap\u0131lan i\u015flemin ki\u015fisel verilerin aktar\u0131ld\u0131\u011f\u0131 \u00fc\u00e7\u00fcnc\u00fc ki\u015filere bildirilmesini isteme, <br \/><br \/>\n\u2022 Kanun ve ilgili di\u011fer kanun h\u00fck\u00fcmlerine uygun olarak i\u015flenmi\u015f olmas\u0131na ra\u011fmen, i\u015flenmesini gerektiren sebeplerin ortadan kalkmas\u0131 h\u00e2linde ki\u015fisel verilerin silinmesini veya yok edilmesini isteme ve bu kapsamda yap\u0131lan i\u015flemin ki\u015fisel verilerin aktar\u0131ld\u0131\u011f\u0131 \u00fc\u00e7\u00fcnc\u00fc ki\u015filere bildirilmesini isteme, <br \/><br \/>\n\u2022 \u0130\u015flenen verilerin m\u00fcnhas\u0131ran otomatik sistemler vas\u0131tas\u0131yla analiz edilmesi suretiyle ki\u015finin kendisi aleyhine bir sonucun ortaya \u00e7\u0131kmas\u0131na itiraz etme, <br \/><br \/>\n\u2022 Ki\u015fisel verilerin kanuna ayk\u0131r\u0131 olarak i\u015flenmesi sebebiyle zarara u\u011framas\u0131 h\u00e2linde zarar\u0131n giderilmesini talep etme haklar\u0131na sahip oldu\u011funuzu belirtmek isteriz. <br \/><br \/>\nVeri sahibi olarak yukar\u0131da s\u0131ralanan haklar\u0131n\u0131za y\u00f6nelik taleplerinizi, symposium@ttmd.org.tr <br \/>\n<br \/><br \/>\nadresine iletebilirsiniz. 17. TTMD ULUSLARARASI HVAC&amp;R TEKNOLOJ\u0130LER\u0130 SEMPOZYUMU Organizasyon Komitesi, gelen talepleri 30 (otuz) g\u00fcn i\u00e7erisinde de\u011ferlendirilerek sonu\u00e7land\u0131r\u0131lacakt\u0131r. Taleplere ili\u015fkin olarak herhangi bir \u00fccret talep edilmemesi esas olmakla birlikte, Ki\u015fisel Verileri Koruma Kurulu taraf\u0131ndan belirlenen \u00fccret tarifesi \u00fczerinden \u00fccret talep etme hakk\u0131 sakl\u0131d\u0131r. <br \/><br \/>\nTTMD ULUSLARARASI HVAC&amp;R TEKNOLOJ\u0130LER\u0130 SEMPOZYUMU KATILIMCI K\u0130\u015e\u0130SEL VER\u0130LER\u0130N KORUNMASI VE \u0130\u015eLENMES\u0130 A\u00c7IK RIZA METN\u0130<br \/><br \/>\nTTMD ULUSLARARASI HVAC&amp;R TEKNOLOJ\u0130LER\u0130 SEMPOZYUMU Kat\u0131l\u0131mc\u0131 Ki\u015fisel Verilerin Korunmas\u0131 ve \u0130\u015flenmesi Ayd\u0131nlatma R\u0131za Metni kapsam\u0131nda, ki\u015fisel verilerimin a\u015fa\u011f\u0131da s\u0131ralanan ama\u00e7larla i\u015flenmesini, yurt i\u00e7i ve d\u0131\u015f\u0131ndaki i\u015f ortaklar\u0131, i\u015ftirakleri, tedarik\u00e7ileri ile payla\u015f\u0131lmas\u0131n\u0131 kabul ediyorum. <br \/><br \/>\n\u2015 TTMD ULUSLARARASI HVAC&amp;R TEKNOLOJ\u0130LER\u0130 SEMPOZYUMU etkinli\u011finin planlanmas\u0131 ve icras\u0131, <br \/><br \/>\n\u2015 TTMD ULUSLARARASI HVAC&amp;R TEKNOLOJ\u0130LER\u0130 SEMPOZYUMU etkinli\u011fine kat\u0131l\u0131m sa\u011flanmas\u0131 ve bu kapsamda gerekli olan aktivitelerin planlanmas\u0131 ve icras\u0131, <br \/><br \/>\n\u2015 TTMD ULUSLARARASI HVAC&amp;R TEKNOLOJ\u0130LER\u0130 SEMPOZYUMU etkinliklerin ger\u00e7ekle\u015ftirilmesi kapsam\u0131nda bilgilerimin i\u015flenmesi, <br \/><br \/>\n\u2015 TTMD ULUSLARARASI HVAC&amp;R TEKNOLOJ\u0130LER\u0130 SEMPOZYUMU etkinli\u011finin ileride verilecek davetlerinin taraf\u0131ma iletilmesi.<\/div><\/div><\/div><!-- .wpforms-field-container --><div class=\"wpforms-submit-container\" ><input type=\"hidden\" name=\"wpforms[id]\" value=\"5297\"><input type=\"hidden\" name=\"page_title\" value=\"\"><input type=\"hidden\" name=\"page_url\" value=\"https:\/\/mechtalks.com\/tr_tr\/wp-json\/wp\/v2\/pages\/6351\"><input type=\"hidden\" name=\"url_referer\" value=\"\"><button type=\"submit\" name=\"wpforms[submit]\" id=\"wpforms-submit-5297\" class=\"wpforms-submit\" data-alt-text=\"Sending...\" data-submit-text=\"G\u00f6nder \/ Submit\" aria-live=\"assertive\" value=\"wpforms-submit\">G\u00f6nder \/ Submit<\/button><img decoding=\"async\" src=\"data:image\/svg+xml,%3Csvg%20xmlns%3D%27http%3A%2F%2Fwww.w3.org%2F2000%2Fsvg%27%20width%3D%2726%27%20height%3D%2726%27%20viewBox%3D%270%200%2026%2026%27%3E%3Crect%20width%3D%2726%27%20height%3D%2726%27%20fill-opacity%3D%220%22%2F%3E%3C%2Fsvg%3E\" data-orig-src=\"https:\/\/mechtalks.com\/wp-content\/plugins\/wpforms-lite\/assets\/images\/submit-spin.svg\" class=\"lazyload wpforms-submit-spinner\" style=\"display: none;\" width=\"26\" height=\"26\" alt=\"Y\u00fckleniyor\"><\/div><\/form><\/div>  <!-- .wpforms-container --><\/div><\/div><\/div><\/div><\/p>\n","protected":false},"excerpt":{"rendered":"","protected":false},"author":1,"featured_media":0,"parent":0,"menu_order":0,"comment_status":"closed","ping_status":"closed","template":"100-width.php","meta":{"footnotes":""},"class_list":["post-6351","page","type-page","status-publish","hentry"],"_links":{"self":[{"href":"https:\/\/mechtalks.com\/tr_tr\/wp-json\/wp\/v2\/pages\/6351","targetHints":{"allow":["GET"]}}],"collection":[{"href":"https:\/\/mechtalks.com\/tr_tr\/wp-json\/wp\/v2\/pages"}],"about":[{"href":"https:\/\/mechtalks.com\/tr_tr\/wp-json\/wp\/v2\/types\/page"}],"author":[{"embeddable":true,"href":"https:\/\/mechtalks.com\/tr_tr\/wp-json\/wp\/v2\/users\/1"}],"replies":[{"embeddable":true,"href":"https:\/\/mechtalks.com\/tr_tr\/wp-json\/wp\/v2\/comments?post=6351"}],"version-history":[{"count":3,"href":"https:\/\/mechtalks.com\/tr_tr\/wp-json\/wp\/v2\/pages\/6351\/revisions"}],"predecessor-version":[{"id":6873,"href":"https:\/\/mechtalks.com\/tr_tr\/wp-json\/wp\/v2\/pages\/6351\/revisions\/6873"}],"wp:attachment":[{"href":"https:\/\/mechtalks.com\/tr_tr\/wp-json\/wp\/v2\/media?parent=6351"}],"curies":[{"name":"wp","href":"https:\/\/api.w.org\/{rel}","templated":true}]}}