{"id":6289,"date":"2022-12-18T16:13:40","date_gmt":"2022-12-18T16:13:40","guid":{"rendered":"https:\/\/mechtalks.com\/?page_id=6289"},"modified":"2022-12-19T14:51:45","modified_gmt":"2022-12-19T14:51:45","slug":"videolar","status":"publish","type":"page","link":"https:\/\/mechtalks.com\/tr_tr\/videolar\/","title":{"rendered":"Videolar"},"content":{"rendered":"<p><div class=\"fusion-fullwidth fullwidth-box fusion-builder-row-1 fusion-flex-container has-pattern-background has-mask-background nonhundred-percent-fullwidth non-hundred-percent-height-scrolling\" style=\"--awb-border-radius-top-left:0px;--awb-border-radius-top-right:0px;--awb-border-radius-bottom-right:0px;--awb-border-radius-bottom-left:0px;--awb-padding-top:100px;--awb-padding-bottom:0px;--awb-margin-bottom:0px;--awb-background-color:#252f48;--awb-flex-wrap:wrap;\" ><div class=\"fusion-builder-row fusion-row fusion-flex-align-items-stretch fusion-flex-justify-content-center fusion-flex-content-wrap\" style=\"max-width:calc( 1170px + 10px );margin-left: calc(-10px \/ 2 );margin-right: calc(-10px \/ 2 );\"><div class=\"fusion-layout-column fusion_builder_column fusion-builder-column-0 fusion_builder_column_1_1 1_1 fusion-flex-column fusion-flex-align-self-flex-end fusion-animated\" style=\"--awb-bg-size:cover;--awb-width-large:100%;--awb-margin-top-large:0px;--awb-spacing-right-large:5px;--awb-margin-bottom-large:20px;--awb-spacing-left-large:5px;--awb-width-medium:100%;--awb-order-medium:0;--awb-spacing-right-medium:5px;--awb-spacing-left-medium:5px;--awb-width-small:100%;--awb-order-small:0;--awb-spacing-right-small:5px;--awb-spacing-left-small:5px;\" data-animationType=\"fadeInUp\" data-animationDuration=\"1.0\" data-animationOffset=\"top-into-view\"><div class=\"fusion-column-wrapper fusion-column-has-shadow fusion-flex-justify-content-flex-end fusion-content-layout-column\"><div class=\"fusion-title title fusion-title-1 fusion-sep-none fusion-title-text fusion-title-size-one\" style=\"--awb-text-color:#ffffff;--awb-margin-bottom:30px;--awb-font-size:67px;\"><h1 class=\"fusion-title-heading title-heading-left fusion-responsive-typography-calculated\" style=\"font-family:&quot;Outfit&quot;;font-style:normal;font-weight:600;margin:0;font-size:1em;letter-spacing:var(--awb-typography1-letter-spacing);text-transform:var(--awb-typography1-text-transform);--fontSize:67;line-height:1;\"><h2 style=\"text-align: center;\"><span style=\"color: #ffffff;\">V\u0130DEOLAR<\/span><\/h2><\/h1><\/div><\/div><\/div><\/div><\/div><div class=\"fusion-fullwidth fullwidth-box fusion-builder-row-2 fusion-flex-container has-pattern-background has-mask-background nonhundred-percent-fullwidth non-hundred-percent-height-scrolling\" style=\"--awb-border-radius-top-left:0px;--awb-border-radius-top-right:0px;--awb-border-radius-bottom-right:0px;--awb-border-radius-bottom-left:0px;--awb-margin-top:20px;--awb-flex-wrap:wrap;\" ><div class=\"fusion-builder-row fusion-row fusion-flex-align-items-flex-start fusion-flex-justify-content-center fusion-flex-content-wrap\" style=\"max-width:1216.8px;margin-left: calc(-4% \/ 2 );margin-right: calc(-4% \/ 2 );\"><div class=\"fusion-layout-column fusion_builder_column fusion-builder-column-1 fusion_builder_column_1_1 1_1 fusion-flex-column\" style=\"--awb-bg-size:cover;--awb-width-large:100%;--awb-margin-top-large:0px;--awb-spacing-right-large:1.92%;--awb-margin-bottom-large:20px;--awb-spacing-left-large:1.92%;--awb-width-medium:100%;--awb-order-medium:0;--awb-spacing-right-medium:1.92%;--awb-spacing-left-medium:1.92%;--awb-width-small:100%;--awb-order-small:0;--awb-spacing-right-small:1.92%;--awb-spacing-left-small:1.92%;\"><div class=\"fusion-column-wrapper fusion-column-has-shadow fusion-flex-justify-content-flex-start fusion-content-layout-column\"><div class=\"fusion-builder-row fusion-builder-row-inner fusion-row fusion-flex-align-items-flex-start fusion-flex-justify-content-center fusion-flex-content-wrap\" style=\"width:104% !important;max-width:104% !important;margin-left: calc(-4% \/ 2 );margin-right: calc(-4% \/ 2 );\"><div class=\"fusion-layout-column fusion_builder_column_inner fusion-builder-nested-column-0 fusion_builder_column_inner_1_3 1_3 fusion-flex-column\" style=\"--awb-bg-size:cover;--awb-width-large:33.333333333333%;--awb-margin-top-large:0px;--awb-spacing-right-large:5.76%;--awb-margin-bottom-large:20px;--awb-spacing-left-large:5.76%;--awb-width-medium:100%;--awb-order-medium:0;--awb-spacing-right-medium:1.92%;--awb-spacing-left-medium:1.92%;--awb-width-small:100%;--awb-order-small:0;--awb-spacing-right-small:1.92%;--awb-spacing-left-small:1.92%;\"><div class=\"fusion-column-wrapper fusion-column-has-shadow fusion-flex-justify-content-flex-start fusion-content-layout-column\"><div class=\"fusion-video fusion-youtube\" style=\"--awb-max-width:600px;--awb-max-height:360px;\"><div class=\"video-shortcode\"><lite-youtube videoid=\"Sx8zXZ2zGco\" class=\"landscape\" params=\"wmode=transparent&autoplay=1&enablejsapi=1\" title=\"MechTalks 2022 A\u00e7\u0131l\u0131\u015f Konu\u015fmas\u0131 - H\u00fcseyin Erdem\" width=\"600\" height=\"360\" data-thumbnail-size=\"auto\"><\/lite-youtube><\/div><\/div><div class=\"fusion-text fusion-text-1\"><h5 style=\"text-align: center;\">MechTalks 2022 A\u00e7\u0131l\u0131\u015f Konu\u015fmas\u0131<br \/>\nH\u00fcseyin Erdem<br \/>\n<a href=\"https:\/\/youtu.be\/3iXdbgY247w\">Simultaneous TR-EN<\/a><\/h5>\n<\/div><\/div><\/div><div class=\"fusion-layout-column fusion_builder_column_inner fusion-builder-nested-column-1 fusion_builder_column_inner_1_3 1_3 fusion-flex-column\" style=\"--awb-bg-size:cover;--awb-width-large:33.333333333333%;--awb-margin-top-large:0px;--awb-spacing-right-large:5.76%;--awb-margin-bottom-large:20px;--awb-spacing-left-large:5.76%;--awb-width-medium:100%;--awb-order-medium:0;--awb-spacing-right-medium:1.92%;--awb-spacing-left-medium:1.92%;--awb-width-small:100%;--awb-order-small:0;--awb-spacing-right-small:1.92%;--awb-spacing-left-small:1.92%;\"><div class=\"fusion-column-wrapper fusion-column-has-shadow fusion-flex-justify-content-flex-start fusion-content-layout-column\"><div class=\"fusion-video fusion-youtube\" style=\"--awb-max-width:600px;--awb-max-height:360px;\"><div class=\"video-shortcode\"><lite-youtube videoid=\"iVVkoGJ9RNo\" class=\"landscape\" params=\"wmode=transparent&autoplay=1&enablejsapi=1\" title=\"MechTalks 2022 A\u00e7\u0131l\u0131\u015f Konu\u015fmas\u0131 - Meri\u00e7 Sap\u00e7\u0131\" width=\"600\" height=\"360\" data-thumbnail-size=\"auto\"><\/lite-youtube><\/div><\/div><div class=\"fusion-text fusion-text-2\"><h5 style=\"text-align: center;\">MechTalks 2022 A\u00e7\u0131l\u0131\u015f Konu\u015fmas\u0131<br \/>\nMeri\u00e7 Sap\u00e7\u0131<br \/>\n<a href=\"https:\/\/www.youtube.com\/watch?v=uheRikJYw8Y\">Simultaneous TR-EN<\/a><\/h5>\n<\/div><\/div><\/div><div class=\"fusion-layout-column fusion_builder_column_inner fusion-builder-nested-column-2 fusion_builder_column_inner_1_3 1_3 fusion-flex-column\" style=\"--awb-bg-size:cover;--awb-width-large:33.333333333333%;--awb-margin-top-large:0px;--awb-spacing-right-large:5.76%;--awb-margin-bottom-large:20px;--awb-spacing-left-large:5.76%;--awb-width-medium:100%;--awb-order-medium:0;--awb-spacing-right-medium:1.92%;--awb-spacing-left-medium:1.92%;--awb-width-small:100%;--awb-order-small:0;--awb-spacing-right-small:1.92%;--awb-spacing-left-small:1.92%;\"><div class=\"fusion-column-wrapper fusion-column-has-shadow fusion-flex-justify-content-flex-start fusion-content-layout-column\"><div class=\"fusion-video fusion-youtube\" style=\"--awb-max-width:600px;--awb-max-height:360px;\"><div class=\"video-shortcode\"><lite-youtube videoid=\"aO9a0NhcelI\" class=\"landscape\" params=\"wmode=transparent&autoplay=1&enablejsapi=1\" title=\"MechTalks 2022 A\u00e7\u0131l\u0131\u015f Konu\u015fmas\u0131 - O\u011fuzhan Ku\u015f\u00e7uo\u011flu\" width=\"600\" height=\"360\" data-thumbnail-size=\"auto\"><\/lite-youtube><\/div><\/div><div class=\"fusion-text fusion-text-3\"><h5 style=\"text-align: center;\">MechTalks 2022 A\u00e7\u0131l\u0131\u015f Konu\u015fmas\u0131<br \/>\nO\u011fuzhan Ku\u015f\u00e7uo\u011flu<br \/>\n<a href=\"https:\/\/youtu.be\/PYDEE2tIeSg\">Simultaneous TR-EN<\/a><\/h5>\n<\/div><\/div><\/div><div class=\"fusion-layout-column fusion_builder_column_inner fusion-builder-nested-column-3 fusion_builder_column_inner_1_3 1_3 fusion-flex-column\" style=\"--awb-bg-size:cover;--awb-width-large:33.333333333333%;--awb-margin-top-large:0px;--awb-spacing-right-large:5.76%;--awb-margin-bottom-large:20px;--awb-spacing-left-large:5.76%;--awb-width-medium:100%;--awb-order-medium:0;--awb-spacing-right-medium:1.92%;--awb-spacing-left-medium:1.92%;--awb-width-small:100%;--awb-order-small:0;--awb-spacing-right-small:1.92%;--awb-spacing-left-small:1.92%;\"><div class=\"fusion-column-wrapper fusion-column-has-shadow fusion-flex-justify-content-flex-start fusion-content-layout-column\"><div class=\"fusion-video fusion-youtube\" style=\"--awb-max-width:600px;--awb-max-height:360px;\"><div class=\"video-shortcode\"><lite-youtube videoid=\"ZqJHY6UoxqY\" class=\"landscape\" params=\"wmode=transparent&autoplay=1&enablejsapi=1\" title=\"MechTalks 2022 - 1.Oturum - Alexandra Knight\" width=\"600\" height=\"360\" data-thumbnail-size=\"auto\"><\/lite-youtube><\/div><\/div><div class=\"fusion-text fusion-text-4\"><h5 style=\"text-align: center;\">MechTalks 2022 &#8211; 1. Oturum<br \/>\nAlexandra Knight<br \/>\n<a href=\"https:\/\/youtu.be\/WhkOz6UPRyE\">Simultaneous TR-EN<\/a><\/h5>\n<\/div><\/div><\/div><div class=\"fusion-layout-column fusion_builder_column_inner fusion-builder-nested-column-4 fusion_builder_column_inner_1_3 1_3 fusion-flex-column\" style=\"--awb-bg-size:cover;--awb-width-large:33.333333333333%;--awb-margin-top-large:0px;--awb-spacing-right-large:5.76%;--awb-margin-bottom-large:20px;--awb-spacing-left-large:5.76%;--awb-width-medium:100%;--awb-order-medium:0;--awb-spacing-right-medium:1.92%;--awb-spacing-left-medium:1.92%;--awb-width-small:100%;--awb-order-small:0;--awb-spacing-right-small:1.92%;--awb-spacing-left-small:1.92%;\"><div class=\"fusion-column-wrapper fusion-column-has-shadow fusion-flex-justify-content-flex-start fusion-content-layout-column\"><div class=\"fusion-video fusion-youtube\" style=\"--awb-max-width:600px;--awb-max-height:360px;\"><div class=\"video-shortcode\"><lite-youtube videoid=\"IP9EsvlGr5g\" class=\"landscape\" params=\"wmode=transparent&autoplay=1&enablejsapi=1\" title=\"MechTalks 2022 - 1.Oturum - Bar\u0131\u015f Do\u011fru\" width=\"600\" height=\"360\" data-thumbnail-size=\"auto\"><\/lite-youtube><\/div><\/div><div class=\"fusion-text fusion-text-5\"><h5 style=\"text-align: center;\">MechTalks 2022 &#8211; 1. Oturum<br \/>\nBar\u0131\u015f Do\u011fru<br \/>\n<a href=\"https:\/\/youtu.be\/5rmtqfSTigQ\">Simultaneous TR-EN<\/a><\/h5>\n<\/div><\/div><\/div><div class=\"fusion-layout-column fusion_builder_column_inner fusion-builder-nested-column-5 fusion_builder_column_inner_1_3 1_3 fusion-flex-column\" style=\"--awb-bg-size:cover;--awb-width-large:33.333333333333%;--awb-margin-top-large:0px;--awb-spacing-right-large:5.76%;--awb-margin-bottom-large:20px;--awb-spacing-left-large:5.76%;--awb-width-medium:100%;--awb-order-medium:0;--awb-spacing-right-medium:1.92%;--awb-spacing-left-medium:1.92%;--awb-width-small:100%;--awb-order-small:0;--awb-spacing-right-small:1.92%;--awb-spacing-left-small:1.92%;\"><div class=\"fusion-column-wrapper fusion-column-has-shadow fusion-flex-justify-content-flex-start fusion-content-layout-column\"><div class=\"fusion-video fusion-youtube\" style=\"--awb-max-width:600px;--awb-max-height:360px;\"><div class=\"video-shortcode\"><lite-youtube videoid=\"uWwuFk9dj1c\" class=\"landscape\" params=\"wmode=transparent&autoplay=1&enablejsapi=1\" title=\"MechTalks 2022 - 1.Oturum - Heiko Engelhardt\" width=\"600\" height=\"360\" data-thumbnail-size=\"auto\"><\/lite-youtube><\/div><\/div><div class=\"fusion-text fusion-text-6\"><h5 style=\"text-align: center;\">MechTalks 2022 &#8211; 1. Oturum<br \/>\nHeiko Engelhardt<br \/>\n<a href=\"https:\/\/youtu.be\/rilBhoUUN_8\">Simultaneous TR-EN<\/a><\/h5>\n<\/div><\/div><\/div><div class=\"fusion-layout-column fusion_builder_column_inner fusion-builder-nested-column-6 fusion_builder_column_inner_1_3 1_3 fusion-flex-column\" style=\"--awb-bg-size:cover;--awb-width-large:33.333333333333%;--awb-margin-top-large:0px;--awb-spacing-right-large:5.76%;--awb-margin-bottom-large:20px;--awb-spacing-left-large:5.76%;--awb-width-medium:100%;--awb-order-medium:0;--awb-spacing-right-medium:1.92%;--awb-spacing-left-medium:1.92%;--awb-width-small:100%;--awb-order-small:0;--awb-spacing-right-small:1.92%;--awb-spacing-left-small:1.92%;\"><div class=\"fusion-column-wrapper fusion-column-has-shadow fusion-flex-justify-content-flex-start fusion-content-layout-column\"><div class=\"fusion-video fusion-youtube\" style=\"--awb-max-width:600px;--awb-max-height:360px;\"><div class=\"video-shortcode\"><lite-youtube videoid=\"un5GsGDXHHA\" class=\"landscape\" params=\"wmode=transparent&autoplay=1&enablejsapi=1\" title=\"MechTalks 2022 - 1.Oturum - Josefina Lindblom\" width=\"600\" height=\"360\" data-thumbnail-size=\"auto\"><\/lite-youtube><\/div><\/div><div class=\"fusion-text fusion-text-7\"><h5 style=\"text-align: center;\">MechTalks 2022 &#8211; 1. Oturum<br \/>\nJosefina Lindblom<br \/>\n<a href=\"https:\/\/youtu.be\/4qEg0s0uKPM\">Simultaneous TR-EN<\/a><\/h5>\n<\/div><\/div><\/div><div class=\"fusion-layout-column fusion_builder_column_inner fusion-builder-nested-column-7 fusion_builder_column_inner_1_3 1_3 fusion-flex-column\" style=\"--awb-bg-size:cover;--awb-width-large:33.333333333333%;--awb-margin-top-large:0px;--awb-spacing-right-large:5.76%;--awb-margin-bottom-large:20px;--awb-spacing-left-large:5.76%;--awb-width-medium:100%;--awb-order-medium:0;--awb-spacing-right-medium:1.92%;--awb-spacing-left-medium:1.92%;--awb-width-small:100%;--awb-order-small:0;--awb-spacing-right-small:1.92%;--awb-spacing-left-small:1.92%;\"><div class=\"fusion-column-wrapper fusion-column-has-shadow fusion-flex-justify-content-flex-start fusion-content-layout-column\"><div class=\"fusion-video fusion-youtube\" style=\"--awb-max-width:600px;--awb-max-height:360px;\"><div class=\"video-shortcode\"><lite-youtube videoid=\"6j8idXK1738\" class=\"landscape\" params=\"wmode=transparent&autoplay=1&enablejsapi=1\" title=\"MechTalks 2022 - 1.Oturum - Nuri \u00d6zba\u011fdatl\u0131\" width=\"600\" height=\"360\" data-thumbnail-size=\"auto\"><\/lite-youtube><\/div><\/div><div class=\"fusion-text fusion-text-8\"><h5 style=\"text-align: center;\">MechTalks 2022 &#8211; 1. Oturum<br \/>\nNuri \u00d6zba\u011fdatl\u0131<br \/>\n<a href=\"https:\/\/youtu.be\/x77gg9KhGNo\">Simultaneous TR-EN<\/a><\/h5>\n<\/div><\/div><\/div><div class=\"fusion-layout-column fusion_builder_column_inner fusion-builder-nested-column-8 fusion_builder_column_inner_1_3 1_3 fusion-flex-column\" style=\"--awb-bg-size:cover;--awb-width-large:33.333333333333%;--awb-margin-top-large:0px;--awb-spacing-right-large:5.76%;--awb-margin-bottom-large:20px;--awb-spacing-left-large:5.76%;--awb-width-medium:100%;--awb-order-medium:0;--awb-spacing-right-medium:1.92%;--awb-spacing-left-medium:1.92%;--awb-width-small:100%;--awb-order-small:0;--awb-spacing-right-small:1.92%;--awb-spacing-left-small:1.92%;\"><div class=\"fusion-column-wrapper fusion-column-has-shadow fusion-flex-justify-content-flex-start fusion-content-layout-column\"><div class=\"fusion-video fusion-youtube\" style=\"--awb-max-width:600px;--awb-max-height:360px;\"><div class=\"video-shortcode\"><lite-youtube videoid=\"v2MpW5kq8zs\" class=\"landscape\" params=\"wmode=transparent&autoplay=1&enablejsapi=1\" title=\"MechTalks 2022 - 2.Oturum - G\u00fclsu Ulukavak Harputlugil\" width=\"600\" height=\"360\" data-thumbnail-size=\"auto\"><\/lite-youtube><\/div><\/div><div class=\"fusion-text fusion-text-9\"><h5 style=\"text-align: center;\">MechTalks 2022 &#8211; 2.Oturum<br \/>\nG\u00fclsu Ulukavak Harputlugil<br \/>\n<a href=\"https:\/\/youtu.be\/7bIp7_-HElA\">Simultaneous TR-EN<\/a><\/h5>\n<\/div><\/div><\/div><div class=\"fusion-layout-column fusion_builder_column_inner fusion-builder-nested-column-9 fusion_builder_column_inner_1_3 1_3 fusion-flex-column\" style=\"--awb-bg-size:cover;--awb-width-large:33.333333333333%;--awb-margin-top-large:0px;--awb-spacing-right-large:5.76%;--awb-margin-bottom-large:20px;--awb-spacing-left-large:5.76%;--awb-width-medium:100%;--awb-order-medium:0;--awb-spacing-right-medium:1.92%;--awb-spacing-left-medium:1.92%;--awb-width-small:100%;--awb-order-small:0;--awb-spacing-right-small:1.92%;--awb-spacing-left-small:1.92%;\"><div class=\"fusion-column-wrapper fusion-column-has-shadow fusion-flex-justify-content-flex-start fusion-content-layout-column\"><div class=\"fusion-video fusion-youtube\" style=\"--awb-max-width:600px;--awb-max-height:360px;\"><div class=\"video-shortcode\"><lite-youtube videoid=\"FxCALB7H-_s\" class=\"landscape\" params=\"wmode=transparent&autoplay=1&enablejsapi=1\" title=\"MechTalks 2022 - 2.Oturum - Mehmet \u015eanal\" width=\"600\" height=\"360\" data-thumbnail-size=\"auto\"><\/lite-youtube><\/div><\/div><div class=\"fusion-text fusion-text-10\"><h5 style=\"text-align: center;\">MechTalks 2022 &#8211; 2.Oturum<br \/>\nMehmet \u015eanal<br \/>\n<a href=\"https:\/\/youtu.be\/UromXL4I1LA\">Simultaneous TR-EN<\/a><\/h5>\n<\/div><\/div><\/div><div class=\"fusion-layout-column fusion_builder_column_inner fusion-builder-nested-column-10 fusion_builder_column_inner_1_3 1_3 fusion-flex-column\" style=\"--awb-bg-size:cover;--awb-width-large:33.333333333333%;--awb-margin-top-large:0px;--awb-spacing-right-large:5.76%;--awb-margin-bottom-large:20px;--awb-spacing-left-large:5.76%;--awb-width-medium:100%;--awb-order-medium:0;--awb-spacing-right-medium:1.92%;--awb-spacing-left-medium:1.92%;--awb-width-small:100%;--awb-order-small:0;--awb-spacing-right-small:1.92%;--awb-spacing-left-small:1.92%;\"><div class=\"fusion-column-wrapper fusion-column-has-shadow fusion-flex-justify-content-flex-start fusion-content-layout-column\"><div class=\"fusion-video fusion-youtube\" style=\"--awb-max-width:600px;--awb-max-height:360px;\"><div class=\"video-shortcode\"><lite-youtube videoid=\"1AM7LlTPBp8\" class=\"landscape\" params=\"wmode=transparent&autoplay=1&enablejsapi=1\" title=\"MechTalks 2022 - 2.Oturum - Oliver Rapf\" width=\"600\" height=\"360\" data-thumbnail-size=\"auto\"><\/lite-youtube><\/div><\/div><div class=\"fusion-text fusion-text-11\"><h5 style=\"text-align: center;\">MechTalks 2022 &#8211; 2.Oturum<br \/>\nOliver Rapf<br \/>\n<a href=\"https:\/\/youtu.be\/STsEhEgLsYo\">Simultaneous TR-EN<\/a><\/h5>\n<\/div><\/div><\/div><div class=\"fusion-layout-column fusion_builder_column_inner fusion-builder-nested-column-11 fusion_builder_column_inner_1_3 1_3 fusion-flex-column\" style=\"--awb-bg-size:cover;--awb-width-large:33.333333333333%;--awb-margin-top-large:0px;--awb-spacing-right-large:5.76%;--awb-margin-bottom-large:20px;--awb-spacing-left-large:5.76%;--awb-width-medium:100%;--awb-order-medium:0;--awb-spacing-right-medium:1.92%;--awb-spacing-left-medium:1.92%;--awb-width-small:100%;--awb-order-small:0;--awb-spacing-right-small:1.92%;--awb-spacing-left-small:1.92%;\"><div class=\"fusion-column-wrapper fusion-column-has-shadow fusion-flex-justify-content-flex-start fusion-content-layout-column\"><div class=\"fusion-video fusion-youtube\" style=\"--awb-max-width:600px;--awb-max-height:360px;\"><div class=\"video-shortcode\"><lite-youtube videoid=\"DfpgMIggfjs\" class=\"landscape\" params=\"wmode=transparent&autoplay=1&enablejsapi=1\" title=\"MechTalks 2022 - 2.Oturum - Ongun Berk Kazanc\u0131\" width=\"600\" height=\"360\" data-thumbnail-size=\"auto\"><\/lite-youtube><\/div><\/div><div class=\"fusion-text fusion-text-12\"><h5 style=\"text-align: center;\">MechTalks 2022 &#8211; 2.Oturum<br \/>\nOngun Berk Kazanc\u0131<br \/>\n<a href=\"https:\/\/youtu.be\/dqEZBYWBWhE\">Simultaneous TR-EN<\/a><\/h5>\n<\/div><\/div><\/div><div class=\"fusion-layout-column fusion_builder_column_inner fusion-builder-nested-column-12 fusion_builder_column_inner_1_3 1_3 fusion-flex-column\" style=\"--awb-bg-size:cover;--awb-width-large:33.333333333333%;--awb-margin-top-large:0px;--awb-spacing-right-large:5.76%;--awb-margin-bottom-large:20px;--awb-spacing-left-large:5.76%;--awb-width-medium:100%;--awb-order-medium:0;--awb-spacing-right-medium:1.92%;--awb-spacing-left-medium:1.92%;--awb-width-small:100%;--awb-order-small:0;--awb-spacing-right-small:1.92%;--awb-spacing-left-small:1.92%;\"><div class=\"fusion-column-wrapper fusion-column-has-shadow fusion-flex-justify-content-flex-start fusion-content-layout-column\"><div class=\"fusion-video fusion-youtube\" style=\"--awb-max-width:600px;--awb-max-height:360px;\"><div class=\"video-shortcode\"><lite-youtube videoid=\"_68CwDtdJAk\" class=\"landscape\" params=\"wmode=transparent&autoplay=1&enablejsapi=1\" title=\"MechTalks 2022 - 2.Oturum - Sinan Evkaya\" width=\"600\" height=\"360\" data-thumbnail-size=\"auto\"><\/lite-youtube><\/div><\/div><div class=\"fusion-text fusion-text-13\"><h5 style=\"text-align: center;\">MechTalks 2022 &#8211; 2.Oturum<br \/>\nSinan Evkaya<br \/>\n<a href=\"https:\/\/youtu.be\/_e07NoUJjwY\">Simultaneous TR-EN<\/a><\/h5>\n<\/div><\/div><\/div><div class=\"fusion-layout-column fusion_builder_column_inner fusion-builder-nested-column-13 fusion_builder_column_inner_1_3 1_3 fusion-flex-column\" style=\"--awb-bg-size:cover;--awb-width-large:33.333333333333%;--awb-margin-top-large:0px;--awb-spacing-right-large:5.76%;--awb-margin-bottom-large:20px;--awb-spacing-left-large:5.76%;--awb-width-medium:100%;--awb-order-medium:0;--awb-spacing-right-medium:1.92%;--awb-spacing-left-medium:1.92%;--awb-width-small:100%;--awb-order-small:0;--awb-spacing-right-small:1.92%;--awb-spacing-left-small:1.92%;\"><div class=\"fusion-column-wrapper fusion-column-has-shadow fusion-flex-justify-content-flex-start fusion-content-layout-column\"><div class=\"fusion-video fusion-youtube\" style=\"--awb-max-width:600px;--awb-max-height:360px;\"><div class=\"video-shortcode\"><lite-youtube videoid=\"Uvn14mM4GTA\" class=\"landscape\" params=\"wmode=transparent&autoplay=1&enablejsapi=1\" title=\"MechTalks 2022 - 4.Oturum - R\u0131fk\u0131 \u00c7olak\" width=\"600\" height=\"360\" data-thumbnail-size=\"auto\"><\/lite-youtube><\/div><\/div><div class=\"fusion-text fusion-text-14\"><h5 style=\"text-align: center;\">MechTalks 2022 &#8211; 4.Oturum<br \/>\nR\u0131fk\u0131 \u00c7olak<br \/>\n<a href=\"https:\/\/youtu.be\/vXsQ1KvLIRI\">Simultaneous TR-EN<\/a><\/h5>\n<\/div><\/div><\/div><div class=\"fusion-layout-column fusion_builder_column_inner fusion-builder-nested-column-14 fusion_builder_column_inner_1_3 1_3 fusion-flex-column\" style=\"--awb-bg-size:cover;--awb-width-large:33.333333333333%;--awb-margin-top-large:0px;--awb-spacing-right-large:5.76%;--awb-margin-bottom-large:20px;--awb-spacing-left-large:5.76%;--awb-width-medium:100%;--awb-order-medium:0;--awb-spacing-right-medium:1.92%;--awb-spacing-left-medium:1.92%;--awb-width-small:100%;--awb-order-small:0;--awb-spacing-right-small:1.92%;--awb-spacing-left-small:1.92%;\"><div class=\"fusion-column-wrapper fusion-column-has-shadow fusion-flex-justify-content-flex-start fusion-content-layout-column\"><div class=\"fusion-video fusion-youtube\" style=\"--awb-max-width:600px;--awb-max-height:360px;\"><div class=\"video-shortcode\"><lite-youtube videoid=\"rZCrF4BI9uA\" class=\"landscape\" params=\"wmode=transparent&autoplay=1&enablejsapi=1\" title=\"MechTalks 2022 - 4.Oturum - \u015einasi Karao\u011flu\" width=\"600\" height=\"360\" data-thumbnail-size=\"auto\"><\/lite-youtube><\/div><\/div><div class=\"fusion-text fusion-text-15\"><h5 style=\"text-align: center;\">MechTalks 2022 &#8211; 4.Oturum<br \/>\n\u015einasi Karao\u011flu<br \/>\n<a href=\"https:\/\/youtu.be\/JcvOGLZQvZw\">Simultaneous TR-EN<\/a><\/h5>\n<\/div><\/div><\/div><div class=\"fusion-layout-column fusion_builder_column_inner fusion-builder-nested-column-15 fusion_builder_column_inner_1_3 1_3 fusion-flex-column\" style=\"--awb-bg-size:cover;--awb-width-large:33.333333333333%;--awb-margin-top-large:0px;--awb-spacing-right-large:5.76%;--awb-margin-bottom-large:20px;--awb-spacing-left-large:5.76%;--awb-width-medium:100%;--awb-order-medium:0;--awb-spacing-right-medium:1.92%;--awb-spacing-left-medium:1.92%;--awb-width-small:100%;--awb-order-small:0;--awb-spacing-right-small:1.92%;--awb-spacing-left-small:1.92%;\"><div class=\"fusion-column-wrapper fusion-column-has-shadow fusion-flex-justify-content-flex-start fusion-content-layout-column\"><div class=\"fusion-video fusion-youtube\" style=\"--awb-max-width:600px;--awb-max-height:360px;\"><div class=\"video-shortcode\"><lite-youtube videoid=\"GPrKa4c7m-A\" class=\"landscape\" params=\"wmode=transparent&autoplay=1&enablejsapi=1\" title=\"MechTalks 2022 - 4.Oturum - Tal Garih\" width=\"600\" height=\"360\" data-thumbnail-size=\"auto\"><\/lite-youtube><\/div><\/div><div class=\"fusion-text fusion-text-16\"><h5 style=\"text-align: center;\">MechTalks 2022 &#8211; 4.Oturum<br \/>\nTal Garih<br \/>\n<a href=\"https:\/\/youtu.be\/LzAyWl_NkOk\">Simultaneous TR-EN<\/a><\/h5>\n<\/div><\/div><\/div><\/div><\/div><\/div><\/div><\/div><\/p>\n","protected":false},"excerpt":{"rendered":"","protected":false},"author":1,"featured_media":0,"parent":0,"menu_order":0,"comment_status":"closed","ping_status":"closed","template":"100-width.php","meta":{"footnotes":""},"class_list":["post-6289","page","type-page","status-publish","hentry"],"_links":{"self":[{"href":"https:\/\/mechtalks.com\/tr_tr\/wp-json\/wp\/v2\/pages\/6289","targetHints":{"allow":["GET"]}}],"collection":[{"href":"https:\/\/mechtalks.com\/tr_tr\/wp-json\/wp\/v2\/pages"}],"about":[{"href":"https:\/\/mechtalks.com\/tr_tr\/wp-json\/wp\/v2\/types\/page"}],"author":[{"embeddable":true,"href":"https:\/\/mechtalks.com\/tr_tr\/wp-json\/wp\/v2\/users\/1"}],"replies":[{"embeddable":true,"href":"https:\/\/mechtalks.com\/tr_tr\/wp-json\/wp\/v2\/comments?post=6289"}],"version-history":[{"count":16,"href":"https:\/\/mechtalks.com\/tr_tr\/wp-json\/wp\/v2\/pages\/6289\/revisions"}],"predecessor-version":[{"id":6307,"href":"https:\/\/mechtalks.com\/tr_tr\/wp-json\/wp\/v2\/pages\/6289\/revisions\/6307"}],"wp:attachment":[{"href":"https:\/\/mechtalks.com\/tr_tr\/wp-json\/wp\/v2\/media?parent=6289"}],"curies":[{"name":"wp","href":"https:\/\/api.w.org\/{rel}","templated":true}]}}