{"id":5227,"date":"2022-07-26T11:21:46","date_gmt":"2022-07-26T11:21:46","guid":{"rendered":"https:\/\/mechtalks.com\/?page_id=5227"},"modified":"2023-12-12T19:37:50","modified_gmt":"2023-12-12T19:37:50","slug":"genel-bilgiler","status":"publish","type":"page","link":"https:\/\/mechtalks.com\/tr_tr\/genel-bilgiler\/","title":{"rendered":"Genel Bilgiler"},"content":{"rendered":"<p><div class=\"fusion-fullwidth fullwidth-box fusion-builder-row-1 fusion-flex-container has-pattern-background has-mask-background hundred-percent-fullwidth non-hundred-percent-height-scrolling\" style=\"--awb-border-radius-top-left:0px;--awb-border-radius-top-right:0px;--awb-border-radius-bottom-right:0px;--awb-border-radius-bottom-left:0px;--awb-padding-top:110px;--awb-background-color:#252f48;--awb-flex-wrap:wrap;\" ><div class=\"fusion-builder-row fusion-row fusion-flex-align-items-center fusion-flex-justify-content-center fusion-flex-content-wrap\" style=\"width:104% !important;max-width:104% !important;margin-left: calc(-4% \/ 2 );margin-right: calc(-4% \/ 2 );\"><div class=\"fusion-layout-column fusion_builder_column fusion-builder-column-0 fusion-flex-column\" style=\"--awb-bg-size:cover;--awb-width-large:16.5%;--awb-margin-top-large:0px;--awb-spacing-right-large:11.636363636364%;--awb-margin-bottom-large:20px;--awb-spacing-left-large:11.636363636364%;--awb-width-medium:100%;--awb-order-medium:0;--awb-spacing-right-medium:1.92%;--awb-spacing-left-medium:1.92%;--awb-width-small:100%;--awb-order-small:0;--awb-spacing-right-small:1.92%;--awb-spacing-left-small:1.92%;\" data-scroll-devices=\"small-visibility,medium-visibility,large-visibility\"><div class=\"fusion-column-wrapper fusion-column-has-shadow fusion-flex-justify-content-flex-start fusion-content-layout-column\"><\/div><\/div><div class=\"fusion-layout-column fusion_builder_column fusion-builder-column-1 fusion-flex-column\" style=\"--awb-bg-color:#252f48;--awb-bg-color-hover:#252f48;--awb-bg-size:cover;--awb-width-large:67%;--awb-margin-top-large:0px;--awb-spacing-right-large:2.865671641791%;--awb-margin-bottom-large:20px;--awb-spacing-left-large:2.865671641791%;--awb-width-medium:100%;--awb-order-medium:0;--awb-spacing-right-medium:1.92%;--awb-spacing-left-medium:1.92%;--awb-width-small:100%;--awb-order-small:0;--awb-spacing-right-small:1.92%;--awb-spacing-left-small:1.92%;\" data-scroll-devices=\"small-visibility,medium-visibility,large-visibility\"><div class=\"fusion-column-wrapper fusion-column-has-shadow fusion-flex-justify-content-flex-start fusion-content-layout-column\"><div class=\"fusion-text fusion-text-1\"><p style=\"text-align: left;\"><span style=\"color: #ffffff;\"><strong>\u00a0NEDEN MECHTALKS?<\/strong><\/span><\/p>\n<\/div><\/div><\/div><div class=\"fusion-layout-column fusion_builder_column fusion-builder-column-2 fusion-flex-column\" style=\"--awb-bg-size:cover;--awb-width-large:16.5%;--awb-margin-top-large:0px;--awb-spacing-right-large:11.636363636364%;--awb-margin-bottom-large:20px;--awb-spacing-left-large:11.636363636364%;--awb-width-medium:100%;--awb-order-medium:0;--awb-spacing-right-medium:1.92%;--awb-spacing-left-medium:1.92%;--awb-width-small:100%;--awb-order-small:0;--awb-spacing-right-small:1.92%;--awb-spacing-left-small:1.92%;\" data-scroll-devices=\"small-visibility,medium-visibility,large-visibility\"><div class=\"fusion-column-wrapper fusion-column-has-shadow fusion-flex-justify-content-flex-start fusion-content-layout-column\"><\/div><\/div><\/div><\/div><div class=\"fusion-fullwidth fullwidth-box fusion-builder-row-2 fusion-flex-container has-pattern-background has-mask-background hundred-percent-fullwidth non-hundred-percent-height-scrolling\" style=\"--awb-border-radius-top-left:0px;--awb-border-radius-top-right:0px;--awb-border-radius-bottom-right:0px;--awb-border-radius-bottom-left:0px;--awb-padding-bottom:40px;--awb-background-color:#f9f9f9;--awb-flex-wrap:wrap;\" ><div class=\"fusion-builder-row fusion-row fusion-flex-align-items-center fusion-flex-justify-content-center fusion-flex-content-wrap\" style=\"width:104% !important;max-width:104% !important;margin-left: calc(-4% \/ 2 );margin-right: calc(-4% \/ 2 );\"><div class=\"fusion-layout-column fusion_builder_column fusion-builder-column-3 fusion-flex-column\" style=\"--awb-bg-size:cover;--awb-width-large:17%;--awb-margin-top-large:0px;--awb-spacing-right-large:11.294117647059%;--awb-margin-bottom-large:20px;--awb-spacing-left-large:11.294117647059%;--awb-width-medium:100%;--awb-order-medium:0;--awb-spacing-right-medium:1.92%;--awb-spacing-left-medium:1.92%;--awb-width-small:100%;--awb-order-small:0;--awb-spacing-right-small:1.92%;--awb-spacing-left-small:1.92%;\" data-scroll-devices=\"small-visibility,medium-visibility,large-visibility\"><div class=\"fusion-column-wrapper fusion-column-has-shadow fusion-flex-justify-content-flex-start fusion-content-layout-column\"><\/div><\/div><div class=\"fusion-layout-column fusion_builder_column fusion-builder-column-4 fusion-flex-column fusion-flex-align-self-center\" style=\"--awb-padding-top:30px;--awb-bg-size:cover;--awb-width-large:66%;--awb-margin-top-large:0px;--awb-spacing-right-large:2.9090909090909%;--awb-margin-bottom-large:20px;--awb-spacing-left-large:2.9090909090909%;--awb-width-medium:100%;--awb-order-medium:0;--awb-spacing-right-medium:1.92%;--awb-spacing-left-medium:1.92%;--awb-width-small:100%;--awb-order-small:0;--awb-spacing-right-small:1.92%;--awb-spacing-left-small:1.92%;\" data-scroll-devices=\"small-visibility,medium-visibility,large-visibility\"><div class=\"fusion-column-wrapper fusion-column-has-shadow fusion-flex-justify-content-flex-start fusion-content-layout-column\"><div class=\"fusion-text fusion-text-2\" style=\"--awb-font-size:var(--awb-typography4-font-size);--awb-line-height:var(--awb-typography4-line-height);--awb-letter-spacing:var(--awb-typography4-letter-spacing);--awb-text-transform:none;--awb-text-color:#000000;--awb-text-font-family:Arial, Helvetica, sans-serif;--awb-text-font-style:normal;--awb-text-font-weight:400;\"><p>De\u011ferli Sekt\u00f6r Payda\u015flar\u0131m\u0131z,<\/p>\n<p>TTMD, MTMD ve Borusan Boru ev sahipli\u011finde hayat bulan MechTalks sekt\u00f6r bulu\u015fmalar\u0131n\u0131n ilki, 2021 Kas\u0131m ay\u0131nda Sait Halim Pa\u015fa Yal\u0131s\u0131\u2019ndan canl\u0131 ba\u011flant\u0131 ile online olarak ger\u00e7ekle\u015ftirildi. MechTalks etkinlikleri serisinin ikincisi ise 24 Kas\u0131m 2022 tarihinde \u0130stanbul Mandarin Oriental Hotel Kuru\u00e7e\u015fme\u2019de d\u00fczenlendi.<\/p>\n<p>Sekt\u00f6r\u00fcn en iddial\u0131 etkinliklerinden biri olan MechTalks 3. y\u0131l\u0131nda Divan Kuru\u00e7e\u015fme\u2019de d\u00fczenlenecektir. \u00dclke kalk\u0131nmas\u0131na, sosyal refah\u0131n artmas\u0131na, s\u00fcrd\u00fcr\u00fclebilirli\u011fe, istikrar\u0131n sa\u011flanmas\u0131na ve rekabet g\u00fcc\u00fcn\u00fcn art\u0131r\u0131lmas\u0131na \u00f6nemli katk\u0131 sa\u011flamaktad\u0131r.<\/p>\n<p>Yurti\u00e7i ve yurtd\u0131\u015f\u0131ndan konusunda uzman konu\u015fmac\u0131lar\u0131n davet edildi\u011fi etkinli\u011fimize, kamu ve \u00f6zel sekt\u00f6r\u00fcn y\u00f6netici ve \u00e7al\u0131\u015fanlar\u0131, sanayici ve i\u015f adamlar\u0131, akademisyenler, giri\u015fimciler ve \u00f6\u011frenciler kat\u0131l\u0131m sa\u011flayacakt\u0131r. K\u00fcresel rekabette ba\u015far\u0131l\u0131 ve refah seviyesi y\u00fcksek bir T\u00fcrkiye i\u00e7in b\u00fct\u00fcn taraflara \u00f6zellikle de \u00f6zel sekt\u00f6r ve STK\u2019lara \u00f6nemli sorumluluklar d\u00fc\u015fmektedir. Sizleri sekt\u00f6r\u00fcn\u00fcn en \u00f6nemli, kat\u0131l\u0131m\u0131 en b\u00fcy\u00fck etkinliklerinden biri olan MechTalks 2024\u2019e vizyonunuzla ortak ak\u0131l olu\u015fturmaya davet ediyoruz.<\/p>\n<\/div><div class=\"fusion-image-element \" style=\"--awb-caption-title-font-family:var(--h2_typography-font-family);--awb-caption-title-font-weight:var(--h2_typography-font-weight);--awb-caption-title-font-style:var(--h2_typography-font-style);--awb-caption-title-size:var(--h2_typography-font-size);--awb-caption-title-transform:var(--h2_typography-text-transform);--awb-caption-title-line-height:var(--h2_typography-line-height);--awb-caption-title-letter-spacing:var(--h2_typography-letter-spacing);\"><span class=\" fusion-imageframe imageframe-none imageframe-1 hover-type-none\"><img decoding=\"async\" width=\"1200\" height=\"453\" src=\"https:\/\/mechtalks.com\/wp-content\/uploads\/2023\/12\/1-kopya.webp\" data-orig-src=\"https:\/\/mechtalks.com\/wp-content\/uploads\/2023\/12\/1-kopya.webp\" alt class=\"lazyload img-responsive wp-image-6464\" srcset=\"data:image\/svg+xml,%3Csvg%20xmlns%3D%27http%3A%2F%2Fwww.w3.org%2F2000%2Fsvg%27%20width%3D%271200%27%20height%3D%27453%27%20viewBox%3D%270%200%201200%20453%27%3E%3Crect%20width%3D%271200%27%20height%3D%27453%27%20fill-opacity%3D%220%22%2F%3E%3C%2Fsvg%3E\" data-srcset=\"https:\/\/mechtalks.com\/wp-content\/uploads\/2023\/12\/1-kopya-200x76.webp 200w, https:\/\/mechtalks.com\/wp-content\/uploads\/2023\/12\/1-kopya-300x113.webp 300w, https:\/\/mechtalks.com\/wp-content\/uploads\/2023\/12\/1-kopya-400x151.webp 400w, https:\/\/mechtalks.com\/wp-content\/uploads\/2023\/12\/1-kopya-600x227.webp 600w, https:\/\/mechtalks.com\/wp-content\/uploads\/2023\/12\/1-kopya-768x290.webp 768w, https:\/\/mechtalks.com\/wp-content\/uploads\/2023\/12\/1-kopya-800x302.webp 800w, https:\/\/mechtalks.com\/wp-content\/uploads\/2023\/12\/1-kopya-1024x387.webp 1024w, https:\/\/mechtalks.com\/wp-content\/uploads\/2023\/12\/1-kopya.webp 1200w\" data-sizes=\"auto\" data-orig-sizes=\"(max-width: 1024px) 100vw, (max-width: 640px) 100vw, 1200px\" \/><\/span><\/div><\/div><\/div><div class=\"fusion-layout-column fusion_builder_column fusion-builder-column-5 fusion-flex-column\" style=\"--awb-bg-size:cover;--awb-width-large:17%;--awb-margin-top-large:0px;--awb-spacing-right-large:11.294117647059%;--awb-margin-bottom-large:20px;--awb-spacing-left-large:11.294117647059%;--awb-width-medium:100%;--awb-order-medium:0;--awb-spacing-right-medium:1.92%;--awb-spacing-left-medium:1.92%;--awb-width-small:100%;--awb-order-small:0;--awb-spacing-right-small:1.92%;--awb-spacing-left-small:1.92%;\" data-scroll-devices=\"small-visibility,medium-visibility,large-visibility\"><div class=\"fusion-column-wrapper fusion-column-has-shadow fusion-flex-justify-content-flex-start fusion-content-layout-column\"><\/div><\/div><\/div><\/div><div class=\"fusion-fullwidth fullwidth-box fusion-builder-row-3 fusion-flex-container has-pattern-background has-mask-background hundred-percent-fullwidth non-hundred-percent-height-scrolling\" style=\"--awb-border-radius-top-left:0px;--awb-border-radius-top-right:0px;--awb-border-radius-bottom-right:0px;--awb-border-radius-bottom-left:0px;--awb-padding-top:40px;--awb-background-color:#252f48;--awb-flex-wrap:wrap;\" ><div class=\"fusion-builder-row fusion-row fusion-flex-align-items-center fusion-flex-justify-content-center fusion-flex-content-wrap\" style=\"width:104% !important;max-width:104% !important;margin-left: calc(-4% \/ 2 );margin-right: calc(-4% \/ 2 );\"><div class=\"fusion-layout-column fusion_builder_column fusion-builder-column-6 fusion-flex-column\" style=\"--awb-bg-size:cover;--awb-width-large:24%;--awb-margin-top-large:0px;--awb-spacing-right-large:8%;--awb-margin-bottom-large:20px;--awb-spacing-left-large:8%;--awb-width-medium:100%;--awb-order-medium:0;--awb-spacing-right-medium:1.92%;--awb-spacing-left-medium:1.92%;--awb-width-small:100%;--awb-order-small:0;--awb-spacing-right-small:1.92%;--awb-spacing-left-small:1.92%;\" data-scroll-devices=\"small-visibility,medium-visibility,large-visibility\"><div class=\"fusion-column-wrapper fusion-column-has-shadow fusion-flex-justify-content-flex-start fusion-content-layout-column\"><\/div><\/div><div class=\"fusion-layout-column fusion_builder_column fusion-builder-column-7 fusion-flex-column fusion-flex-align-self-center\" style=\"--awb-bg-color:#252f48;--awb-bg-color-hover:#252f48;--awb-bg-size:cover;--awb-width-large:52%;--awb-margin-top-large:0px;--awb-spacing-right-large:3.6923076923077%;--awb-margin-bottom-large:20px;--awb-spacing-left-large:3.6923076923077%;--awb-width-medium:100%;--awb-order-medium:0;--awb-spacing-right-medium:1.92%;--awb-spacing-left-medium:1.92%;--awb-width-small:100%;--awb-order-small:0;--awb-spacing-right-small:1.92%;--awb-spacing-left-small:1.92%;\" data-scroll-devices=\"small-visibility,medium-visibility,large-visibility\"><div class=\"fusion-column-wrapper fusion-column-has-shadow fusion-flex-justify-content-center fusion-content-layout-column\"><div class=\"fusion-text fusion-text-3\" style=\"--awb-text-font-family:Arial, Helvetica, sans-serif;--awb-text-font-style:normal;--awb-text-font-weight:400;\"><p class=\"paragraph agenda\" style=\"text-align: left;\" data-w-id=\"89688992-1010-acc6-c119-e34529f5db24\"><span style=\"color: #ffffff;\"><strong>MECHTALKS GENEL B\u0130LG\u0130LER<\/strong><\/span><\/p>\n<\/div><\/div><\/div><div class=\"fusion-layout-column fusion_builder_column fusion-builder-column-8 fusion-flex-column\" style=\"--awb-bg-size:cover;--awb-width-large:24%;--awb-margin-top-large:0px;--awb-spacing-right-large:8%;--awb-margin-bottom-large:20px;--awb-spacing-left-large:8%;--awb-width-medium:100%;--awb-order-medium:0;--awb-spacing-right-medium:1.92%;--awb-spacing-left-medium:1.92%;--awb-width-small:100%;--awb-order-small:0;--awb-spacing-right-small:1.92%;--awb-spacing-left-small:1.92%;\" data-scroll-devices=\"small-visibility,medium-visibility,large-visibility\"><div class=\"fusion-column-wrapper fusion-column-has-shadow fusion-flex-justify-content-flex-start fusion-content-layout-column\"><\/div><\/div><\/div><\/div><div class=\"fusion-fullwidth fullwidth-box fusion-builder-row-4 fusion-flex-container has-pattern-background has-mask-background nonhundred-percent-fullwidth non-hundred-percent-height-scrolling\" style=\"--awb-border-radius-top-left:0px;--awb-border-radius-top-right:0px;--awb-border-radius-bottom-right:0px;--awb-border-radius-bottom-left:0px;--awb-flex-wrap:wrap;\" ><div class=\"fusion-builder-row fusion-row fusion-flex-align-items-center fusion-flex-justify-content-center fusion-flex-content-wrap\" style=\"max-width:1216.8px;margin-left: calc(-4% \/ 2 );margin-right: calc(-4% \/ 2 );\"><div class=\"fusion-layout-column fusion_builder_column fusion-builder-column-9 fusion-flex-column fusion-flex-align-self-center\" style=\"--awb-padding-top:20px;--awb-bg-size:cover;--awb-width-large:80%;--awb-margin-top-large:0px;--awb-spacing-right-large:2.4%;--awb-margin-bottom-large:20px;--awb-spacing-left-large:2.4%;--awb-width-medium:100%;--awb-order-medium:0;--awb-spacing-right-medium:1.92%;--awb-spacing-left-medium:1.92%;--awb-width-small:100%;--awb-order-small:0;--awb-spacing-right-small:1.92%;--awb-spacing-left-small:1.92%;\"><div class=\"fusion-column-wrapper fusion-column-has-shadow fusion-flex-justify-content-flex-start fusion-content-layout-column\">\n<table id=\"tablepress-1\" class=\"tablepress tablepress-id-1\">\n<tbody class=\"row-hover\">\n<tr class=\"row-1 odd\">\n\t<td class=\"column-1\">KONFERANS MERKEZ\u0130<\/td><td class=\"column-2\">: Divan Kuru\u00e7e\u015fme, Be\u015fikta\u015f, \u0130stanbul<\/td>\n<\/tr>\n<tr class=\"row-2 even\">\n\t<td class=\"column-1\">KONFERANS TAR\u0130H\u0130<\/td><td class=\"column-2\">: 15.05.2024<\/td>\n<\/tr>\n<tr class=\"row-3 odd\">\n\t<td class=\"column-1\">KONFERANS S\u0130TES\u0130<\/td><td class=\"column-2\">: www.mechtalks.com<\/td>\n<\/tr>\n<tr class=\"row-4 even\">\n\t<td class=\"column-1\">BEKLENEN KATILIMCI SAYISI<\/td><td class=\"column-2\">: 400+<\/td>\n<\/tr>\n<tr class=\"row-5 odd\">\n\t<td class=\"column-1\">KONFERANS D\u0130L\u0130<\/td><td class=\"column-2\">: T\u00fcrk\u00e7e, talep do\u011frultusunda simultane terc\u00fcme hizmeti verilir.<\/td>\n<\/tr>\n<tr class=\"row-6 even\">\n\t<td class=\"column-1\">G\u00dcVENL\u0130K &amp; S\u0130GORTA<\/td><td class=\"column-2\">:  Mechtalks organizasyon komitesi ve sekretaryas\u0131, konferans esnas\u0131nda,<br \/>\nkonferans merkezinde veya \u00e7evresinde ger\u00e7ekle\u015fecek kaza, yaralanma<br \/>\nveya hasarlardan sorumlu tutulamaz. Konferans \u00f6ncesi kat\u0131l\u0131mc\u0131lar\u0131n kaza,<br \/>\nsa\u011fl\u0131k ve seyahat sigortalar\u0131n\u0131 yapt\u0131rmalar\u0131 \u00f6nerilir.<\/td>\n<\/tr>\n<\/tbody>\n<\/table>\n<!-- #tablepress-1 from cache --><div class=\"fusion-image-carousel fusion-image-carousel-fixed fusion-image-carousel-1 lightbox-enabled fusion-carousel-border\"><div class=\"awb-carousel awb-swiper awb-swiper-carousel\" data-autoplay=\"no\" data-columns=\"5\" data-itemmargin=\"13\" data-itemwidth=\"180\" data-touchscroll=\"no\" data-imagesize=\"fixed\"><div class=\"swiper-wrapper awb-image-carousel-wrapper fusion-flex-align-items-center\"><div class=\"swiper-slide\"><div class=\"fusion-carousel-item-wrapper\"><div class=\"fusion-image-wrapper hover-type-none\"><a data-rel=\"iLightbox[image_carousel_1]\" href=\"https:\/\/mechtalks.com\/wp-content\/uploads\/2023\/12\/divan-810x52016-1.jpg\" target=\"_self\"><img decoding=\"async\" width=\"320\" height=\"202\" src=\"data:image\/svg+xml,%3Csvg%20xmlns%3D%27http%3A%2F%2Fwww.w3.org%2F2000%2Fsvg%27%20width%3D%27810%27%20height%3D%27520%27%20viewBox%3D%270%200%20810%20520%27%3E%3Crect%20width%3D%27810%27%20height%3D%27520%27%20fill-opacity%3D%220%22%2F%3E%3C%2Fsvg%3E\" class=\"attachment-blog-medium size-blog-medium lazyload\" alt=\"\" data-orig-src=\"https:\/\/mechtalks.com\/wp-content\/uploads\/2023\/12\/divan-810x52016-1-320x202.jpg\" \/><\/a><\/div><\/div><\/div><div class=\"swiper-slide\"><div class=\"fusion-carousel-item-wrapper\"><div class=\"fusion-image-wrapper hover-type-none\"><a data-rel=\"iLightbox[image_carousel_1]\" href=\"https:\/\/mechtalks.com\/wp-content\/uploads\/2023\/12\/divankurucesme_Mercan-teras-balo-gunduz.jpg\" target=\"_self\"><img decoding=\"async\" width=\"320\" height=\"202\" src=\"data:image\/svg+xml,%3Csvg%20xmlns%3D%27http%3A%2F%2Fwww.w3.org%2F2000%2Fsvg%27%20width%3D%271250%27%20height%3D%27647%27%20viewBox%3D%270%200%201250%20647%27%3E%3Crect%20width%3D%271250%27%20height%3D%27647%27%20fill-opacity%3D%220%22%2F%3E%3C%2Fsvg%3E\" class=\"attachment-blog-medium size-blog-medium lazyload\" alt=\"\" data-orig-src=\"https:\/\/mechtalks.com\/wp-content\/uploads\/2023\/12\/divankurucesme_Mercan-teras-balo-gunduz-320x202.jpg\" \/><\/a><\/div><\/div><\/div><div class=\"swiper-slide\"><div class=\"fusion-carousel-item-wrapper\"><div class=\"fusion-image-wrapper hover-type-none\"><a data-rel=\"iLightbox[image_carousel_1]\" href=\"https:\/\/mechtalks.com\/wp-content\/uploads\/2023\/12\/divankurucesme_-Lobby-1.jpg\" target=\"_self\"><img decoding=\"async\" width=\"320\" height=\"202\" src=\"data:image\/svg+xml,%3Csvg%20xmlns%3D%27http%3A%2F%2Fwww.w3.org%2F2000%2Fsvg%27%20width%3D%271250%27%20height%3D%27833%27%20viewBox%3D%270%200%201250%20833%27%3E%3Crect%20width%3D%271250%27%20height%3D%27833%27%20fill-opacity%3D%220%22%2F%3E%3C%2Fsvg%3E\" class=\"attachment-blog-medium size-blog-medium lazyload\" alt=\"\" data-orig-src=\"https:\/\/mechtalks.com\/wp-content\/uploads\/2023\/12\/divankurucesme_-Lobby-1-320x202.jpg\" \/><\/a><\/div><\/div><\/div><div class=\"swiper-slide\"><div class=\"fusion-carousel-item-wrapper\"><div class=\"fusion-image-wrapper hover-type-none\"><a data-rel=\"iLightbox[image_carousel_1]\" href=\"https:\/\/mechtalks.com\/wp-content\/uploads\/2023\/12\/divankurucesme_Mercan-Hamam2.jpg\" target=\"_self\"><img decoding=\"async\" width=\"320\" height=\"202\" src=\"data:image\/svg+xml,%3Csvg%20xmlns%3D%27http%3A%2F%2Fwww.w3.org%2F2000%2Fsvg%27%20width%3D%271000%27%20height%3D%27841%27%20viewBox%3D%270%200%201000%20841%27%3E%3Crect%20width%3D%271000%27%20height%3D%27841%27%20fill-opacity%3D%220%22%2F%3E%3C%2Fsvg%3E\" class=\"attachment-blog-medium size-blog-medium lazyload\" alt=\"\" data-orig-src=\"https:\/\/mechtalks.com\/wp-content\/uploads\/2023\/12\/divankurucesme_Mercan-Hamam2-320x202.jpg\" \/><\/a><\/div><\/div><\/div><\/div><div class=\"awb-swiper-button awb-swiper-button-prev\"><i class=\"awb-icon-angle-left\" aria-hidden=\"true\"><\/i><\/div><div class=\"awb-swiper-button awb-swiper-button-next\"><i class=\"awb-icon-angle-right\" aria-hidden=\"true\"><\/i><\/div><\/div><\/div><iframe src=\"https:\/\/www.google.com\/maps\/embed?pb=!1m18!1m12!1m3!1d3008.295662191815!2d29.036474976464536!3d41.06252941608194!2m3!1f0!2f0!3f0!3m2!1i1024!2i768!4f13.1!3m3!1m2!1s0x14cab625eb60120f%3A0xb5250f1a32934287!2zRGl2YW4gS3VydcOnZcWfbWU!5e0!3m2!1str!2str!4v1701932639559!5m2!1str!2str\" width=\"980\" height=\"400\" style=\"border:0;\" allowfullscreen=\"\" loading=\"lazy\" referrerpolicy=\"no-referrer-when-downgrade\"><\/iframe><\/div><\/div><\/div><\/div><\/p>\n","protected":false},"excerpt":{"rendered":"","protected":false},"author":1,"featured_media":0,"parent":0,"menu_order":0,"comment_status":"closed","ping_status":"closed","template":"100-width.php","meta":{"footnotes":""},"class_list":["post-5227","page","type-page","status-publish","hentry"],"_links":{"self":[{"href":"https:\/\/mechtalks.com\/tr_tr\/wp-json\/wp\/v2\/pages\/5227","targetHints":{"allow":["GET"]}}],"collection":[{"href":"https:\/\/mechtalks.com\/tr_tr\/wp-json\/wp\/v2\/pages"}],"about":[{"href":"https:\/\/mechtalks.com\/tr_tr\/wp-json\/wp\/v2\/types\/page"}],"author":[{"embeddable":true,"href":"https:\/\/mechtalks.com\/tr_tr\/wp-json\/wp\/v2\/users\/1"}],"replies":[{"embeddable":true,"href":"https:\/\/mechtalks.com\/tr_tr\/wp-json\/wp\/v2\/comments?post=5227"}],"version-history":[{"count":60,"href":"https:\/\/mechtalks.com\/tr_tr\/wp-json\/wp\/v2\/pages\/5227\/revisions"}],"predecessor-version":[{"id":5273,"href":"https:\/\/mechtalks.com\/tr_tr\/wp-json\/wp\/v2\/pages\/5227\/revisions\/5273"}],"wp:attachment":[{"href":"https:\/\/mechtalks.com\/tr_tr\/wp-json\/wp\/v2\/media?parent=5227"}],"curies":[{"name":"wp","href":"https:\/\/api.w.org\/{rel}","templated":true}]}}