{"id":5207,"date":"2022-07-25T11:04:08","date_gmt":"2022-07-25T11:04:08","guid":{"rendered":"https:\/\/mechtalks.com\/?page_id=5207"},"modified":"2024-05-10T13:55:28","modified_gmt":"2024-05-10T13:55:28","slug":"hakkimizda","status":"publish","type":"page","link":"https:\/\/mechtalks.com\/tr_tr\/hakkimizda\/","title":{"rendered":"Hakk\u0131m\u0131zda"},"content":{"rendered":"<p><div class=\"fusion-fullwidth fullwidth-box fusion-builder-row-1 fusion-flex-container has-pattern-background has-mask-background hundred-percent-fullwidth non-hundred-percent-height-scrolling\" style=\"--awb-border-radius-top-left:0px;--awb-border-radius-top-right:0px;--awb-border-radius-bottom-right:0px;--awb-border-radius-bottom-left:0px;--awb-flex-wrap:wrap;\" ><div class=\"fusion-builder-row fusion-row fusion-flex-align-items-flex-end fusion-flex-justify-content-space-between fusion-flex-content-wrap\" style=\"width:104% !important;max-width:104% !important;margin-left: calc(-4% \/ 2 );margin-right: calc(-4% \/ 2 );\"><div class=\"fusion-layout-column fusion_builder_column fusion-builder-column-0 fusion_builder_column_1_1 1_1 fusion-flex-column\" style=\"--awb-bg-size:cover;--awb-width-large:100%;--awb-margin-top-large:88px;--awb-spacing-right-large:0%;--awb-margin-bottom-large:29px;--awb-spacing-left-large:0%;--awb-width-medium:100%;--awb-order-medium:0;--awb-spacing-right-medium:1.92%;--awb-spacing-left-medium:1.92%;--awb-width-small:100%;--awb-order-small:0;--awb-spacing-right-small:1.92%;--awb-spacing-left-small:1.92%;\" data-scroll-devices=\"small-visibility,medium-visibility,large-visibility\"><div class=\"fusion-column-wrapper lazyload fusion-column-has-shadow fusion-flex-justify-content-space-around fusion-content-layout-column fusion-empty-column-bg-image fusion-column-has-bg-image\" data-bg-url=\"https:\/\/mechtalks.com\/wp-content\/uploads\/2023\/12\/b5059d47-f2b8-423f-94cd-9ee14736fc9d.jpg\" data-bg=\"https:\/\/mechtalks.com\/wp-content\/uploads\/2023\/12\/b5059d47-f2b8-423f-94cd-9ee14736fc9d.jpg\"><img decoding=\"async\" class=\"fusion-empty-dims-img-placeholder\" src=\"data:image\/svg+xml,%3Csvg%20xmlns%3D%27http%3A%2F%2Fwww.w3.org%2F2000%2Fsvg%27%20width%3D%271600%27%20height%3D%27375%27%20viewBox%3D%270%200%201600%20375%27%3E%3Crect%20width%3D%271600%27%20height%3D%27375%27%20fill-opacity%3D%220%22%2F%3E%3C%2Fsvg%3E\"><\/div><\/div><\/div><\/div><div class=\"fusion-fullwidth fullwidth-box fusion-builder-row-2 fusion-flex-container has-pattern-background has-mask-background nonhundred-percent-fullwidth non-hundred-percent-height-scrolling\" style=\"--awb-border-radius-top-left:0px;--awb-border-radius-top-right:0px;--awb-border-radius-bottom-right:0px;--awb-border-radius-bottom-left:0px;--awb-flex-wrap:wrap;\" ><div class=\"fusion-builder-row fusion-row fusion-flex-align-items-center fusion-flex-justify-content-center fusion-flex-content-wrap\" style=\"max-width:1216.8px;margin-left: calc(-4% \/ 2 );margin-right: calc(-4% \/ 2 );\"><div class=\"fusion-layout-column fusion_builder_column fusion-builder-column-1 fusion-flex-column fusion-flex-align-self-center\" style=\"--awb-padding-top:70px;--awb-bg-size:cover;--awb-width-large:80%;--awb-margin-top-large:0px;--awb-spacing-right-large:2.4%;--awb-margin-bottom-large:20px;--awb-spacing-left-large:2.4%;--awb-width-medium:100%;--awb-order-medium:0;--awb-spacing-right-medium:1.92%;--awb-spacing-left-medium:1.92%;--awb-width-small:100%;--awb-order-small:0;--awb-spacing-right-small:1.92%;--awb-spacing-left-small:1.92%;\"><div class=\"fusion-column-wrapper fusion-column-has-shadow fusion-flex-justify-content-flex-start fusion-content-layout-column\"><div class=\"fusion-text fusion-text-1\"><p><strong>HAKKIMIZDA<\/strong><\/p>\n<p><strong>D\u00dcZENLEYEN KURULU\u015eLAR \/ MECHTALKS EV SAH\u0130PLER\u0130<\/strong><\/p>\n<p>T\u00fcrk Tesisat M\u00fchendisleri Derne\u011fi (TTMD), Mekanik Tesisat M\u00fcteahhitleri Derne\u011fi (MTMD) ve Borusan Boru i\u015f birli\u011fi ile d\u00fczenlenen <strong>MechTalks<\/strong>, mekanik tesisat sekt\u00f6r\u00fcn\u00fcn t\u00fcm payda\u015flar\u0131n\u0131 bir araya getirerek tecr\u00fcbe ve deneyim payla\u015f\u0131m\u0131 ile mekanik tesisat profesyonellerini daha ileri ta\u015f\u0131may\u0131 ve sekt\u00f6r\u00fcn\u00fcn \u00f6nde gelen etkinliklerinden biri olmay\u0131 ama\u00e7lar.<\/p>\n<p><strong>TTMD<\/strong>; tan\u0131mdaki alanlarda Tesisat M\u00fchendisli\u011finin ve topluma verdi\u011fi hizmetlerin geli\u015fmesi i\u00e7in 1992 y\u0131l\u0131nda kurulmu\u015f olup, bug\u00fcn de\u011fi\u015fik disiplinlerden gelen profesyonellerin ortak ama\u00e7lar i\u00e7in topland\u0131\u011f\u0131 bir dernek haline gelmi\u015ftir. Bilgi ve teknoloji transferini ger\u00e7ekle\u015ftirmek, uluslararas\u0131 platformda meslekta\u015flar\u0131m\u0131z\u0131 temsil etmek ve geli\u015fmeleri an\u0131nda izlemek i\u00e7in TTMD olarak yurtd\u0131\u015f\u0131 meslek \u00f6rg\u00fctleri ile temaslar\u0131m\u0131z devam etmektedir.<\/p>\n<p><strong>MTMD<\/strong>, 12 Nisan 2007 tarihinde T\u00fcrk Tesisat M\u00fchendisleri Derne\u011finin b\u00fcnyesinden do\u011fmu\u015f, t\u00fczel ki\u015filerin olu\u015fturdu\u011fu bir yap\u0131d\u0131r. Derne\u011fi var eden ana fikir; T\u00fcrk mekanik tesisat m\u00fcteahhitli\u011finin k\u00fcresel rekabet g\u00fcc\u00fcne sahip olmas\u0131, ulusal mekanik tesisat sekt\u00f6r\u00fcn\u00fcn geli\u015fmesinde kendine d\u00fc\u015fen g\u00f6revi en iyi seviyede yerine getirmesi, kendi meslek disiplininin varl\u0131\u011f\u0131n\u0131 g\u00fc\u00e7lendirerek koruyabilmesi i\u00e7in gereken iyile\u015ftirmelerin sa\u011flanmas\u0131d\u0131r. Mekanik tesisat m\u00fcteahhitlerin ortak sorunlar\u0131n\u0131 birlikte tart\u0131\u015fabilece\u011fi ve \u00e7\u00f6z\u00fcm yollar\u0131 i\u00e7in bir g\u00fc\u00e7 birli\u011fi olu\u015fturabilece\u011fi ortak bir \u00e7at\u0131 ama\u00e7layan MTMD, kabul edilebilir rekabet ko\u015fullar\u0131 i\u00e7inde, uluslararas\u0131 d\u00fczeyde uygulanm\u0131\u015f ve kabul g\u00f6rm\u00fc\u015f yetki ve sorumluluklar\u0131 sekt\u00f6rde h\u00e2kim k\u0131larak, mesle\u011fin geli\u015fmesinin, yurti\u00e7inde ve d\u0131\u015f\u0131nda g\u00fc\u00e7lenmesinin dinamosu olmay\u0131 hedefliyor.<\/p>\n<p>Bu ama\u00e7 ve ana fikirler etraf\u0131nda deneyimlerimizi art\u0131rmak, alt yap\u0131lar\u0131m\u0131z\u0131 haz\u0131rlamak, sekt\u00f6r\u00fcm\u00fcz\u00fc tan\u0131tmak ve yeni elemanlar kazanmak, ortak sorunlar\u0131m\u0131z\u0131 tart\u0131\u015fmak ve \u00e7\u00f6z\u00fcm yollar\u0131 bulmak, uluslararas\u0131 alanda kabul g\u00f6rm\u00fc\u015f standartlarda i\u015f yapmak ve sorumluluk almak gibi konular\u0131n tart\u0131\u015f\u0131lmas\u0131, irdelenmesi ve sonu\u00e7land\u0131r\u0131labilmesi i\u00e7in bir \u00e7at\u0131ya ihtiya\u00e7 do\u011fmu\u015ftur. \u0130\u015fte bu \u00e7at\u0131 Mekanik Tesisat M\u00fcteahhitleri Derne\u011fi\u2019dir.<\/p>\n<p><strong>Borusan Boru,<\/strong> T\u00fcrkiye\u2019nin \u00f6nc\u00fc g\u00fc\u00e7lerinden biri olan Borusan Grubu\u2019nun ilk sanayi giri\u015fimidir. Kuruldu\u011fu ilk g\u00fcnden bu yana global bir vizyona sahip olan \u015firket, 2800\u2019den fazla \u00e7al\u0131\u015fan\u0131 ve 4.000\u2019den fazla \u00fcr\u00fcn \u00e7e\u015fidi ile g\u00fcvenilir bir d\u00fcnya markas\u0131 olarak faaliyetlerini s\u00fcrd\u00fcr\u00fcyor. 3 k\u0131tadaki 11 tesisi ve y\u00fcksek sat\u0131\u015f hacmi ile \u00e7elik boru sekt\u00f6r\u00fcnde Avrupa\u2019n\u0131n ve d\u00fcnyan\u0131n \u00f6nde gelen \u00fcreticileri aras\u0131nda yer al\u0131yor.<\/p>\n<\/div><\/div><\/div><\/div><\/div><div class=\"fusion-fullwidth fullwidth-box fusion-builder-row-3 fusion-flex-container has-pattern-background has-mask-background nonhundred-percent-fullwidth non-hundred-percent-height-scrolling\" style=\"--awb-border-radius-top-left:0px;--awb-border-radius-top-right:0px;--awb-border-radius-bottom-right:0px;--awb-border-radius-bottom-left:0px;--awb-flex-wrap:wrap;\" ><div class=\"fusion-builder-row fusion-row fusion-flex-align-items-flex-start fusion-flex-justify-content-center fusion-flex-content-wrap\" style=\"max-width:1216.8px;margin-left: calc(-4% \/ 2 );margin-right: calc(-4% \/ 2 );\"><div class=\"fusion-layout-column fusion_builder_column fusion-builder-column-2 fusion_builder_column_1_4 1_4 fusion-flex-column fusion-flex-align-self-center\" style=\"--awb-bg-size:cover;--awb-width-large:25%;--awb-margin-top-large:0px;--awb-spacing-right-large:7.68%;--awb-margin-bottom-large:20px;--awb-spacing-left-large:7.68%;--awb-width-medium:100%;--awb-order-medium:0;--awb-spacing-right-medium:1.92%;--awb-spacing-left-medium:1.92%;--awb-width-small:100%;--awb-order-small:0;--awb-spacing-right-small:1.92%;--awb-spacing-left-small:1.92%;\"><div class=\"fusion-column-wrapper fusion-column-has-shadow fusion-flex-justify-content-center fusion-content-layout-column\"><div class=\"fusion-image-element \" style=\"text-align:center;--awb-caption-title-font-family:var(--h2_typography-font-family);--awb-caption-title-font-weight:var(--h2_typography-font-weight);--awb-caption-title-font-style:var(--h2_typography-font-style);--awb-caption-title-size:var(--h2_typography-font-size);--awb-caption-title-transform:var(--h2_typography-text-transform);--awb-caption-title-line-height:var(--h2_typography-line-height);--awb-caption-title-letter-spacing:var(--h2_typography-letter-spacing);\"><span class=\" fusion-imageframe imageframe-none imageframe-1 hover-type-none\"><a class=\"fusion-no-lightbox\" href=\"https:\/\/ttmd.org.tr\/\" target=\"_blank\" aria-label=\"ttmd-2\" rel=\"noopener noreferrer\"><img decoding=\"async\" width=\"263\" height=\"263\" src=\"https:\/\/mechtalks.com\/wp-content\/uploads\/2022\/07\/ttmd-2.png\" data-orig-src=\"https:\/\/mechtalks.com\/wp-content\/uploads\/2022\/07\/ttmd-2.png\" alt class=\"lazyload img-responsive wp-image-5194\" srcset=\"data:image\/svg+xml,%3Csvg%20xmlns%3D%27http%3A%2F%2Fwww.w3.org%2F2000%2Fsvg%27%20width%3D%27263%27%20height%3D%27263%27%20viewBox%3D%270%200%20263%20263%27%3E%3Crect%20width%3D%27263%27%20height%3D%27263%27%20fill-opacity%3D%220%22%2F%3E%3C%2Fsvg%3E\" data-srcset=\"https:\/\/mechtalks.com\/wp-content\/uploads\/2022\/07\/ttmd-2-200x200.png 200w, https:\/\/mechtalks.com\/wp-content\/uploads\/2022\/07\/ttmd-2.png 263w\" data-sizes=\"auto\" data-orig-sizes=\"(max-width: 1024px) 100vw, (max-width: 640px) 100vw, 263px\" \/><\/a><\/span><\/div><\/div><\/div><div class=\"fusion-layout-column fusion_builder_column fusion-builder-column-3 fusion_builder_column_1_4 1_4 fusion-flex-column fusion-flex-align-self-flex-start\" style=\"--awb-bg-size:cover;--awb-width-large:25%;--awb-margin-top-large:0px;--awb-spacing-right-large:7.68%;--awb-margin-bottom-large:20px;--awb-spacing-left-large:7.68%;--awb-width-medium:100%;--awb-order-medium:0;--awb-spacing-right-medium:1.92%;--awb-spacing-left-medium:1.92%;--awb-width-small:100%;--awb-order-small:0;--awb-spacing-right-small:1.92%;--awb-spacing-left-small:1.92%;\"><div class=\"fusion-column-wrapper fusion-column-has-shadow fusion-flex-justify-content-center fusion-content-layout-column\"><div class=\"fusion-image-element \" style=\"text-align:center;--awb-caption-title-font-family:var(--h2_typography-font-family);--awb-caption-title-font-weight:var(--h2_typography-font-weight);--awb-caption-title-font-style:var(--h2_typography-font-style);--awb-caption-title-size:var(--h2_typography-font-size);--awb-caption-title-transform:var(--h2_typography-text-transform);--awb-caption-title-line-height:var(--h2_typography-line-height);--awb-caption-title-letter-spacing:var(--h2_typography-letter-spacing);\"><span class=\" fusion-imageframe imageframe-none imageframe-2 hover-type-none\"><a class=\"fusion-no-lightbox\" href=\"https:\/\/mtmd.org.tr\/\" target=\"_blank\" aria-label=\"mtmd2\" rel=\"noopener noreferrer\"><img decoding=\"async\" width=\"263\" height=\"263\" src=\"https:\/\/mechtalks.com\/wp-content\/uploads\/2022\/07\/mtmd2.png\" data-orig-src=\"https:\/\/mechtalks.com\/wp-content\/uploads\/2022\/07\/mtmd2.png\" alt class=\"lazyload img-responsive wp-image-5200\" srcset=\"data:image\/svg+xml,%3Csvg%20xmlns%3D%27http%3A%2F%2Fwww.w3.org%2F2000%2Fsvg%27%20width%3D%27263%27%20height%3D%27263%27%20viewBox%3D%270%200%20263%20263%27%3E%3Crect%20width%3D%27263%27%20height%3D%27263%27%20fill-opacity%3D%220%22%2F%3E%3C%2Fsvg%3E\" data-srcset=\"https:\/\/mechtalks.com\/wp-content\/uploads\/2022\/07\/mtmd2-200x200.png 200w, https:\/\/mechtalks.com\/wp-content\/uploads\/2022\/07\/mtmd2.png 263w\" data-sizes=\"auto\" data-orig-sizes=\"(max-width: 1024px) 100vw, (max-width: 640px) 100vw, 263px\" \/><\/a><\/span><\/div><\/div><\/div><div class=\"fusion-layout-column fusion_builder_column fusion-builder-column-4 fusion_builder_column_1_4 1_4 fusion-flex-column fusion-flex-align-self-center\" style=\"--awb-bg-size:cover;--awb-width-large:25%;--awb-margin-top-large:0px;--awb-spacing-right-large:7.68%;--awb-margin-bottom-large:20px;--awb-spacing-left-large:7.68%;--awb-width-medium:100%;--awb-order-medium:0;--awb-spacing-right-medium:1.92%;--awb-spacing-left-medium:1.92%;--awb-width-small:100%;--awb-order-small:0;--awb-spacing-right-small:1.92%;--awb-spacing-left-small:1.92%;\"><div class=\"fusion-column-wrapper fusion-column-has-shadow fusion-flex-justify-content-center fusion-content-layout-column\"><div class=\"fusion-image-element \" style=\"text-align:center;--awb-caption-title-font-family:var(--h2_typography-font-family);--awb-caption-title-font-weight:var(--h2_typography-font-weight);--awb-caption-title-font-style:var(--h2_typography-font-style);--awb-caption-title-size:var(--h2_typography-font-size);--awb-caption-title-transform:var(--h2_typography-text-transform);--awb-caption-title-line-height:var(--h2_typography-line-height);--awb-caption-title-letter-spacing:var(--h2_typography-letter-spacing);\"><span class=\" fusion-imageframe imageframe-none imageframe-3 hover-type-none\"><a class=\"fusion-no-lightbox\" href=\"https:\/\/www.borusanboru.com\/anasayfa\" target=\"_blank\" rel=\"noopener noreferrer\"><img decoding=\"async\" width=\"263\" height=\"263\" src=\"https:\/\/mechtalks.com\/wp-content\/uploads\/2023\/12\/borusan2-150x1503-03-03-04.png\" data-orig-src=\"https:\/\/mechtalks.com\/wp-content\/uploads\/2023\/12\/borusan2-150x1503-03-03-04.png\" alt class=\"lazyload img-responsive wp-image-6390\" srcset=\"data:image\/svg+xml,%3Csvg%20xmlns%3D%27http%3A%2F%2Fwww.w3.org%2F2000%2Fsvg%27%20width%3D%27263%27%20height%3D%27263%27%20viewBox%3D%270%200%20263%20263%27%3E%3Crect%20width%3D%27263%27%20height%3D%27263%27%20fill-opacity%3D%220%22%2F%3E%3C%2Fsvg%3E\" data-srcset=\"https:\/\/mechtalks.com\/wp-content\/uploads\/2023\/12\/borusan2-150x1503-03-03-04-200x200.png 200w, https:\/\/mechtalks.com\/wp-content\/uploads\/2023\/12\/borusan2-150x1503-03-03-04.png 263w\" data-sizes=\"auto\" data-orig-sizes=\"(max-width: 1024px) 100vw, (max-width: 640px) 100vw, 263px\" \/><\/a><\/span><\/div><\/div><\/div><\/div><\/div><\/p>\n","protected":false},"excerpt":{"rendered":"","protected":false},"author":1,"featured_media":0,"parent":0,"menu_order":0,"comment_status":"closed","ping_status":"closed","template":"100-width.php","meta":{"footnotes":""},"class_list":["post-5207","page","type-page","status-publish","hentry"],"_links":{"self":[{"href":"https:\/\/mechtalks.com\/tr_tr\/wp-json\/wp\/v2\/pages\/5207","targetHints":{"allow":["GET"]}}],"collection":[{"href":"https:\/\/mechtalks.com\/tr_tr\/wp-json\/wp\/v2\/pages"}],"about":[{"href":"https:\/\/mechtalks.com\/tr_tr\/wp-json\/wp\/v2\/types\/page"}],"author":[{"embeddable":true,"href":"https:\/\/mechtalks.com\/tr_tr\/wp-json\/wp\/v2\/users\/1"}],"replies":[{"embeddable":true,"href":"https:\/\/mechtalks.com\/tr_tr\/wp-json\/wp\/v2\/comments?post=5207"}],"version-history":[{"count":39,"href":"https:\/\/mechtalks.com\/tr_tr\/wp-json\/wp\/v2\/pages\/5207\/revisions"}],"predecessor-version":[{"id":6850,"href":"https:\/\/mechtalks.com\/tr_tr\/wp-json\/wp\/v2\/pages\/5207\/revisions\/6850"}],"wp:attachment":[{"href":"https:\/\/mechtalks.com\/tr_tr\/wp-json\/wp\/v2\/media?parent=5207"}],"curies":[{"name":"wp","href":"https:\/\/api.w.org\/{rel}","templated":true}]}}