{"id":5123,"date":"2022-07-24T20:20:29","date_gmt":"2022-07-24T20:20:29","guid":{"rendered":"https:\/\/mechtalks.com\/?page_id=5123"},"modified":"2022-07-25T10:46:35","modified_gmt":"2022-07-25T10:46:35","slug":"gecmis-etkinlikler","status":"publish","type":"page","link":"https:\/\/mechtalks.com\/tr_tr\/gecmis-etkinlikler\/","title":{"rendered":"Ge\u00e7mi\u015f Etkinlikler"},"content":{"rendered":"<p><div class=\"fusion-fullwidth fullwidth-box fusion-builder-row-1 fusion-flex-container has-pattern-background has-mask-background nonhundred-percent-fullwidth non-hundred-percent-height-scrolling\" style=\"--awb-border-radius-top-left:0px;--awb-border-radius-top-right:0px;--awb-border-radius-bottom-right:0px;--awb-border-radius-bottom-left:0px;--awb-padding-top:126.9915px;--awb-padding-bottom:0px;--awb-margin-bottom:0px;--awb-background-color:#252f48;--awb-flex-wrap:wrap;\" ><div class=\"fusion-builder-row fusion-row fusion-flex-align-items-stretch fusion-flex-justify-content-center fusion-flex-content-wrap\" style=\"max-width:calc( 1170px + 10px );margin-left: calc(-10px \/ 2 );margin-right: calc(-10px \/ 2 );\"><div class=\"fusion-layout-column fusion_builder_column fusion-builder-column-0 fusion_builder_column_1_1 1_1 fusion-flex-column fusion-flex-align-self-flex-end fusion-animated\" style=\"--awb-bg-size:cover;--awb-width-large:100%;--awb-margin-top-large:0px;--awb-spacing-right-large:5px;--awb-margin-bottom-large:20px;--awb-spacing-left-large:5px;--awb-width-medium:100%;--awb-order-medium:0;--awb-spacing-right-medium:5px;--awb-spacing-left-medium:5px;--awb-width-small:100%;--awb-order-small:0;--awb-spacing-right-small:5px;--awb-spacing-left-small:5px;\" data-animationType=\"fadeInUp\" data-animationDuration=\"1.0\" data-animationOffset=\"top-into-view\"><div class=\"fusion-column-wrapper fusion-column-has-shadow fusion-flex-justify-content-flex-end fusion-content-layout-column\"><div class=\"fusion-title title fusion-title-1 fusion-sep-none fusion-title-text fusion-title-size-one\" style=\"--awb-text-color:#ffffff;--awb-margin-bottom:30px;--awb-font-size:67px;\"><h1 class=\"fusion-title-heading title-heading-left fusion-responsive-typography-calculated\" style=\"font-family:&quot;Outfit&quot;;font-style:normal;font-weight:600;margin:0;font-size:1em;letter-spacing:var(--awb-typography1-letter-spacing);text-transform:var(--awb-typography1-text-transform);--fontSize:67;line-height:1;\"><h2><\/h2>\n<h2 style=\"text-align: center;\"><span style=\"color: #ffffff;\"><strong>MECHTALKS PANDEM\u0130 VE \u0130KL\u0130M KR\u0130Z\u0130 KAR\u015eISINDA<\/strong><\/span><\/h2>\n<h2 style=\"text-align: center;\"><span style=\"color: #ffffff;\"><strong>B\u0130NA YAPIMININ <\/strong><\/span><span style=\"color: #ffffff;\"><strong>GELECE\u011e\u0130NE I\u015eIK TUTTU<\/strong><\/span><\/h2>\n<h4 class=\"detail-text\" style=\"text-align: center;\"><span style=\"color: #ffffff;\">T\u00fcrk Tesisat M\u00fchendisleri Derne\u011fi (TTMD), Mekanik Tesisat M\u00fcteahhitleri \u00a0Derne\u011fi (MTMD) ve Borusan Mannesmann ev sahipli\u011finde ger\u00e7ekle\u015ftirilen MechTalks etkinlikler serisinin ilki d\u00fczenlendi. \u0130klim ve pandemi ekseninde mekanik tesisat sekt\u00f6r\u00fcne odaklanan etkinlik, ufuk a\u00e7\u0131c\u0131 fikir payla\u015f\u0131mlar\u0131na ev sahipli\u011fi yapt\u0131.<\/span><\/h4><\/h1><\/div><\/div><\/div><\/div><\/div><div class=\"fusion-fullwidth fullwidth-box fusion-builder-row-2 fusion-flex-container has-pattern-background has-mask-background nonhundred-percent-fullwidth non-hundred-percent-height-scrolling\" style=\"--awb-border-radius-top-left:0px;--awb-border-radius-top-right:0px;--awb-border-radius-bottom-right:0px;--awb-border-radius-bottom-left:0px;--awb-padding-top:30px;--awb-flex-wrap:wrap;\" ><div class=\"fusion-builder-row fusion-row fusion-flex-align-items-center fusion-flex-justify-content-center fusion-flex-content-wrap\" style=\"max-width:1216.8px;margin-left: calc(-4% \/ 2 );margin-right: calc(-4% \/ 2 );\"><div class=\"fusion-layout-column fusion_builder_column fusion-builder-column-1 fusion-flex-column fusion-flex-align-self-center\" style=\"--awb-bg-size:cover;--awb-width-large:80%;--awb-margin-top-large:0px;--awb-spacing-right-large:2.4%;--awb-margin-bottom-large:20px;--awb-spacing-left-large:2.4%;--awb-width-medium:100%;--awb-order-medium:0;--awb-spacing-right-medium:1.92%;--awb-spacing-left-medium:1.92%;--awb-width-small:100%;--awb-order-small:0;--awb-spacing-right-small:1.92%;--awb-spacing-left-small:1.92%;\"><div class=\"fusion-column-wrapper fusion-column-has-shadow fusion-flex-justify-content-flex-start fusion-content-layout-column\"><div class=\"fusion-text fusion-text-1\"><p>TTMD, MTMD ve Borusan Mannesmann i\u015fbirli\u011fi ile hayata ge\u00e7en Mechtalks etkinliklerinin ilki \u201c<strong>\u0130klim Krizi ve Pandemi D\u00f6neminde Bina Mekanik Sistem Adaptasyonu<\/strong>\u201d temas\u0131 ile 25 Kas\u0131m 2021\u2019de d\u00fczenlendi. Sekt\u00f6r\u00fcn de\u011ferli isimleri Filiz Pehlivan, Dr. Mustafa Bilge, Burak R\u0131za Toraman\u2019\u0131n panelist olarak yer ald\u0131klar\u0131 etkinlikte AKUT Kurucusu Nasuh Mahruki de konuk konu\u015fmac\u0131 olarak sunum ger\u00e7ekle\u015ftirdi. Etkinli\u011fin moderat\u00f6rl\u00fc\u011f\u00fcn\u00fc ise sunucu Merve Y\u0131ld\u0131r\u0131m \u00fcstlendi.<\/p>\n<\/div><div class=\"fusion-image-element \" style=\"text-align:center;--awb-caption-title-font-family:var(--h2_typography-font-family);--awb-caption-title-font-weight:var(--h2_typography-font-weight);--awb-caption-title-font-style:var(--h2_typography-font-style);--awb-caption-title-size:var(--h2_typography-font-size);--awb-caption-title-transform:var(--h2_typography-text-transform);--awb-caption-title-line-height:var(--h2_typography-line-height);--awb-caption-title-letter-spacing:var(--h2_typography-letter-spacing);\"><span class=\" fusion-imageframe imageframe-none imageframe-1 hover-type-none\"><img decoding=\"async\" width=\"1080\" height=\"716\" title=\"22-p-10802\" src=\"https:\/\/mechtalks.com\/wp-content\/uploads\/2022\/07\/22-p-10802.jpg\" data-orig-src=\"https:\/\/mechtalks.com\/wp-content\/uploads\/2022\/07\/22-p-10802.jpg\" alt class=\"lazyload img-responsive wp-image-5205\" srcset=\"data:image\/svg+xml,%3Csvg%20xmlns%3D%27http%3A%2F%2Fwww.w3.org%2F2000%2Fsvg%27%20width%3D%271080%27%20height%3D%27716%27%20viewBox%3D%270%200%201080%20716%27%3E%3Crect%20width%3D%271080%27%20height%3D%27716%27%20fill-opacity%3D%220%22%2F%3E%3C%2Fsvg%3E\" data-srcset=\"https:\/\/mechtalks.com\/wp-content\/uploads\/2022\/07\/22-p-10802-200x133.jpg 200w, https:\/\/mechtalks.com\/wp-content\/uploads\/2022\/07\/22-p-10802-400x265.jpg 400w, https:\/\/mechtalks.com\/wp-content\/uploads\/2022\/07\/22-p-10802-600x398.jpg 600w, https:\/\/mechtalks.com\/wp-content\/uploads\/2022\/07\/22-p-10802-800x530.jpg 800w, https:\/\/mechtalks.com\/wp-content\/uploads\/2022\/07\/22-p-10802.jpg 1080w\" data-sizes=\"auto\" data-orig-sizes=\"(max-width: 1024px) 100vw, (max-width: 640px) 100vw, 1080px\" \/><\/span><\/div><div class=\"fusion-text fusion-text-2\"><h3 class=\"heading-7\">Art\u0131k harekete ge\u00e7me zaman\u0131!<\/h3>\n<p class=\"paragraph-9\">\u201cBu son \u015fans: Art\u0131k Harekete Ge\u00e7me Zaman\u0131\u201d slogan\u0131n\u0131 sahiplenen, TTMD Ba\u015fkan\u0131 Meri\u00e7 Sap\u00e7\u0131, MTMD Ba\u015fkan\u0131 H\u00fcseyin Erdem ve Borusan Mannesmann \u0130n\u015faat ve Genel End\u00fcstri Segmenti Genel M\u00fcd\u00fcr Yard\u0131mc\u0131s\u0131 O\u011fuzhan Ku\u015f\u00e7uo\u011flu\u2019nun a\u00e7\u0131l\u0131\u015f konu\u015fmalar\u0131n\u0131 ger\u00e7ekle\u015ftirdi\u011fi panelde Sap\u00e7\u0131, \u201cPandemi ve iklim krizinin ortak noktas\u0131 kirli hava ve kirli havan\u0131n en fazla oldu\u011fu binalar. Bu noktada bina tasar\u0131mlar\u0131nda b\u00fcy\u00fck evrim ya\u015fanaca\u011f\u0131n\u0131 d\u00fc\u015f\u00fcn\u00fcyoruz. Mechtalks etkinlikleri ile de amac\u0131m\u0131z pandemi, k\u00fcresel \u0131s\u0131nma ve iklim de\u011fi\u015fikli\u011fi kar\u015f\u0131s\u0131nda toplumsal fark\u0131ndal\u0131\u011f\u0131 g\u00fc\u00e7lendirmeye katk\u0131 sa\u011flamak olacak\u201d dedi. \u00a0Erdem ise iklim krizi ve pandemide bina m\u00fchendisli\u011fi ve m\u00fchendislerin \u00f6nemini vurgularken, \u201cCovid-19 bizlere taze havan\u0131n \u00f6nemini bir kez daha g\u00f6sterdi. Bu i\u015fin profesyonelleri olarak \u00f6n\u00fcm\u00fczdeki s\u00fcre\u00e7te taze hava miktar\u0131n\u0131 daha iyi kontrol etmek ad\u0131na \u00f6nlemler alaca\u011f\u0131z. Ayn\u0131 \u015fekilde ki\u015filerin bu konuda bilin\u00e7li olmas\u0131, yat\u0131r\u0131mc\u0131lar\u0131n, i\u015fverenlerin de bu kritik konuyu bilmeleri ve buna g\u00f6re \u00f6nlem almalar\u0131 gerekiyor\u201d dedi. D\u00fcnyay\u0131 derinden sarsan pandemi ve art\u0131k g\u00f6rmezden gelinemeyecek bir duruma gelen iklim krizi gibi \u00e7ok kritik iki d\u0131\u015f fakt\u00f6r ile kar\u015f\u0131 kar\u015f\u0131ya kal\u0131nd\u0131\u011f\u0131n\u0131 belirten Ku\u015f\u00e7uo\u011flu ise, \u201cBorusan Mannesmann olarak derneklerle i\u015fbirli\u011fi yapmay\u0131, sekt\u00f6rlere ve insana de\u011fer katan sivil toplum \u00f6rg\u00fctleriyle kol kola y\u00fcr\u00fcmeyi son derece \u00f6nemsiyoruz. Kurulu\u015fumuzdan bu yana sahip oldu\u011fumuz bu misyonumuzu bug\u00fcn de Mechtalks gibi de\u011ferli i\u015flerle yans\u0131tmaya devam ediyoruz. Mekanik sistemler konusunda insan kayna\u011f\u0131m\u0131z\u0131n ger\u00e7ekten donan\u0131ml\u0131 ve deneyimli olu\u015fu ise bizler i\u00e7in \u00e7ok b\u00fcy\u00fck bir g\u00fcvence kayna\u011f\u0131\u201d de\u011ferlendirmesinde bulundu.<\/p>\n<h3 class=\"heading-7\">&#8220;Binalar\u0131m\u0131z y\u00fczde 99 oran\u0131nda do\u011fa olaylar\u0131na haz\u0131rl\u0131ks\u0131z&#8221;<\/h3>\n<p class=\"paragraph-9\">\u201c\u0130klim Krizi ve Pandemi D\u00f6neminde Bina Mekanik Sistem Adaptasyonu\u201d ba\u015fl\u0131kl\u0131 panelin konu\u015fmac\u0131lar\u0131 aras\u0131nda yer alan Pehlivan, iklim sistemindeki baz\u0131 de\u011fi\u015fikliklerin geri d\u00f6nd\u00fcr\u00fclemez, baz\u0131lar\u0131n\u0131n ise yava\u015flat\u0131labilir oldu\u011funu s\u00f6yledi. Pehlivan s\u00f6zlerine \u015f\u00f6yle devam etti: \u201cGelecekte ya\u015fayaca\u011f\u0131m\u0131z iklim, \u015fu anda alaca\u011f\u0131m\u0131z kararlara ba\u011fl\u0131. Pandeminin iklimle de ili\u015fkisi var. Covid-19 iklim de\u011fi\u015fikli\u011finin etkisini azaltmad\u0131, pandemi insanlar\u0131 bilin\u00e7lendirmedi. Temiz hava bina sa\u011fl\u0131\u011f\u0131 i\u00e7in \u00e7ok \u00f6nemli. \u0130nsanlar kendi yaratt\u0131klar\u0131 kapal\u0131 \u00e7evrelerde g\u00fcnl\u00fck hayatlar\u0131n\u0131n y\u00fczde 90\u2019\u0131n\u0131n\u0131 ge\u00e7iriyor. Hasta bina sendromu kavram\u0131n\u0131 bilmemiz gerekiyor. Binalarda temiz havay\u0131 ula\u015ft\u0131ramazsan\u0131z bu hastal\u0131\u011f\u0131 s\u00fcrd\u00fcr\u00fcyorsunuz. Bu anlamda yapaca\u011f\u0131m\u0131z \u015feyler var ama en \u00f6nemlisi bilinci art\u0131rmak. Enerji verimlili\u011fi y\u00fcksek, taze hava odakl\u0131 yerler tasarlamam\u0131z, bunu y\u00fcksek verimli iklimlendirme cihazlar\u0131yla sa\u011flamam\u0131z gerekiyor\u201d dedi.<\/p>\n<p class=\"paragraph-9\">Pandeminin ba\u015flamas\u0131yla Sa\u011fl\u0131k Bakanl\u0131\u011f\u0131, meslek odalar\u0131 ve derneklerle bir araya geldiklerini belirten Bilge<strong>\u00a0<\/strong>ise yapt\u0131\u011f\u0131 konu\u015fmada; \u201cUluslararas\u0131 literat\u00fcrde kapal\u0131 ortamda bula\u015f riskini art\u0131ran 9 fakt\u00f6r var. Bu fakt\u00f6rlerden havaland\u0131rma oran\u0131, hava da\u011f\u0131t\u0131m sistemi, nem ve s\u0131cakl\u0131k sekt\u00f6r\u00fcm\u00fcz\u00fcn odak alan\u0131na giriyor. Havay\u0131 de\u011fi\u015ftirebilirsek vir\u00fcs\u00fc seyreltebiliriz. Bu noktada y\u00fcksek verimli filtreler kullanmak ve alanlar\u0131 y\u00fczde 40-60 aras\u0131 nem de\u011ferlerinde tutmak \u00f6nem ta\u015f\u0131yor. Kuru hava partik\u00fcllerin a\u015fa\u011f\u0131 inmesini engelliyor. Kapal\u0131 alanlarda bunlara g\u00f6re riski azaltabiliriz. Pandemiden sona tasar\u0131mc\u0131lara ve uygulamac\u0131lara b\u00fcy\u00fck i\u015f d\u00fc\u015f\u00fcyor\u201d dedi.<\/p>\n<p class=\"paragraph-9\">Mekanik tesisat m\u00fchendislerinin iklim krizi ve pandemide sorumluluk almas\u0131 gerekti\u011fi de\u011ferlendirmesinde bulunan Toraman, yapt\u0131\u011f\u0131 konu\u015fmada insan\u0131n do\u011fa ile sava\u015fmay\u0131 b\u0131rak\u0131p, do\u011fan\u0131n insana ne s\u00f6yledi\u011fini anlamas\u0131 gerekti\u011fini s\u00f6yledi. Toraman, \u201cBinalar\u0131m\u0131z y\u00fczde 99 oran\u0131nda do\u011fa olaylar\u0131na haz\u0131rl\u0131ks\u0131z. Bug\u00fcn\u00fc b\u0131rak\u0131p gelecek odakl\u0131 olmal\u0131y\u0131z. Eski bilgilerimizi geride b\u0131rak\u0131p gelece\u011fe do\u011fru bakmak gerekiyor. Pandemi ve iklim krizine kar\u015f\u0131 sava\u015f vermeliyiz. Yat\u0131r\u0131mc\u0131lar\u0131m\u0131z\u0131n bilin\u00e7li ve vizyoner olmalar\u0131 gerekiyor. Bina in\u015faatlar\u0131nda h\u0131z\u0131 de\u011fil kaliteyi ve s\u00fcrd\u00fcr\u00fclebilirli\u011fi \u00f6n plana almak gerekiyor. Bina tasar\u0131m\u0131 kadar havaland\u0131rmas\u0131 da dikkate al\u0131nmal\u0131. Her \u015feye cevap verebilecek sistemler geli\u015ftirmeliyiz. Bunu yaparken enerji verimlili\u011fini sa\u011flamal\u0131y\u0131z\u201d dedi.<\/p>\n<p class=\"paragraph-9\">Panelin ard\u0131ndan \u201cAs\u0131l Olan S\u00fcrd\u00fcr\u00fclebilirliktir\u201d ba\u015fl\u0131kl\u0131 bir sunum ger\u00e7ekle\u015ftiren Mahruki ise, \u201cD\u00fcnyan\u0131n kendine ait bir ritmi ve dengesi var. Ancak insan gitti\u011fi her yerde ekosisteme zarar veriyor. Gelecek y\u00fczy\u0131lda ekosistemler \u00e7\u00f6kebilir, t\u00fcrlerin ya\u015fam\u0131 risk alt\u0131na girebilir. Hepimiz kar\u015f\u0131l\u0131kl\u0131 birbirimize ba\u011fl\u0131 ve ba\u011f\u0131m\u0131y\u0131z. \u2018Kazan-kazan\u2019 de\u011fil \u2018kazan-kazan ve kazand\u0131r\u2019 yeni mottomuz olmal\u0131\u201d dedi.<\/p>\n<p class=\"paragraph-9\">De\u011fi\u015fen iklim \u015fartlar\u0131 ve post-pandemi d\u00f6nemine dair \u00f6ng\u00f6r\u00fclerin payla\u015f\u0131ld\u0131\u011f\u0131 etkinli\u011fin sponsorlar\u0131 aras\u0131nda Grundfos, Birle\u015fim M\u00fchendislik, Daikin, Do\u011fu \u0130klimlendirme, Form, \u0130S\u0130B, Systemair, Trox, \u00dcntes ve Viessmann yer ald\u0131.<\/p>\n<p class=\"paragraph-9\">Farkl\u0131 sekt\u00f6rlere de\u011fer katacak fikirlerin payla\u015f\u0131m\u0131na olanak tan\u0131yan Mechtalks\u2019un \u00f6n\u00fcm\u00fczdeki bulu\u015fmalar\u0131 hakk\u0131nda detayl\u0131 bilgiler\u00a0<a class=\"detail-text-link\" href=\"https:\/\/www.mechtalks.com\">www.mechtalks.com<\/a>\u00a0adresinden al\u0131nabiliyor.<\/p>\n<\/div><\/div><\/div><\/div><\/div><\/p>\n","protected":false},"excerpt":{"rendered":"","protected":false},"author":1,"featured_media":0,"parent":0,"menu_order":0,"comment_status":"closed","ping_status":"closed","template":"100-width.php","meta":{"footnotes":""},"class_list":["post-5123","page","type-page","status-publish","hentry"],"_links":{"self":[{"href":"https:\/\/mechtalks.com\/tr_tr\/wp-json\/wp\/v2\/pages\/5123","targetHints":{"allow":["GET"]}}],"collection":[{"href":"https:\/\/mechtalks.com\/tr_tr\/wp-json\/wp\/v2\/pages"}],"about":[{"href":"https:\/\/mechtalks.com\/tr_tr\/wp-json\/wp\/v2\/types\/page"}],"author":[{"embeddable":true,"href":"https:\/\/mechtalks.com\/tr_tr\/wp-json\/wp\/v2\/users\/1"}],"replies":[{"embeddable":true,"href":"https:\/\/mechtalks.com\/tr_tr\/wp-json\/wp\/v2\/comments?post=5123"}],"version-history":[{"count":38,"href":"https:\/\/mechtalks.com\/tr_tr\/wp-json\/wp\/v2\/pages\/5123\/revisions"}],"predecessor-version":[{"id":5206,"href":"https:\/\/mechtalks.com\/tr_tr\/wp-json\/wp\/v2\/pages\/5123\/revisions\/5206"}],"wp:attachment":[{"href":"https:\/\/mechtalks.com\/tr_tr\/wp-json\/wp\/v2\/media?parent=5123"}],"curies":[{"name":"wp","href":"https:\/\/api.w.org\/{rel}","templated":true}]}}