{"id":10,"date":"2017-10-18T23:41:41","date_gmt":"2017-10-18T23:41:41","guid":{"rendered":"https:\/\/mechtalks.com\/?page_id=10"},"modified":"2024-05-22T07:57:38","modified_gmt":"2024-05-22T07:57:38","slug":"home","status":"publish","type":"page","link":"https:\/\/mechtalks.com\/tr_tr\/","title":{"rendered":"Home"},"content":{"rendered":"<p><div class=\"fusion-fullwidth fullwidth-box fusion-builder-row-1 fusion-flex-container has-pattern-background has-mask-background hundred-percent-fullwidth non-hundred-percent-height-scrolling\" style=\"--awb-border-radius-top-left:0px;--awb-border-radius-top-right:0px;--awb-border-radius-bottom-right:0px;--awb-border-radius-bottom-left:0px;--awb-flex-wrap:wrap;\" ><div class=\"fusion-builder-row fusion-row fusion-flex-align-items-flex-end fusion-flex-justify-content-space-between fusion-flex-content-wrap\" style=\"width:104% !important;max-width:104% !important;margin-left: calc(-4% \/ 2 );margin-right: calc(-4% \/ 2 );\"><div class=\"fusion-layout-column fusion_builder_column fusion-builder-column-0 fusion_builder_column_1_1 1_1 fusion-flex-column\" style=\"--awb-bg-size:cover;--awb-width-large:100%;--awb-margin-top-large:88px;--awb-spacing-right-large:0%;--awb-margin-bottom-large:29px;--awb-spacing-left-large:0%;--awb-width-medium:100%;--awb-order-medium:0;--awb-spacing-right-medium:1.92%;--awb-spacing-left-medium:1.92%;--awb-width-small:100%;--awb-order-small:0;--awb-spacing-right-small:1.92%;--awb-spacing-left-small:1.92%;\" data-scroll-devices=\"small-visibility,medium-visibility,large-visibility\"><div class=\"fusion-column-wrapper lazyload fusion-column-has-shadow fusion-flex-justify-content-space-around fusion-content-layout-column fusion-empty-column-bg-image fusion-column-has-bg-image\" data-bg-url=\"https:\/\/mechtalks.com\/wp-content\/uploads\/2023\/12\/b5059d47-f2b8-423f-94cd-9ee14736fc9d.jpg\" data-bg=\"https:\/\/mechtalks.com\/wp-content\/uploads\/2023\/12\/b5059d47-f2b8-423f-94cd-9ee14736fc9d.jpg\"><img decoding=\"async\" class=\"fusion-empty-dims-img-placeholder\" src=\"data:image\/svg+xml,%3Csvg%20xmlns%3D%27http%3A%2F%2Fwww.w3.org%2F2000%2Fsvg%27%20width%3D%271600%27%20height%3D%27375%27%20viewBox%3D%270%200%201600%20375%27%3E%3Crect%20width%3D%271600%27%20height%3D%27375%27%20fill-opacity%3D%220%22%2F%3E%3C%2Fsvg%3E\"><\/div><\/div><\/div><\/div><div class=\"fusion-fullwidth fullwidth-box fusion-builder-row-2 fusion-flex-container has-pattern-background has-mask-background nonhundred-percent-fullwidth non-hundred-percent-height-scrolling\" style=\"--awb-border-radius-top-left:0px;--awb-border-radius-top-right:0px;--awb-border-radius-bottom-right:0px;--awb-border-radius-bottom-left:0px;--awb-padding-top:0px;--awb-padding-bottom:40px;--awb-background-image:linear-gradient(180deg, rgba(255,255,255,0) 95%,#252f48 100%);--awb-flex-wrap:wrap;\" ><div class=\"fusion-builder-row fusion-row fusion-flex-align-items-center fusion-flex-justify-content-center fusion-flex-content-wrap\" style=\"max-width:1216.8px;margin-left: calc(-4% \/ 2 );margin-right: calc(-4% \/ 2 );\"><div class=\"fusion-layout-column fusion_builder_column fusion-builder-column-1 fusion-flex-column fusion-flex-align-self-center\" style=\"--awb-bg-size:cover;--awb-width-large:80%;--awb-margin-top-large:30px;--awb-spacing-right-large:2.4%;--awb-margin-bottom-large:20px;--awb-spacing-left-large:2.4%;--awb-width-medium:100%;--awb-order-medium:0;--awb-spacing-right-medium:1.92%;--awb-spacing-left-medium:1.92%;--awb-width-small:100%;--awb-order-small:0;--awb-spacing-right-small:1.92%;--awb-spacing-left-small:1.92%;\" data-scroll-devices=\"small-visibility,medium-visibility,large-visibility\"><div class=\"fusion-column-wrapper fusion-column-has-shadow fusion-flex-justify-content-center fusion-content-layout-column\"><div class=\"fusion-text fusion-text-1\"><p>24 Kas\u0131m 2022\u2019de \u201cD\u00fcnyay\u0131 ya\u015fan\u0131r olarak sonsuz k\u0131lman\u0131n, enerjinin do\u011fru, temiz, g\u00fcvenli ve etkin kullan\u0131lmas\u0131 ile m\u00fcmk\u00fcn oldu\u011funu, toplumda fark\u0131ndal\u0131k yaratmak ad\u0131na biz m\u00fchendislere \u00e7ok g\u00f6rev d\u00fc\u015ft\u00fc\u011f\u00fcn\u00fc&#8221; s\u00f6ylemi\u015ftik. S\u00fcrd\u00fcr\u00fclebilir bir gelece\u011fin, Temiz, G\u00fcvenli ve Etkin Enerji ile m\u00fcmk\u00fcn olabilece\u011fini anlatm\u0131\u015ft\u0131k.<\/p>\n<p>Cumhuriyetimizin 2. y\u00fczy\u0131l\u0131na girerken bu b\u00fcy\u00fck d\u00f6nemin sorumlulu\u011funu ta\u015f\u0131yoruz. Gelece\u011fe ya\u015fanabilir ve s\u00fcrd\u00fcr\u00fclebilir bir d\u00fcnya b\u0131rakmak, art\u0131k bir tercih de\u011fil, bir zorunluluk haline geldi. Bu g\u00f6revin omuzlar\u0131m\u0131za y\u00fckledi\u011fi sorumlulu\u011fun fark\u0131nday\u0131z. M\u00fchendisler olarak, sadece yap\u0131lar in\u015fa etmekle kalm\u0131yor, ayn\u0131 zamanda ya\u015fam\u0131m\u0131z\u0131n temel unsurlar\u0131n\u0131 \u015fekillendiriyoruz.<\/p>\n<p>Hava, su, toprak, bitki, hayvan ve insan; t\u00fcm bu fakt\u00f6rler gelece\u011fimizin teminat\u0131d\u0131r. MechTalks2024, bu b\u00fct\u00fcnl\u00fc\u011f\u00fc koruman\u0131n ve yar\u0131na temiz, g\u00fcvenli, sa\u011fl\u0131kl\u0131 bir ya\u015fam b\u0131rakman\u0131n yollar\u0131n\u0131 aramak i\u00e7in bir araya gelen m\u00fchendislerin bir bulu\u015fma noktas\u0131d\u0131r. Bu etkinlikte, gelece\u011fin m\u00fchendislik gereksinimlerini ve s\u00fcrd\u00fcr\u00fclebilirlik vizyonunu payla\u015faca\u011f\u0131z.<\/p>\n<p>\u015eimdi;<\/p>\n<p>Bir ad\u0131m atma zaman\u0131, yeni \u015feyler s\u00f6yleme zaman\u0131!<\/p>\n<p>Mechtalks 2024&#8217;te, gelece\u011fin m\u00fchendislik \u00e7\u00f6z\u00fcmlerini, \u00e7evresel s\u00fcrd\u00fcr\u00fclebilirli\u011fi ve insana sayg\u0131l\u0131 teknolojiyi tart\u0131\u015facak, yenilik\u00e7i projeleri ke\u015ffedece\u011fiz. Fark yaratan fikirleri, deneyimleri ve vizyonlar\u0131 payla\u015farak, s\u00fcrd\u00fcr\u00fclebilir bir ya\u015fam\u0131n temellerini in\u015fa edece\u011fiz.<\/p>\n<p>Gelece\u011fi birlikte in\u015fa etmek i\u00e7in hepimizin sorumlulu\u011fu var.<\/p>\n<p>Mechtalks 2024, bu misyonun bir par\u00e7as\u0131 olarak gelece\u011fe dair umut dolu bir bak\u0131\u015f sunuyor. <strong>\u015eimdi de\u011filse ne zaman?<\/strong><\/p>\n<p>Yar\u0131n\u0131n temiz, g\u00fcvenli ve sa\u011fl\u0131kl\u0131 ya\u015fam\u0131 i\u00e7in bir ad\u0131m at\u0131n.<\/p>\n<p>Bu b\u00fcy\u00fck de\u011fi\u015fime \u00f6nc\u00fcl\u00fck etmek i\u00e7in bize kat\u0131l\u0131n!<\/p>\n<p><strong>Gelece\u011fin anahtar\u0131, s\u00fcrd\u00fcr\u00fclebilir m\u00fchendislikte&#8230;<\/strong><\/p>\n<\/div><\/div><\/div><\/div><\/div><div class=\"fusion-fullwidth fullwidth-box fusion-builder-row-3 fusion-flex-container has-pattern-background has-mask-background nonhundred-percent-fullwidth non-hundred-percent-height-scrolling\" style=\"--awb-border-radius-top-left:0px;--awb-border-radius-top-right:0px;--awb-border-radius-bottom-right:0px;--awb-border-radius-bottom-left:0px;--awb-background-color:#252f48;--awb-flex-wrap:wrap;\" ><div class=\"fusion-builder-row fusion-row fusion-flex-align-items-flex-start fusion-flex-content-wrap\" style=\"max-width:1216.8px;margin-left: calc(-4% \/ 2 );margin-right: calc(-4% \/ 2 );\"><div class=\"fusion-layout-column fusion_builder_column fusion-builder-column-2 fusion_builder_column_1_1 1_1 fusion-flex-column\" style=\"--awb-bg-size:cover;--awb-width-large:100%;--awb-margin-top-large:0px;--awb-spacing-right-large:1.92%;--awb-margin-bottom-large:20px;--awb-spacing-left-large:1.92%;--awb-width-medium:100%;--awb-order-medium:0;--awb-spacing-right-medium:1.92%;--awb-spacing-left-medium:1.92%;--awb-width-small:100%;--awb-order-small:0;--awb-spacing-right-small:1.92%;--awb-spacing-left-small:1.92%;\"><div class=\"fusion-column-wrapper fusion-column-has-shadow fusion-flex-justify-content-flex-start fusion-content-layout-column\"><div class=\"fusion-text fusion-text-2\"><h2 style=\"text-align: center;\"><span style=\"color: #b4dcf7;\">MechTalks <\/span><span style=\"color: #ffffff;\">Ev Sahipleri<\/span><\/h2>\n<\/div><\/div><\/div><div class=\"fusion-layout-column fusion_builder_column fusion-builder-column-3 fusion_builder_column_1_3 1_3 fusion-flex-column fusion-flex-align-self-center\" style=\"--awb-bg-size:cover;--awb-width-large:33.333333333333%;--awb-margin-top-large:0px;--awb-spacing-right-large:5.76%;--awb-margin-bottom-large:20px;--awb-spacing-left-large:5.76%;--awb-width-medium:100%;--awb-order-medium:0;--awb-spacing-right-medium:1.92%;--awb-spacing-left-medium:1.92%;--awb-width-small:100%;--awb-order-small:0;--awb-spacing-right-small:1.92%;--awb-spacing-left-small:1.92%;\"><div class=\"fusion-column-wrapper fusion-column-has-shadow fusion-flex-justify-content-center fusion-content-layout-column\"><div class=\"fusion-image-element \" style=\"text-align:center;--awb-caption-title-font-family:var(--h2_typography-font-family);--awb-caption-title-font-weight:var(--h2_typography-font-weight);--awb-caption-title-font-style:var(--h2_typography-font-style);--awb-caption-title-size:var(--h2_typography-font-size);--awb-caption-title-transform:var(--h2_typography-text-transform);--awb-caption-title-line-height:var(--h2_typography-line-height);--awb-caption-title-letter-spacing:var(--h2_typography-letter-spacing);\"><span class=\" fusion-imageframe imageframe-none imageframe-1 hover-type-none\"><img decoding=\"async\" width=\"263\" height=\"263\" title=\"ttmd-2\" src=\"https:\/\/mechtalks.com\/wp-content\/uploads\/2022\/07\/ttmd-2.png\" data-orig-src=\"https:\/\/mechtalks.com\/wp-content\/uploads\/2022\/07\/ttmd-2.png\" alt class=\"lazyload img-responsive wp-image-5194\" srcset=\"data:image\/svg+xml,%3Csvg%20xmlns%3D%27http%3A%2F%2Fwww.w3.org%2F2000%2Fsvg%27%20width%3D%27263%27%20height%3D%27263%27%20viewBox%3D%270%200%20263%20263%27%3E%3Crect%20width%3D%27263%27%20height%3D%27263%27%20fill-opacity%3D%220%22%2F%3E%3C%2Fsvg%3E\" data-srcset=\"https:\/\/mechtalks.com\/wp-content\/uploads\/2022\/07\/ttmd-2-200x200.png 200w, https:\/\/mechtalks.com\/wp-content\/uploads\/2022\/07\/ttmd-2.png 263w\" data-sizes=\"auto\" data-orig-sizes=\"(max-width: 1024px) 100vw, (max-width: 640px) 100vw, 263px\" \/><\/span><\/div><div class=\"fusion-text fusion-text-3\"><h3 class=\"heading-5\" style=\"text-align: center;\"><span style=\"color: #ffffff;\">T\u00fcrk Tesisat<\/span><br \/>\n<span style=\"color: #ffffff;\">M\u00fchendisleri Derne\u011fi<\/span><\/h3>\n<\/div><div class=\"fusion-text fusion-text-4\"><p style=\"text-align: center;\"><a href=\"https:\/\/ttmd.org.tr\/\"><img decoding=\"async\" class=\"lazyload alignnone wp-image-5199 size-full\" src=\"data:image\/svg+xml,%3Csvg%20xmlns%3D%27http%3A%2F%2Fwww.w3.org%2F2000%2Fsvg%27%20width%3D%2730%27%20height%3D%2730%27%20viewBox%3D%270%200%2030%2030%27%3E%3Crect%20width%3D%2730%27%20height%3D%2730%27%20fill-opacity%3D%220%22%2F%3E%3C%2Fsvg%3E\" data-orig-src=\"https:\/\/mechtalks.com\/wp-content\/uploads\/2022\/07\/website.png\" alt=\"\" width=\"30\" height=\"30\" \/> <span style=\"color: #ffffff;\">Web site\u00a0 \u00a0<\/span><\/a><\/p>\n<p style=\"text-align: center;\"><a href=\"https:\/\/tr.linkedin.com\/company\/ttmd\" data-wp-editing=\"1\"><img decoding=\"async\" class=\"lazyload alignnone wp-image-5198 size-full\" src=\"data:image\/svg+xml,%3Csvg%20xmlns%3D%27http%3A%2F%2Fwww.w3.org%2F2000%2Fsvg%27%20width%3D%2730%27%20height%3D%2730%27%20viewBox%3D%270%200%2030%2030%27%3E%3Crect%20width%3D%2730%27%20height%3D%2730%27%20fill-opacity%3D%220%22%2F%3E%3C%2Fsvg%3E\" data-orig-src=\"https:\/\/mechtalks.com\/wp-content\/uploads\/2022\/07\/linkedin.png\" alt=\"\" width=\"30\" height=\"30\" \/> <span style=\"color: #ffffff;\">Linkedin\u00a0\u00a0\u00a0<\/span><\/a><\/p>\n<p style=\"text-align: center;\"><a href=\"https:\/\/www.instagram.com\/ttmdtr\/\"><img decoding=\"async\" class=\"lazyload alignnone wp-image-5197 size-full\" src=\"data:image\/svg+xml,%3Csvg%20xmlns%3D%27http%3A%2F%2Fwww.w3.org%2F2000%2Fsvg%27%20width%3D%2730%27%20height%3D%2730%27%20viewBox%3D%270%200%2030%2030%27%3E%3Crect%20width%3D%2730%27%20height%3D%2730%27%20fill-opacity%3D%220%22%2F%3E%3C%2Fsvg%3E\" data-orig-src=\"https:\/\/mechtalks.com\/wp-content\/uploads\/2022\/07\/instagram.png\" alt=\"\" width=\"30\" height=\"30\" \/> <span style=\"color: #ffffff;\">Instagram\u00a0<\/span><\/a><\/p>\n<p style=\"text-align: center;\"><img decoding=\"async\" class=\"lazyload alignnone size-full wp-image-5492\" src=\"data:image\/svg+xml,%3Csvg%20xmlns%3D%27http%3A%2F%2Fwww.w3.org%2F2000%2Fsvg%27%20width%3D%2730%27%20height%3D%2730%27%20viewBox%3D%270%200%2030%2030%27%3E%3Crect%20width%3D%2730%27%20height%3D%2730%27%20fill-opacity%3D%220%22%2F%3E%3C%2Fsvg%3E\" data-orig-src=\"https:\/\/mechtalks.com\/wp-content\/uploads\/2022\/08\/instagram-kopya.png\" alt=\"\" width=\"30\" height=\"30\" \/>\u00a0<a href=\"https:\/\/www.youtube.com\/@TTMD\"><span style=\"color: #ffffff;\">Youtube\u00a0\u00a0\u00a0\u00a0<\/span><\/a><\/p>\n<p style=\"text-align: center;\"><a href=\"https:\/\/www.facebook.com\/ttmdTR\/\"><img decoding=\"async\" class=\"lazyload alignnone size-full wp-image-5195\" src=\"data:image\/svg+xml,%3Csvg%20xmlns%3D%27http%3A%2F%2Fwww.w3.org%2F2000%2Fsvg%27%20width%3D%2730%27%20height%3D%2730%27%20viewBox%3D%270%200%2030%2030%27%3E%3Crect%20width%3D%2730%27%20height%3D%2730%27%20fill-opacity%3D%220%22%2F%3E%3C%2Fsvg%3E\" data-orig-src=\"https:\/\/mechtalks.com\/wp-content\/uploads\/2022\/07\/facebook.png\" alt=\"\" width=\"30\" height=\"30\" \/> <span style=\"color: #ffffff;\">Facebook\u00a0<\/span><\/a><\/p>\n<p style=\"text-align: center;\"><a href=\"https:\/\/twitter.com\/ttmdTR\"><img decoding=\"async\" class=\"lazyload alignnone wp-image-5196 size-full\" src=\"data:image\/svg+xml,%3Csvg%20xmlns%3D%27http%3A%2F%2Fwww.w3.org%2F2000%2Fsvg%27%20width%3D%2730%27%20height%3D%2730%27%20viewBox%3D%270%200%2030%2030%27%3E%3Crect%20width%3D%2730%27%20height%3D%2730%27%20fill-opacity%3D%220%22%2F%3E%3C%2Fsvg%3E\" data-orig-src=\"https:\/\/mechtalks.com\/wp-content\/uploads\/2022\/07\/twitter.png\" alt=\"\" width=\"30\" height=\"30\" \/> <span style=\"color: #ffffff;\">Twitter\u00a0\u00a0\u00a0\u00a0\u00a0\u00a0<\/span><\/a><\/p>\n<\/div><\/div><\/div><div class=\"fusion-layout-column fusion_builder_column fusion-builder-column-4 fusion_builder_column_1_3 1_3 fusion-flex-column fusion-flex-align-self-flex-start\" style=\"--awb-bg-size:cover;--awb-width-large:33.333333333333%;--awb-margin-top-large:0px;--awb-spacing-right-large:5.76%;--awb-margin-bottom-large:20px;--awb-spacing-left-large:5.76%;--awb-width-medium:100%;--awb-order-medium:0;--awb-spacing-right-medium:1.92%;--awb-spacing-left-medium:1.92%;--awb-width-small:100%;--awb-order-small:0;--awb-spacing-right-small:1.92%;--awb-spacing-left-small:1.92%;\"><div class=\"fusion-column-wrapper fusion-column-has-shadow fusion-flex-justify-content-center fusion-content-layout-column\"><div class=\"fusion-image-element \" style=\"text-align:center;--awb-caption-title-font-family:var(--h2_typography-font-family);--awb-caption-title-font-weight:var(--h2_typography-font-weight);--awb-caption-title-font-style:var(--h2_typography-font-style);--awb-caption-title-size:var(--h2_typography-font-size);--awb-caption-title-transform:var(--h2_typography-text-transform);--awb-caption-title-line-height:var(--h2_typography-line-height);--awb-caption-title-letter-spacing:var(--h2_typography-letter-spacing);\"><span class=\" fusion-imageframe imageframe-none imageframe-2 hover-type-none\"><img decoding=\"async\" width=\"263\" height=\"263\" title=\"mtmd2\" src=\"https:\/\/mechtalks.com\/wp-content\/uploads\/2022\/07\/mtmd2.png\" data-orig-src=\"https:\/\/mechtalks.com\/wp-content\/uploads\/2022\/07\/mtmd2.png\" alt class=\"lazyload img-responsive wp-image-5200\" srcset=\"data:image\/svg+xml,%3Csvg%20xmlns%3D%27http%3A%2F%2Fwww.w3.org%2F2000%2Fsvg%27%20width%3D%27263%27%20height%3D%27263%27%20viewBox%3D%270%200%20263%20263%27%3E%3Crect%20width%3D%27263%27%20height%3D%27263%27%20fill-opacity%3D%220%22%2F%3E%3C%2Fsvg%3E\" data-srcset=\"https:\/\/mechtalks.com\/wp-content\/uploads\/2022\/07\/mtmd2-200x200.png 200w, https:\/\/mechtalks.com\/wp-content\/uploads\/2022\/07\/mtmd2.png 263w\" data-sizes=\"auto\" data-orig-sizes=\"(max-width: 1024px) 100vw, (max-width: 640px) 100vw, 263px\" \/><\/span><\/div><div class=\"fusion-text fusion-text-5\"><h3 class=\"heading-5\" style=\"text-align: center;\"><span style=\"color: #ffffff;\">Mekanik Tesisat<\/span><br \/>\n<span style=\"color: #ffffff;\">M\u00fcteahhitleri Derne\u011fi<\/span><\/h3>\n<\/div><div class=\"fusion-text fusion-text-6\"><p style=\"text-align: center;\"><a href=\"https:\/\/mtmd.org.tr\/\"><img decoding=\"async\" class=\"lazyload alignnone wp-image-5199 size-full\" src=\"data:image\/svg+xml,%3Csvg%20xmlns%3D%27http%3A%2F%2Fwww.w3.org%2F2000%2Fsvg%27%20width%3D%2730%27%20height%3D%2730%27%20viewBox%3D%270%200%2030%2030%27%3E%3Crect%20width%3D%2730%27%20height%3D%2730%27%20fill-opacity%3D%220%22%2F%3E%3C%2Fsvg%3E\" data-orig-src=\"https:\/\/mechtalks.com\/wp-content\/uploads\/2022\/07\/website.png\" alt=\"\" width=\"30\" height=\"30\" \/> <span style=\"color: #ffffff;\">Web site\u00a0 \u00a0<\/span><\/a><\/p>\n<p style=\"text-align: center;\"><a href=\"https:\/\/tr.linkedin.com\/company\/mekaniktesisatmuteahhitleridernegi\" data-wp-editing=\"1\"><img decoding=\"async\" class=\"lazyload alignnone wp-image-5198 size-full\" src=\"data:image\/svg+xml,%3Csvg%20xmlns%3D%27http%3A%2F%2Fwww.w3.org%2F2000%2Fsvg%27%20width%3D%2730%27%20height%3D%2730%27%20viewBox%3D%270%200%2030%2030%27%3E%3Crect%20width%3D%2730%27%20height%3D%2730%27%20fill-opacity%3D%220%22%2F%3E%3C%2Fsvg%3E\" data-orig-src=\"https:\/\/mechtalks.com\/wp-content\/uploads\/2022\/07\/linkedin.png\" alt=\"\" width=\"30\" height=\"30\" \/> <span style=\"color: #ffffff;\">Linkedin\u00a0\u00a0\u00a0<\/span><\/a><\/p>\n<p style=\"text-align: center;\"><img decoding=\"async\" class=\"lazyload size-full wp-image-5197 alignnone\" src=\"data:image\/svg+xml,%3Csvg%20xmlns%3D%27http%3A%2F%2Fwww.w3.org%2F2000%2Fsvg%27%20width%3D%2730%27%20height%3D%2730%27%20viewBox%3D%270%200%2030%2030%27%3E%3Crect%20width%3D%2730%27%20height%3D%2730%27%20fill-opacity%3D%220%22%2F%3E%3C%2Fsvg%3E\" data-orig-src=\"https:\/\/mechtalks.com\/wp-content\/uploads\/2022\/07\/instagram.png\" alt=\"\" width=\"30\" height=\"30\" \/> <a href=\"https:\/\/www.instagram.com\/mtmd.org.tr\/?hl=tr\"><span style=\"color: #ffffff;\">Instagram\u00a0<\/span><\/a><\/p>\n<p style=\"text-align: center;\">\u00a0<img decoding=\"async\" class=\"lazyload alignnone size-full wp-image-5492\" src=\"data:image\/svg+xml,%3Csvg%20xmlns%3D%27http%3A%2F%2Fwww.w3.org%2F2000%2Fsvg%27%20width%3D%2730%27%20height%3D%2730%27%20viewBox%3D%270%200%2030%2030%27%3E%3Crect%20width%3D%2730%27%20height%3D%2730%27%20fill-opacity%3D%220%22%2F%3E%3C%2Fsvg%3E\" data-orig-src=\"https:\/\/mechtalks.com\/wp-content\/uploads\/2022\/08\/instagram-kopya.png\" alt=\"\" width=\"30\" height=\"30\" \/> <a href=\"https:\/\/www.youtube.com\/c\/MTMDTV\"><span style=\"color: #ffffff;\">Youtube\u00a0 \u00a0 \u00a0<\/span><\/a><\/p>\n<\/div><\/div><\/div><div class=\"fusion-layout-column fusion_builder_column fusion-builder-column-5 fusion_builder_column_1_3 1_3 fusion-flex-column fusion-flex-align-self-flex-start\" style=\"--awb-bg-size:cover;--awb-width-large:33.333333333333%;--awb-margin-top-large:0px;--awb-spacing-right-large:5.76%;--awb-margin-bottom-large:20px;--awb-spacing-left-large:5.76%;--awb-width-medium:100%;--awb-order-medium:0;--awb-spacing-right-medium:1.92%;--awb-spacing-left-medium:1.92%;--awb-width-small:100%;--awb-order-small:0;--awb-spacing-right-small:1.92%;--awb-spacing-left-small:1.92%;\"><div class=\"fusion-column-wrapper fusion-column-has-shadow fusion-flex-justify-content-center fusion-content-layout-column\"><div class=\"fusion-image-element \" style=\"text-align:center;--awb-caption-title-font-family:var(--h2_typography-font-family);--awb-caption-title-font-weight:var(--h2_typography-font-weight);--awb-caption-title-font-style:var(--h2_typography-font-style);--awb-caption-title-size:var(--h2_typography-font-size);--awb-caption-title-transform:var(--h2_typography-text-transform);--awb-caption-title-line-height:var(--h2_typography-line-height);--awb-caption-title-letter-spacing:var(--h2_typography-letter-spacing);\"><span class=\" fusion-imageframe imageframe-none imageframe-3 hover-type-none\"><img decoding=\"async\" width=\"263\" height=\"263\" src=\"https:\/\/mechtalks.com\/wp-content\/uploads\/2023\/12\/borusan2-150x1503-03-03-04.png\" data-orig-src=\"https:\/\/mechtalks.com\/wp-content\/uploads\/2023\/12\/borusan2-150x1503-03-03-04.png\" alt class=\"lazyload img-responsive wp-image-6390\" srcset=\"data:image\/svg+xml,%3Csvg%20xmlns%3D%27http%3A%2F%2Fwww.w3.org%2F2000%2Fsvg%27%20width%3D%27263%27%20height%3D%27263%27%20viewBox%3D%270%200%20263%20263%27%3E%3Crect%20width%3D%27263%27%20height%3D%27263%27%20fill-opacity%3D%220%22%2F%3E%3C%2Fsvg%3E\" data-srcset=\"https:\/\/mechtalks.com\/wp-content\/uploads\/2023\/12\/borusan2-150x1503-03-03-04-200x200.png 200w, https:\/\/mechtalks.com\/wp-content\/uploads\/2023\/12\/borusan2-150x1503-03-03-04.png 263w\" data-sizes=\"auto\" data-orig-sizes=\"(max-width: 1024px) 100vw, (max-width: 640px) 100vw, 263px\" \/><\/span><\/div><div class=\"fusion-text fusion-text-7\"><h3 class=\"heading-5\" style=\"text-align: center;\"><span style=\"color: #ffffff;\">Borusan<\/span><br \/>\n<span style=\"color: #ffffff;\">Boru<\/span><\/h3>\n<\/div><div class=\"fusion-text fusion-text-8\"><p style=\"text-align: center;\"><a href=\"https:\/\/www.borusanboru.com\/anasayfa\"><img decoding=\"async\" class=\"lazyload alignnone wp-image-5199 size-full\" src=\"data:image\/svg+xml,%3Csvg%20xmlns%3D%27http%3A%2F%2Fwww.w3.org%2F2000%2Fsvg%27%20width%3D%2730%27%20height%3D%2730%27%20viewBox%3D%270%200%2030%2030%27%3E%3Crect%20width%3D%2730%27%20height%3D%2730%27%20fill-opacity%3D%220%22%2F%3E%3C%2Fsvg%3E\" data-orig-src=\"https:\/\/mechtalks.com\/wp-content\/uploads\/2022\/07\/website.png\" alt=\"\" width=\"30\" height=\"30\" \/> <span style=\"color: #ffffff;\">Web site\u00a0 \u00a0<\/span><\/a><\/p>\n<p style=\"text-align: center;\"><a href=\"https:\/\/www.linkedin.com\/company\/borusanboru\" data-wp-editing=\"1\"><img decoding=\"async\" class=\"lazyload alignnone wp-image-5198 size-full\" src=\"data:image\/svg+xml,%3Csvg%20xmlns%3D%27http%3A%2F%2Fwww.w3.org%2F2000%2Fsvg%27%20width%3D%2730%27%20height%3D%2730%27%20viewBox%3D%270%200%2030%2030%27%3E%3Crect%20width%3D%2730%27%20height%3D%2730%27%20fill-opacity%3D%220%22%2F%3E%3C%2Fsvg%3E\" data-orig-src=\"https:\/\/mechtalks.com\/wp-content\/uploads\/2022\/07\/linkedin.png\" alt=\"\" width=\"30\" height=\"30\" \/> <span style=\"color: #ffffff;\">Linkedin\u00a0\u00a0\u00a0<\/span><\/a><\/p>\n<p style=\"text-align: center;\"><a href=\"https:\/\/www.instagram.com\/borusanboru\"><img decoding=\"async\" class=\"lazyload alignnone wp-image-5197 size-full\" src=\"data:image\/svg+xml,%3Csvg%20xmlns%3D%27http%3A%2F%2Fwww.w3.org%2F2000%2Fsvg%27%20width%3D%2730%27%20height%3D%2730%27%20viewBox%3D%270%200%2030%2030%27%3E%3Crect%20width%3D%2730%27%20height%3D%2730%27%20fill-opacity%3D%220%22%2F%3E%3C%2Fsvg%3E\" data-orig-src=\"https:\/\/mechtalks.com\/wp-content\/uploads\/2022\/07\/instagram.png\" alt=\"\" width=\"30\" height=\"30\" \/> <span style=\"color: #ffffff;\">Instagram\u00a0<\/span><\/a><\/p>\n<p style=\"text-align: center;\"><a href=\"https:\/\/www.facebook.com\/Borusanborutr\"><img decoding=\"async\" class=\"lazyload alignnone size-full wp-image-5195\" src=\"data:image\/svg+xml,%3Csvg%20xmlns%3D%27http%3A%2F%2Fwww.w3.org%2F2000%2Fsvg%27%20width%3D%2730%27%20height%3D%2730%27%20viewBox%3D%270%200%2030%2030%27%3E%3Crect%20width%3D%2730%27%20height%3D%2730%27%20fill-opacity%3D%220%22%2F%3E%3C%2Fsvg%3E\" data-orig-src=\"https:\/\/mechtalks.com\/wp-content\/uploads\/2022\/07\/facebook.png\" alt=\"\" width=\"30\" height=\"30\" \/> <span style=\"color: #ffffff;\">Facebook\u00a0<\/span><\/a><\/p>\n<\/div><\/div><\/div><\/div><\/div><\/p>\n","protected":false},"excerpt":{"rendered":"","protected":false},"author":1,"featured_media":0,"parent":0,"menu_order":0,"comment_status":"closed","ping_status":"closed","template":"100-width.php","meta":{"footnotes":""},"class_list":["post-10","page","type-page","status-publish","hentry"],"_links":{"self":[{"href":"https:\/\/mechtalks.com\/tr_tr\/wp-json\/wp\/v2\/pages\/10","targetHints":{"allow":["GET"]}}],"collection":[{"href":"https:\/\/mechtalks.com\/tr_tr\/wp-json\/wp\/v2\/pages"}],"about":[{"href":"https:\/\/mechtalks.com\/tr_tr\/wp-json\/wp\/v2\/types\/page"}],"author":[{"embeddable":true,"href":"https:\/\/mechtalks.com\/tr_tr\/wp-json\/wp\/v2\/users\/1"}],"replies":[{"embeddable":true,"href":"https:\/\/mechtalks.com\/tr_tr\/wp-json\/wp\/v2\/comments?post=10"}],"version-history":[{"count":66,"href":"https:\/\/mechtalks.com\/tr_tr\/wp-json\/wp\/v2\/pages\/10\/revisions"}],"predecessor-version":[{"id":6862,"href":"https:\/\/mechtalks.com\/tr_tr\/wp-json\/wp\/v2\/pages\/10\/revisions\/6862"}],"wp:attachment":[{"href":"https:\/\/mechtalks.com\/tr_tr\/wp-json\/wp\/v2\/media?parent=10"}],"curies":[{"name":"wp","href":"https:\/\/api.w.org\/{rel}","templated":true}]}}