{"id":6581,"date":"2024-04-01T12:17:53","date_gmt":"2024-04-01T12:17:53","guid":{"rendered":"https:\/\/mechtalks.com\/?page_id=6581"},"modified":"2024-04-01T12:17:53","modified_gmt":"2024-04-01T12:17:53","slug":"gulcan-ergun","status":"publish","type":"page","link":"https:\/\/mechtalks.com\/en\/gulcan-ergun\/","title":{"rendered":"G\u00fclcan ERG\u00dcN"},"content":{"rendered":"<p><div class=\"fusion-fullwidth fullwidth-box fusion-builder-row-1 fusion-flex-container has-pattern-background has-mask-background nonhundred-percent-fullwidth non-hundred-percent-height-scrolling\" style=\"--awb-border-radius-top-left:0px;--awb-border-radius-top-right:0px;--awb-border-radius-bottom-right:0px;--awb-border-radius-bottom-left:0px;--awb-padding-top:100px;--awb-padding-bottom:0px;--awb-margin-bottom:0px;--awb-background-color:#252f48;--awb-flex-wrap:wrap;\" ><div class=\"fusion-builder-row fusion-row fusion-flex-align-items-stretch fusion-flex-justify-content-center fusion-flex-content-wrap\" style=\"max-width:calc( 1170px + 10px );margin-left: calc(-10px \/ 2 );margin-right: calc(-10px \/ 2 );\"><div class=\"fusion-layout-column fusion_builder_column fusion-builder-column-0 fusion_builder_column_1_1 1_1 fusion-flex-column fusion-flex-align-self-flex-end fusion-animated\" style=\"--awb-bg-size:cover;--awb-width-large:100%;--awb-margin-top-large:0px;--awb-spacing-right-large:5px;--awb-margin-bottom-large:20px;--awb-spacing-left-large:5px;--awb-width-medium:100%;--awb-order-medium:0;--awb-spacing-right-medium:5px;--awb-spacing-left-medium:5px;--awb-width-small:100%;--awb-order-small:0;--awb-spacing-right-small:5px;--awb-spacing-left-small:5px;\" data-animationtype=\"fadeInUp\" data-animationduration=\"1.0\" data-animationoffset=\"top-into-view\"><div class=\"fusion-column-wrapper fusion-column-has-shadow fusion-flex-justify-content-flex-end fusion-content-layout-column\"><div class=\"fusion-title title fusion-title-1 fusion-sep-none fusion-title-text fusion-title-size-one\" style=\"--awb-text-color:#ffffff;--awb-margin-bottom:30px;--awb-font-size:67px;\"><h1 class=\"fusion-title-heading title-heading-left fusion-responsive-typography-calculated\" style=\"font-family:&quot;Outfit&quot;;font-style:normal;font-weight:600;margin:0;font-size:1em;letter-spacing:var(--awb-typography1-letter-spacing);text-transform:var(--awb-typography1-text-transform);--fontSize:67;line-height:1;\"><h2 style=\"text-align: center;\"><span style=\"color: #ffffff;\">SPEAKERS<\/span><\/h2><\/h1><\/div><\/div><\/div><\/div><\/div><div class=\"fusion-fullwidth fullwidth-box fusion-builder-row-2 fusion-flex-container has-pattern-background has-mask-background nonhundred-percent-fullwidth non-hundred-percent-height-scrolling\" style=\"--awb-border-radius-top-left:0px;--awb-border-radius-top-right:0px;--awb-border-radius-bottom-right:0px;--awb-border-radius-bottom-left:0px;--awb-padding-top:2%;--awb-flex-wrap:wrap;\" ><div class=\"fusion-builder-row fusion-row fusion-flex-align-items-center fusion-flex-justify-content-center fusion-flex-content-wrap\" style=\"max-width:1216.8px;margin-left: calc(-4% \/ 2 );margin-right: calc(-4% \/ 2 );\"><div class=\"fusion-layout-column fusion_builder_column fusion-builder-column-1 fusion-flex-column fusion-flex-align-self-flex-start\" style=\"--awb-bg-size:cover;--awb-width-large:20%;--awb-margin-top-large:0px;--awb-spacing-right-large:9.6%;--awb-margin-bottom-large:20px;--awb-spacing-left-large:9.6%;--awb-width-medium:100%;--awb-order-medium:0;--awb-spacing-right-medium:1.92%;--awb-spacing-left-medium:1.92%;--awb-width-small:100%;--awb-order-small:0;--awb-spacing-right-small:1.92%;--awb-spacing-left-small:1.92%;\"><div class=\"fusion-column-wrapper fusion-column-has-shadow fusion-flex-justify-content-flex-start fusion-content-layout-column\"><div class=\"fusion-image-element\" style=\"text-align:right;--awb-caption-title-font-family:var(--h2_typography-font-family);--awb-caption-title-font-weight:var(--h2_typography-font-weight);--awb-caption-title-font-style:var(--h2_typography-font-style);--awb-caption-title-size:var(--h2_typography-font-size);--awb-caption-title-transform:var(--h2_typography-text-transform);--awb-caption-title-line-height:var(--h2_typography-line-height);--awb-caption-title-letter-spacing:var(--h2_typography-letter-spacing);\"><span class=\"fusion-imageframe imageframe-none imageframe-1 hover-type-none\"><img decoding=\"async\" width=\"250\" height=\"400\" src=\"https:\/\/mechtalks.com\/wp-content\/uploads\/2024\/04\/Gulcan-Ergun.jpg\" data-orig-src=\"https:\/\/mechtalks.com\/wp-content\/uploads\/2024\/04\/Gulcan-Ergun.jpg\" alt class=\"lazyload img-responsive wp-image-6579\" srcset=\"data:image\/svg+xml,%3Csvg%20xmlns%3D%27http%3A%2F%2Fwww.w3.org%2F2000%2Fsvg%27%20width%3D%27250%27%20height%3D%27400%27%20viewBox%3D%270%200%20250%20400%27%3E%3Crect%20width%3D%27250%27%20height%3D%27400%27%20fill-opacity%3D%220%22%2F%3E%3C%2Fsvg%3E\" data-srcset=\"https:\/\/mechtalks.com\/wp-content\/uploads\/2024\/04\/Gulcan-Ergun-200x320.jpg 200w, https:\/\/mechtalks.com\/wp-content\/uploads\/2024\/04\/Gulcan-Ergun.jpg 250w\" data-sizes=\"auto\" data-orig-sizes=\"(max-width: 1024px) 100vw, (max-width: 640px) 100vw, 250px\" \/><\/span><\/div><\/div><\/div><div class=\"fusion-layout-column fusion_builder_column fusion-builder-column-2 fusion-flex-column\" style=\"--awb-bg-size:cover;--awb-width-large:60%;--awb-margin-top-large:0px;--awb-spacing-right-large:3.2%;--awb-margin-bottom-large:20px;--awb-spacing-left-large:3.2%;--awb-width-medium:100%;--awb-order-medium:0;--awb-spacing-right-medium:1.92%;--awb-spacing-left-medium:1.92%;--awb-width-small:100%;--awb-order-small:0;--awb-spacing-right-small:1.92%;--awb-spacing-left-small:1.92%;\"><div class=\"fusion-column-wrapper fusion-column-has-shadow fusion-flex-justify-content-flex-start fusion-content-layout-column\"><div class=\"fusion-text fusion-text-1\"><p><strong>G\u00fclcan ERG\u00dcN<\/strong><\/p>\n<p><strong>Founding Partner of DCube Sustainability and Circular Economy Inc.<\/strong><\/p>\n<p>G\u00fclcan Erg\u00fcn completed her undergraduate education at Ko\u00e7 University Department of\nInternational Relations and her master&#039;s degree at Marmara University European Community\nInstitute EU Law Department. Between 2004 and 2006, she took part in sustainable development\nprojects carried out at Habitat Association together with the EU, UNDP and the World Bank. Since\n2007, she has been a board member of Detay M\u00fchendislik. In the same year, she founded GESPRO\nConsultancy and she started to provide services to public, non-governmental organizations and\ncompanies in the field of sustainable development. In addition to her duties there, in 2018 she\nbecame the founding partner of DCube, which aims to raise awareness, build capacity and\nimplement projects about circular economy in T\u00fcrkiye. G\u00fclcan, with her 20 years of project\nmanagement experience, focuses on entrepreneurship, sustainability and circular economy. <a href=\"https:\/\/mechtalks.com\/en\/konusmacilar\/\">\u21d0 Back<\/a><\/p>\n<\/div><\/div><\/div><\/div><\/div><\/p>","protected":false},"excerpt":{"rendered":"","protected":false},"author":1,"featured_media":0,"parent":0,"menu_order":0,"comment_status":"closed","ping_status":"closed","template":"100-width.php","meta":{"footnotes":""},"class_list":["post-6581","page","type-page","status-publish","hentry"],"_links":{"self":[{"href":"https:\/\/mechtalks.com\/en\/wp-json\/wp\/v2\/pages\/6581","targetHints":{"allow":["GET"]}}],"collection":[{"href":"https:\/\/mechtalks.com\/en\/wp-json\/wp\/v2\/pages"}],"about":[{"href":"https:\/\/mechtalks.com\/en\/wp-json\/wp\/v2\/types\/page"}],"author":[{"embeddable":true,"href":"https:\/\/mechtalks.com\/en\/wp-json\/wp\/v2\/users\/1"}],"replies":[{"embeddable":true,"href":"https:\/\/mechtalks.com\/en\/wp-json\/wp\/v2\/comments?post=6581"}],"version-history":[{"count":1,"href":"https:\/\/mechtalks.com\/en\/wp-json\/wp\/v2\/pages\/6581\/revisions"}],"predecessor-version":[{"id":6582,"href":"https:\/\/mechtalks.com\/en\/wp-json\/wp\/v2\/pages\/6581\/revisions\/6582"}],"wp:attachment":[{"href":"https:\/\/mechtalks.com\/en\/wp-json\/wp\/v2\/media?parent=6581"}],"curies":[{"name":"wp","href":"https:\/\/api.w.org\/{rel}","templated":true}]}}