{"id":6569,"date":"2024-04-01T11:52:02","date_gmt":"2024-04-01T11:52:02","guid":{"rendered":"https:\/\/mechtalks.com\/?page_id=6569"},"modified":"2024-04-01T11:57:58","modified_gmt":"2024-04-01T11:57:58","slug":"baris-dogru","status":"publish","type":"page","link":"https:\/\/mechtalks.com\/en\/baris-dogru\/","title":{"rendered":"Bar\u0131\u015f Dogru"},"content":{"rendered":"<p><div class=\"fusion-fullwidth fullwidth-box fusion-builder-row-1 fusion-flex-container has-pattern-background has-mask-background nonhundred-percent-fullwidth non-hundred-percent-height-scrolling\" style=\"--awb-border-radius-top-left:0px;--awb-border-radius-top-right:0px;--awb-border-radius-bottom-right:0px;--awb-border-radius-bottom-left:0px;--awb-padding-top:100px;--awb-padding-bottom:0px;--awb-margin-bottom:0px;--awb-background-color:#252f48;--awb-flex-wrap:wrap;\" ><div class=\"fusion-builder-row fusion-row fusion-flex-align-items-stretch fusion-flex-justify-content-center fusion-flex-content-wrap\" style=\"max-width:calc( 1170px + 10px );margin-left: calc(-10px \/ 2 );margin-right: calc(-10px \/ 2 );\"><div class=\"fusion-layout-column fusion_builder_column fusion-builder-column-0 fusion_builder_column_1_1 1_1 fusion-flex-column fusion-flex-align-self-flex-end fusion-animated\" style=\"--awb-bg-size:cover;--awb-width-large:100%;--awb-margin-top-large:0px;--awb-spacing-right-large:5px;--awb-margin-bottom-large:20px;--awb-spacing-left-large:5px;--awb-width-medium:100%;--awb-order-medium:0;--awb-spacing-right-medium:5px;--awb-spacing-left-medium:5px;--awb-width-small:100%;--awb-order-small:0;--awb-spacing-right-small:5px;--awb-spacing-left-small:5px;\" data-animationtype=\"fadeInUp\" data-animationduration=\"1.0\" data-animationoffset=\"top-into-view\"><div class=\"fusion-column-wrapper fusion-column-has-shadow fusion-flex-justify-content-flex-end fusion-content-layout-column\"><div class=\"fusion-title title fusion-title-1 fusion-sep-none fusion-title-text fusion-title-size-one\" style=\"--awb-text-color:#ffffff;--awb-margin-bottom:30px;--awb-font-size:67px;\"><h1 class=\"fusion-title-heading title-heading-left fusion-responsive-typography-calculated\" style=\"font-family:&quot;Outfit&quot;;font-style:normal;font-weight:600;margin:0;font-size:1em;letter-spacing:var(--awb-typography1-letter-spacing);text-transform:var(--awb-typography1-text-transform);--fontSize:67;line-height:1;\"><h2 style=\"text-align: center;\"><span style=\"color: #ffffff;\">SPEAKERS<\/span><\/h2><\/h1><\/div><\/div><\/div><\/div><\/div><div class=\"fusion-fullwidth fullwidth-box fusion-builder-row-2 fusion-flex-container has-pattern-background has-mask-background nonhundred-percent-fullwidth non-hundred-percent-height-scrolling\" style=\"--awb-border-radius-top-left:0px;--awb-border-radius-top-right:0px;--awb-border-radius-bottom-right:0px;--awb-border-radius-bottom-left:0px;--awb-padding-top:2%;--awb-flex-wrap:wrap;\" ><div class=\"fusion-builder-row fusion-row fusion-flex-align-items-center fusion-flex-justify-content-center fusion-flex-content-wrap\" style=\"max-width:1216.8px;margin-left: calc(-4% \/ 2 );margin-right: calc(-4% \/ 2 );\"><div class=\"fusion-layout-column fusion_builder_column fusion-builder-column-1 fusion-flex-column fusion-flex-align-self-flex-start\" style=\"--awb-bg-size:cover;--awb-width-large:20%;--awb-margin-top-large:0px;--awb-spacing-right-large:9.6%;--awb-margin-bottom-large:20px;--awb-spacing-left-large:9.6%;--awb-width-medium:100%;--awb-order-medium:0;--awb-spacing-right-medium:1.92%;--awb-spacing-left-medium:1.92%;--awb-width-small:100%;--awb-order-small:0;--awb-spacing-right-small:1.92%;--awb-spacing-left-small:1.92%;\"><div class=\"fusion-column-wrapper fusion-column-has-shadow fusion-flex-justify-content-flex-start fusion-content-layout-column\"><div class=\"fusion-image-element\" style=\"text-align:right;--awb-caption-title-font-family:var(--h2_typography-font-family);--awb-caption-title-font-weight:var(--h2_typography-font-weight);--awb-caption-title-font-style:var(--h2_typography-font-style);--awb-caption-title-size:var(--h2_typography-font-size);--awb-caption-title-transform:var(--h2_typography-text-transform);--awb-caption-title-line-height:var(--h2_typography-line-height);--awb-caption-title-letter-spacing:var(--h2_typography-letter-spacing);\"><span class=\"fusion-imageframe imageframe-none imageframe-1 hover-type-none\"><img decoding=\"async\" width=\"250\" height=\"400\" src=\"https:\/\/mechtalks.com\/wp-content\/uploads\/2024\/04\/barisdogru.jpg\" data-orig-src=\"https:\/\/mechtalks.com\/wp-content\/uploads\/2024\/04\/barisdogru.jpg\" alt class=\"lazyload img-responsive wp-image-6570\" srcset=\"data:image\/svg+xml,%3Csvg%20xmlns%3D%27http%3A%2F%2Fwww.w3.org%2F2000%2Fsvg%27%20width%3D%27250%27%20height%3D%27400%27%20viewBox%3D%270%200%20250%20400%27%3E%3Crect%20width%3D%27250%27%20height%3D%27400%27%20fill-opacity%3D%220%22%2F%3E%3C%2Fsvg%3E\" data-srcset=\"https:\/\/mechtalks.com\/wp-content\/uploads\/2024\/04\/barisdogru-200x320.jpg 200w, https:\/\/mechtalks.com\/wp-content\/uploads\/2024\/04\/barisdogru.jpg 250w\" data-sizes=\"auto\" data-orig-sizes=\"(max-width: 1024px) 100vw, (max-width: 640px) 100vw, 250px\" \/><\/span><\/div><\/div><\/div><div class=\"fusion-layout-column fusion_builder_column fusion-builder-column-2 fusion-flex-column\" style=\"--awb-bg-size:cover;--awb-width-large:60%;--awb-margin-top-large:0px;--awb-spacing-right-large:3.2%;--awb-margin-bottom-large:20px;--awb-spacing-left-large:3.2%;--awb-width-medium:100%;--awb-order-medium:0;--awb-spacing-right-medium:1.92%;--awb-spacing-left-medium:1.92%;--awb-width-small:100%;--awb-order-small:0;--awb-spacing-right-small:1.92%;--awb-spacing-left-small:1.92%;\"><div class=\"fusion-column-wrapper fusion-column-has-shadow fusion-flex-justify-content-flex-start fusion-content-layout-column\"><div class=\"fusion-text fusion-text-1\"><p><strong>Dr. Bar\u0131\u015f DO\u011eRU<\/strong><\/p>\n<p><strong>ekoIQ<\/strong><\/p>\n<p><strong>Ekologos<\/strong><\/p>\n<p>Bar\u0131\u015f Do\u011fru was born in \u0130zmir in 1970, and studied in Sociology Department in Bosphorus\nUniversity 1988-1995. After the graduation, worked in many different companies and\nproduced magazines, annual reports, sectorial researches on different issues and themes as\nwriter, translator, editor, editor-in-chief, manager. Also prepare news, columns form\nnewspapers and magazines.<\/p>\n<p>In 2010 he prepared the concept of EKOIQ, first and unique sustainability magazine of\nTurkey and began to publish the magazine as editor-in-chief. Also he founded and managed\nEKOIQ\u2019s online publications.\n\nHe wrote three books (Umudu Ye\u015fertenler, Conversations on Ecology, Sustainability Guide\nin 100 Questions, and Lycian Trekking Route) and prepared a documentary (9 parts) as\ndirector about Lycian Route for NTV, a national broadcasting company.<\/p>\n<p class=\" translation-block\">He completed Post Graduate degree in 1999 in Sociology Department in Mimar Sinan\nUniversity, and in 2023 Ph.D in Public Relations Program in Marmara University on\nSustainability Communication.\nNow he continues his works as editor-in-chief in EKOIQ and www.iklimhaber.org (climate\nnews portal) and as sustainability communication expert in EKOLOGOS. <a href=\"https:\/\/mechtalks.com\/en\/konusmacilar\/\" target=\"_self\">\u21d0 Back<\/a><\/p>\n<\/div><\/div><\/div><\/div><\/div><\/p>","protected":false},"excerpt":{"rendered":"","protected":false},"author":1,"featured_media":0,"parent":0,"menu_order":0,"comment_status":"closed","ping_status":"closed","template":"100-width.php","meta":{"footnotes":""},"class_list":["post-6569","page","type-page","status-publish","hentry"],"_links":{"self":[{"href":"https:\/\/mechtalks.com\/en\/wp-json\/wp\/v2\/pages\/6569","targetHints":{"allow":["GET"]}}],"collection":[{"href":"https:\/\/mechtalks.com\/en\/wp-json\/wp\/v2\/pages"}],"about":[{"href":"https:\/\/mechtalks.com\/en\/wp-json\/wp\/v2\/types\/page"}],"author":[{"embeddable":true,"href":"https:\/\/mechtalks.com\/en\/wp-json\/wp\/v2\/users\/1"}],"replies":[{"embeddable":true,"href":"https:\/\/mechtalks.com\/en\/wp-json\/wp\/v2\/comments?post=6569"}],"version-history":[{"count":2,"href":"https:\/\/mechtalks.com\/en\/wp-json\/wp\/v2\/pages\/6569\/revisions"}],"predecessor-version":[{"id":6573,"href":"https:\/\/mechtalks.com\/en\/wp-json\/wp\/v2\/pages\/6569\/revisions\/6573"}],"wp:attachment":[{"href":"https:\/\/mechtalks.com\/en\/wp-json\/wp\/v2\/media?parent=6569"}],"curies":[{"name":"wp","href":"https:\/\/api.w.org\/{rel}","templated":true}]}}