{"id":6398,"date":"2023-12-07T07:38:25","date_gmt":"2023-12-07T07:38:25","guid":{"rendered":"https:\/\/mechtalks.com\/?page_id=6398"},"modified":"2023-12-07T07:38:54","modified_gmt":"2023-12-07T07:38:54","slug":"basin-bulteni-2022","status":"publish","type":"page","link":"https:\/\/mechtalks.com\/en\/basin-bulteni-2022\/","title":{"rendered":"Bas\u0131n B\u00fclteni 2022"},"content":{"rendered":"<p><div class=\"fusion-fullwidth fullwidth-box fusion-builder-row-1 fusion-flex-container has-pattern-background has-mask-background nonhundred-percent-fullwidth non-hundred-percent-height-scrolling\" style=\"--awb-border-radius-top-left:0px;--awb-border-radius-top-right:0px;--awb-border-radius-bottom-right:0px;--awb-border-radius-bottom-left:0px;--awb-padding-top:126.9915px;--awb-padding-bottom:0px;--awb-margin-bottom:0px;--awb-background-color:#252f48;--awb-flex-wrap:wrap;\" ><div class=\"fusion-builder-row fusion-row fusion-flex-align-items-stretch fusion-flex-justify-content-center fusion-flex-content-wrap\" style=\"max-width:calc( 1170px + 10px );margin-left: calc(-10px \/ 2 );margin-right: calc(-10px \/ 2 );\"><\/div><\/div><div class=\"fusion-fullwidth fullwidth-box fusion-builder-row-2 fusion-flex-container has-pattern-background has-mask-background nonhundred-percent-fullwidth non-hundred-percent-height-scrolling\" style=\"--awb-border-radius-top-left:0px;--awb-border-radius-top-right:0px;--awb-border-radius-bottom-right:0px;--awb-border-radius-bottom-left:0px;--awb-padding-top:30px;--awb-flex-wrap:wrap;\" ><div class=\"fusion-builder-row fusion-row fusion-flex-align-items-center fusion-flex-justify-content-center fusion-flex-content-wrap\" style=\"max-width:1216.8px;margin-left: calc(-4% \/ 2 );margin-right: calc(-4% \/ 2 );\"><div class=\"fusion-layout-column fusion_builder_column fusion-builder-column-0 fusion-flex-column fusion-flex-align-self-center\" style=\"--awb-bg-size:cover;--awb-width-large:80%;--awb-margin-top-large:0px;--awb-spacing-right-large:2.4%;--awb-margin-bottom-large:20px;--awb-spacing-left-large:2.4%;--awb-width-medium:100%;--awb-order-medium:0;--awb-spacing-right-medium:1.92%;--awb-spacing-left-medium:1.92%;--awb-width-small:100%;--awb-order-small:0;--awb-spacing-right-small:1.92%;--awb-spacing-left-small:1.92%;\"><div class=\"fusion-column-wrapper fusion-column-has-shadow fusion-flex-justify-content-flex-start fusion-content-layout-column\"><div class=\"fusion-text fusion-text-1\"><p><strong>MECHTALKS B\u0130NA END\u00dcSTR\u0130S\u0130NDE S\u00dcRD\u00dcR\u00dcLEB\u0130L\u0130RL\u0130\u011e\u0130N YOL HAR\u0130TASINI \u00c7\u0130ZD\u0130<\/strong><\/p>\n<p><strong>T\u00fcrk Tesisat M\u00fchendisleri Derne\u011fi (TTMD), Mekanik Tesisat M\u00fcteahhitleri Derne\u011fi (MTMD) ve Borusan Grup \u015firketlerinden Borusan Mannesmann ev sahipli\u011finde ger\u00e7ekle\u015ftirilen MechTalks etkinlikler serisinin ikincisi 24 Kas\u0131m 2022\u2019de\u0130stanbul Mandarin Oriental Hotel Kuru\u00e7e\u015fme\u2019de d\u00fczenlendi.Bina end\u00fcstrisinde s\u00fcrd\u00fcr\u00fclebilirli\u011fe odaklanan etkinlikte, binalarda karbon emisyonunu azaltmaya y\u00f6nelik \u00f6nlemler ve teknolojiler yan\u0131 s\u0131ra sekt\u00f6r\u00fcn atmas\u0131 gereken ad\u0131mlara dair \u00f6neriler payla\u015f\u0131ld\u0131.<\/strong><\/p>\n<p>TTMD, MTMD ve Borusan Mannesmann i\u015fbirli\u011fi ile hayata ge\u00e7en MechTalks etkinliklerinin,bina end\u00fcstrisinde s\u00fcrd\u00fcr\u00fclebilirli\u011fe odaklanan ikinci bulu\u015fmas\u0131 24 Kas\u0131m 2022\u2019de \u0130stanbul Mandarin Oriental Hotel Kuru\u00e7e\u015fme\u2019de d\u00fczenlendi. Sekt\u00f6r\u00fcn s\u00fcrd\u00fcr\u00fclebilir d\u00f6n\u00fc\u015f\u00fcm\u00fcn\u00fcn tart\u0131\u015f\u0131ld\u0131\u011f\u0131 d\u00f6rt oturumda;sekt\u00f6r profesyonelleri, bug\u00fcne ve gelece\u011fe y\u00f6nelik tespitleri ve \u00f6nerileri ile s\u00fcrd\u00fcr\u00fclebilirlik yolculu\u011funa dair \u00f6nemli ipu\u00e7lar\u0131 payla\u015ft\u0131.<\/p>\n<p>\u201c\u0130klim Krizi ve Y\u00f6netme Teknolojileri\u201d,\u201cS\u0131f\u0131r Enerjili Bina Y\u00f6netimi\u201d, etkinli\u011fin Platin Sponsorlar\u0131n\u0131n kat\u0131l\u0131m\u0131yla d\u00fczenlenen \u201cD\u00fc\u015f\u00fck Delta T Sendromu\u201d ve\u201c\u0130yi Uygulamalar\u201d oturumlar\u0131ndan olu\u015fan Mechtalks\u2019un ikinci bulu\u015fmas\u0131 hakk\u0131nda de\u011ferlendirmede bulunan <strong>TTMD Y\u00f6netim Kurulu Ba\u015fkan\u0131\u00a0Meri\u00e7 Sap\u00e7\u0131<\/strong>, \u201cMechtalks ad\u0131 alt\u0131ndaki bu etkinlikleri hem sekt\u00f6rel birli\u011fimizi g\u00fc\u00e7lendirmek hem de mesleki bilgi payla\u015f\u0131m\u0131n\u0131 art\u0131rmak amac\u0131yla haz\u0131rl\u0131yoruz.Mechtalks etkinlik serimizin ikincisinde; iklim krizinin \u00f6n\u00fcm\u00fczdeki s\u00fcre\u00e7te insanl\u0131\u011f\u0131n en b\u00fcy\u00fck problemi olmas\u0131 nedeniyle, bina end\u00fcstrisinde \u00e7al\u0131\u015fan bizlerin yani m\u00fchendislerin \u2018Do\u011fru, Temiz, G\u00fcvenli ve Etkin Enerji\u2019 kullan\u0131m\u0131nda daha proaktif olabilmesi i\u00e7in bilgi edindi\u011fimiz \u00e7ok \u00f6nemli konu ba\u015fl\u0131klar\u0131n\u0131 g\u00fcndeme ald\u0131k. Sekt\u00f6r\u00fcm\u00fcz\u00fcn en \u00f6nemli bilgi ve fikir payla\u015f\u0131m platformlar\u0131ndan biri olaca\u011f\u0131na inand\u0131\u011f\u0131m Mechtalks, yeni bulu\u015fmalar\u0131yla t\u00fcm kat\u0131l\u0131mc\u0131lara farkl\u0131 kap\u0131lar a\u00e7maya devam edecek\u201d dedi.<\/p>\n<p><strong>MTMD Y\u00f6netim Kurulu Ba\u015fkan\u0131 H\u00fcseyin Erdem<\/strong> ise, \u201c\u0130\u015f uzmanl\u0131\u011f\u0131m\u0131z ile d\u00fcnyan\u0131n en b\u00fcy\u00fck sorunlar\u0131n\u0131n ba\u015f\u0131nda gelen iklim krizinin \u00f6nlenmesi ad\u0131na \u00f6nemli bir bilgi birikimine sahibiz. Bu bilgi birikimini daha fazla a\u00e7\u0131\u011fa \u00e7\u0131karman\u0131n \u00e7ok \u00f6nemli oldu\u011funu d\u00fc\u015f\u00fcn\u00fcyorum. Konuk konu\u015fmac\u0131lar\u0131 ve se\u00e7ti\u011fi konularla Mechtalks\u2019un sekt\u00f6r\u00fcm\u00fcz\u00fc ileriye ta\u015f\u0131yaca\u011f\u0131na inan\u0131yorum\u201d de\u011ferlendirmesinde bulundu.<\/p>\n<p>Mechtalks\u2019un, bina end\u00fcstrisinins\u00fcrd\u00fcr\u00fclebilirlik ekseninde d\u00f6n\u00fc\u015f\u00fcm\u00fcn\u00fc ele almak ve sekt\u00f6rde g\u00fcndem yaratmak amac\u0131yla hayata ge\u00e7ti\u011fini belirten <strong>Borusan Mannesmann\u00a0 Genel M\u00fcd\u00fcr Yard\u0131mc\u0131s\u0131 O\u011fuzhan Ku\u015f\u00e7uo\u011flu<\/strong> ise, \u201c \u201cD\u00fcnyan\u0131n s\u00fcrd\u00fcr\u00fclebilirli\u011fi i\u00e7in; yenilenebilir enerjinin farkl\u0131 s\u00fcre\u00e7lere tam entegrasyonunun bir istek ya da arzunun \u00f6tesinde bir zorunluluk haline geldi\u011fini anl\u0131yoruz\u00a0. Enerji verimlili\u011fi, enerji verimlili\u011fini sa\u011flayacak yeni uygulamalar ve teknolojiler\u00a0ya da genel olarak s\u00fcrd\u00fcr\u00fclebilirlik\u00a0konusunda atmam\u0131z gereken pek \u00e7ok ad\u0131m oldu\u011funu g\u00f6r\u00fcyoruz.\u00a0 \u00d6te yandan Mechtaks\u2019ta payla\u015f\u0131lan bilgiler ve \u00f6neriler, t\u00fcm payda\u015flar\u0131n kararl\u0131 bir duru\u015f sergilemeleri durumunda \u00e7ok de\u011ferli kazan\u0131mlar elde edebilece\u011fimizi bizlereg\u00f6sterdi.\u00a0\u0130lkinin ard\u0131ndan, ikinci Mechtalks etkinli\u011fimiz ile de i\u015f a\u011f\u0131m\u0131z ve t\u00fcm payda\u015flar\u0131m\u0131z nezdinde yeni bir heyecan yaratt\u0131\u011f\u0131m\u0131z\u0131 d\u00fc\u015f\u00fcn\u00fcyorum.\u00a0Umuyorum bu heyecan d\u00f6n\u00fc\u015ft\u00fcr\u00fcc\u00fc bir g\u00fc\u00e7 halini al\u0131r ve etkinli\u011fimizi takip eden herkese ilham vermeye devam eder\u201d dedi.<\/p>\n<p><strong>Borusan ve s\u00fcrd\u00fcr\u00fclebilirlik<\/strong><\/p>\n<p>Borusan Holding ve Grup \u015firketleri s\u00fcrd\u00fcr\u00fclebilirli\u011fi i\u015f s\u00fcre\u00e7lerinin temel ta\u015f\u0131 olarak g\u00f6r\u00fcp kapsay\u0131c\u0131 bir \u015fekilde ele al\u0131rken iklim, insan ve inovasyon odak alanlar\u0131nda \u00e7al\u0131\u015fmalar\u0131n\u0131 y\u00fcr\u00fct\u00fcyorS\u00fcrd\u00fcr\u00fclebilirli\u011fi, payda\u015f temelli bir yap\u0131lanma olarak g\u00f6r\u00fcyor ve do\u011fay\u0131 i\u015f s\u00fcre\u00e7lerine katarak, t\u00fcm ya\u015fam i\u00e7in \u201cfayda\u201d \u00fcretmek ad\u0131na \u00e7al\u0131\u015f\u0131yor.<\/p>\n<\/div><\/div><\/div><\/div><\/div><\/p>","protected":false},"excerpt":{"rendered":"","protected":false},"author":1,"featured_media":0,"parent":0,"menu_order":0,"comment_status":"closed","ping_status":"closed","template":"100-width.php","meta":{"footnotes":""},"class_list":["post-6398","page","type-page","status-publish","hentry"],"_links":{"self":[{"href":"https:\/\/mechtalks.com\/en\/wp-json\/wp\/v2\/pages\/6398","targetHints":{"allow":["GET"]}}],"collection":[{"href":"https:\/\/mechtalks.com\/en\/wp-json\/wp\/v2\/pages"}],"about":[{"href":"https:\/\/mechtalks.com\/en\/wp-json\/wp\/v2\/types\/page"}],"author":[{"embeddable":true,"href":"https:\/\/mechtalks.com\/en\/wp-json\/wp\/v2\/users\/1"}],"replies":[{"embeddable":true,"href":"https:\/\/mechtalks.com\/en\/wp-json\/wp\/v2\/comments?post=6398"}],"version-history":[{"count":1,"href":"https:\/\/mechtalks.com\/en\/wp-json\/wp\/v2\/pages\/6398\/revisions"}],"predecessor-version":[{"id":6399,"href":"https:\/\/mechtalks.com\/en\/wp-json\/wp\/v2\/pages\/6398\/revisions\/6399"}],"wp:attachment":[{"href":"https:\/\/mechtalks.com\/en\/wp-json\/wp\/v2\/media?parent=6398"}],"curies":[{"name":"wp","href":"https:\/\/api.w.org\/{rel}","templated":true}]}}