{"id":5893,"date":"2022-11-16T06:58:00","date_gmt":"2022-11-16T06:58:00","guid":{"rendered":"https:\/\/mechtalks.com\/?page_id=5893"},"modified":"2022-11-16T06:58:00","modified_gmt":"2022-11-16T06:58:00","slug":"livestream","status":"publish","type":"page","link":"https:\/\/mechtalks.com\/en\/livestream\/","title":{"rendered":"LIVESTREAM"},"content":{"rendered":"<p><div class=\"fusion-fullwidth fullwidth-box fusion-builder-row-1 fusion-flex-container has-pattern-background has-mask-background nonhundred-percent-fullwidth non-hundred-percent-height-scrolling\" style=\"--awb-border-radius-top-left:0px;--awb-border-radius-top-right:0px;--awb-border-radius-bottom-right:0px;--awb-border-radius-bottom-left:0px;--awb-padding-top:100px;--awb-padding-bottom:0px;--awb-margin-bottom:0px;--awb-background-color:#252f48;--awb-flex-wrap:wrap;\" ><div class=\"fusion-builder-row fusion-row fusion-flex-align-items-stretch fusion-flex-justify-content-center fusion-flex-content-wrap\" style=\"max-width:calc( 1170px + 10px );margin-left: calc(-10px \/ 2 );margin-right: calc(-10px \/ 2 );\"><div class=\"fusion-layout-column fusion_builder_column fusion-builder-column-0 fusion_builder_column_1_1 1_1 fusion-flex-column fusion-flex-align-self-flex-end fusion-animated\" style=\"--awb-bg-size:cover;--awb-width-large:100%;--awb-margin-top-large:0px;--awb-spacing-right-large:5px;--awb-margin-bottom-large:20px;--awb-spacing-left-large:5px;--awb-width-medium:100%;--awb-order-medium:0;--awb-spacing-right-medium:5px;--awb-spacing-left-medium:5px;--awb-width-small:100%;--awb-order-small:0;--awb-spacing-right-small:5px;--awb-spacing-left-small:5px;\" data-animationtype=\"fadeInUp\" data-animationduration=\"1.0\" data-animationoffset=\"top-into-view\"><div class=\"fusion-column-wrapper fusion-column-has-shadow fusion-flex-justify-content-flex-end fusion-content-layout-column\"><div class=\"fusion-title title fusion-title-1 fusion-sep-none fusion-title-text fusion-title-size-one\" style=\"--awb-text-color:#ffffff;--awb-margin-bottom:30px;--awb-font-size:67px;\"><h1 class=\"fusion-title-heading title-heading-left fusion-responsive-typography-calculated\" style=\"font-family:&quot;Outfit&quot;;font-style:normal;font-weight:600;margin:0;font-size:1em;letter-spacing:var(--awb-typography1-letter-spacing);text-transform:var(--awb-typography1-text-transform);--fontSize:67;line-height:1;\"><h2 style=\"text-align: center;\"><span style=\"color: #ffffff;\">LIVESTREAM<\/span><\/h2><\/h1><\/div><\/div><\/div><\/div><\/div><div class=\"fusion-fullwidth fullwidth-box fusion-builder-row-2 fusion-flex-container has-pattern-background has-mask-background nonhundred-percent-fullwidth non-hundred-percent-height-scrolling\" style=\"--awb-border-radius-top-left:0px;--awb-border-radius-top-right:0px;--awb-border-radius-bottom-right:0px;--awb-border-radius-bottom-left:0px;--awb-padding-top:2%;--awb-flex-wrap:wrap;\" ><div class=\"fusion-builder-row fusion-row fusion-flex-align-items-center fusion-flex-justify-content-center fusion-flex-content-wrap\" style=\"max-width:1216.8px;margin-left: calc(-4% \/ 2 );margin-right: calc(-4% \/ 2 );\"><div class=\"fusion-layout-column fusion_builder_column fusion-builder-column-1 fusion-flex-column\" style=\"--awb-bg-size:cover;--awb-width-large:80%;--awb-margin-top-large:0px;--awb-spacing-right-large:2.4%;--awb-margin-bottom-large:20px;--awb-spacing-left-large:2.4%;--awb-width-medium:100%;--awb-order-medium:0;--awb-spacing-right-medium:1.92%;--awb-spacing-left-medium:1.92%;--awb-width-small:100%;--awb-order-small:0;--awb-spacing-right-small:1.92%;--awb-spacing-left-small:1.92%;\"><div class=\"fusion-column-wrapper fusion-column-has-shadow fusion-flex-justify-content-flex-start fusion-content-layout-column\"><div class=\"fusion-text fusion-text-1\"><p class=\"m_6680946076769993750MsoNoSpacing\">Ba\u015flang\u0131\u00e7 saatinden 45 dakika \u00f6nce MechTalks yay\u0131n\u0131 ba\u015flayacakt\u0131r.<br \/>\n<span style=\"color: #ff0000;\"><a style=\"color: #ff0000;\" href=\"http:\/\/live.mechtalks.com\/\" target=\"_blank\" rel=\"noopener\" data-saferedirecturl=\"https:\/\/www.google.com\/url?q=http:\/\/live.mechtalks.com\/&amp;source=gmail&amp;ust=1668257125524000&amp;usg=AOvVaw3qlPrsb59JWCdjeC6dabUt\">http:\/\/live.mechtalks.com\/<\/a><\/span>\u00a0linkine t\u0131klayarak kolayl\u0131kla yay\u0131na ba\u011flanabilirsiniz.<br \/>\nOlu\u015fturaca\u011f\u0131n\u0131z \u015fifrenizi g\u00fcvenli bir \u015fekilde saklay\u0131n\u0131z, yay\u0131na ba\u011flanmak i\u00e7in \u015fifrenizle giri\u015f yapman\u0131z gerekecektir.<br \/>\nMechTalks, (TTMD) T\u00fcrk Tesisat M\u00fchendisleri Derne\u011fi, (MTMD) Mekanik Tesisat M\u00fcteahhitleri Derne\u011fi ve Borusan Mannesmann ev sahipli\u011finde ger\u00e7ekle\u015ftirilmektedir.<br \/>\nYay\u0131n\u0131m\u0131zda g\u00f6r\u00fc\u015fmek \u00fczere.<\/p>\n<p><span style=\"color: #000080;\">Access to the livestream will be activated 45 minutes before the MechTalks starts.<\/span><br \/>\n<span style=\"color: #000080;\">Please click this link to simply join the Livestream<\/span>\u00a0<span style=\"color: #ff0000;\"><a style=\"color: #ff0000;\" href=\"http:\/\/live.mechtalks.com\/\">http:\/\/live.mechtalks.com\/<\/a><\/span><br \/>\n<span style=\"color: #000080;\">Remember to keep your password in a safe place, you will need it later to connect livestream.<\/span><br \/>\n<span style=\"color: #000080;\">MechTalks is organized by Turkish Society of HVAC &amp; Sanitary Engineers (TTMD), The Mechanical Contractors\u2019 Association (MTMD), and Borusan Mannesmann.<\/span><br \/>\n<span style=\"color: #000080;\">We look forward to seeing you online.<\/span><\/p>\n<\/div><\/div><\/div><\/div><\/div><\/p>","protected":false},"excerpt":{"rendered":"","protected":false},"author":1,"featured_media":0,"parent":0,"menu_order":0,"comment_status":"closed","ping_status":"closed","template":"100-width.php","meta":{"footnotes":""},"class_list":["post-5893","page","type-page","status-publish","hentry"],"_links":{"self":[{"href":"https:\/\/mechtalks.com\/en\/wp-json\/wp\/v2\/pages\/5893","targetHints":{"allow":["GET"]}}],"collection":[{"href":"https:\/\/mechtalks.com\/en\/wp-json\/wp\/v2\/pages"}],"about":[{"href":"https:\/\/mechtalks.com\/en\/wp-json\/wp\/v2\/types\/page"}],"author":[{"embeddable":true,"href":"https:\/\/mechtalks.com\/en\/wp-json\/wp\/v2\/users\/1"}],"replies":[{"embeddable":true,"href":"https:\/\/mechtalks.com\/en\/wp-json\/wp\/v2\/comments?post=5893"}],"version-history":[{"count":3,"href":"https:\/\/mechtalks.com\/en\/wp-json\/wp\/v2\/pages\/5893\/revisions"}],"predecessor-version":[{"id":5896,"href":"https:\/\/mechtalks.com\/en\/wp-json\/wp\/v2\/pages\/5893\/revisions\/5896"}],"wp:attachment":[{"href":"https:\/\/mechtalks.com\/en\/wp-json\/wp\/v2\/media?parent=5893"}],"curies":[{"name":"wp","href":"https:\/\/api.w.org\/{rel}","templated":true}]}}