{"id":5207,"date":"2022-07-25T11:04:08","date_gmt":"2022-07-25T11:04:08","guid":{"rendered":"https:\/\/mechtalks.com\/?page_id=5207"},"modified":"2024-05-10T13:55:28","modified_gmt":"2024-05-10T13:55:28","slug":"hakkimizda","status":"publish","type":"page","link":"https:\/\/mechtalks.com\/en\/hakkimizda\/","title":{"rendered":"About Us"},"content":{"rendered":"<p><div class=\"fusion-fullwidth fullwidth-box fusion-builder-row-1 fusion-flex-container has-pattern-background has-mask-background hundred-percent-fullwidth non-hundred-percent-height-scrolling\" style=\"--awb-border-radius-top-left:0px;--awb-border-radius-top-right:0px;--awb-border-radius-bottom-right:0px;--awb-border-radius-bottom-left:0px;--awb-flex-wrap:wrap;\" ><div class=\"fusion-builder-row fusion-row fusion-flex-align-items-flex-end fusion-flex-justify-content-space-between fusion-flex-content-wrap\" style=\"width:104% !important;max-width:104% !important;margin-left: calc(-4% \/ 2 );margin-right: calc(-4% \/ 2 );\"><div class=\"fusion-layout-column fusion_builder_column fusion-builder-column-0 fusion_builder_column_1_1 1_1 fusion-flex-column\" style=\"--awb-bg-size:cover;--awb-width-large:100%;--awb-margin-top-large:88px;--awb-spacing-right-large:0%;--awb-margin-bottom-large:29px;--awb-spacing-left-large:0%;--awb-width-medium:100%;--awb-order-medium:0;--awb-spacing-right-medium:1.92%;--awb-spacing-left-medium:1.92%;--awb-width-small:100%;--awb-order-small:0;--awb-spacing-right-small:1.92%;--awb-spacing-left-small:1.92%;\" data-scroll-devices=\"small-visibility,medium-visibility,large-visibility\"><div class=\"fusion-column-wrapper lazyload fusion-column-has-shadow fusion-flex-justify-content-space-around fusion-content-layout-column fusion-empty-column-bg-image fusion-column-has-bg-image\" data-bg-url=\"https:\/\/mechtalks.com\/wp-content\/uploads\/2023\/12\/b5059d47-f2b8-423f-94cd-9ee14736fc9d.jpg\" data-bg=\"https:\/\/mechtalks.com\/wp-content\/uploads\/2023\/12\/b5059d47-f2b8-423f-94cd-9ee14736fc9d.jpg\"><img decoding=\"async\" class=\"fusion-empty-dims-img-placeholder\" src=\"https:\/\/mechtalks.com\/wp-content\/uploads\/2024\/04\/1111.jpg\"><\/div><\/div><\/div><\/div><div class=\"fusion-fullwidth fullwidth-box fusion-builder-row-2 fusion-flex-container has-pattern-background has-mask-background nonhundred-percent-fullwidth non-hundred-percent-height-scrolling\" style=\"--awb-border-radius-top-left:0px;--awb-border-radius-top-right:0px;--awb-border-radius-bottom-right:0px;--awb-border-radius-bottom-left:0px;--awb-flex-wrap:wrap;\" ><div class=\"fusion-builder-row fusion-row fusion-flex-align-items-center fusion-flex-justify-content-center fusion-flex-content-wrap\" style=\"max-width:1216.8px;margin-left: calc(-4% \/ 2 );margin-right: calc(-4% \/ 2 );\"><div class=\"fusion-layout-column fusion_builder_column fusion-builder-column-1 fusion-flex-column fusion-flex-align-self-center\" style=\"--awb-padding-top:70px;--awb-bg-size:cover;--awb-width-large:80%;--awb-margin-top-large:0px;--awb-spacing-right-large:2.4%;--awb-margin-bottom-large:20px;--awb-spacing-left-large:2.4%;--awb-width-medium:100%;--awb-order-medium:0;--awb-spacing-right-medium:1.92%;--awb-spacing-left-medium:1.92%;--awb-width-small:100%;--awb-order-small:0;--awb-spacing-right-small:1.92%;--awb-spacing-left-small:1.92%;\"><div class=\"fusion-column-wrapper fusion-column-has-shadow fusion-flex-justify-content-flex-start fusion-content-layout-column\"><div class=\"fusion-text fusion-text-1\"><p><strong>ABOUT US<\/strong><\/p>\n<p><strong>ORGANIZATIONS \/ MECHTALKS HOSTS<\/strong><\/p>\n<p>T\u00fcrk Tesisat M\u00fchendisleri Derne\u011fi (TTMD), Mekanik Tesisat M\u00fcteahhitleri Derne\u011fi (MTMD) ve Borusan Boru i\u015f birli\u011fi ile d\u00fczenlenen <strong>MechTalks<\/strong>, mekanik tesisat sekt\u00f6r\u00fcn\u00fcn t\u00fcm payda\u015flar\u0131n\u0131 bir araya getirerek tecr\u00fcbe ve deneyim payla\u015f\u0131m\u0131 ile mekanik tesisat profesyonellerini daha ileri ta\u015f\u0131may\u0131 ve sekt\u00f6r\u00fcn\u00fcn \u00f6nde gelen etkinliklerinden biri olmay\u0131 ama\u00e7lar.<\/p>\n<p class=\" translation-block\"><strong>TTMD<\/strong>;Turkish Society of HVAC and Sanitary Engineers (TTMD) was founded in 1992 with the goal of improving and fostering the services provided by Mechanical Engineers in heating, refrigerating, ventilating, air-conditioning, plumbing, insulation and control areas of the building industry.  Today, TTMD has become an association where professionals from different disciplines, such as designers, consultants, reps, manufacturers, installers, operators, academicians etc, come together on a common platform for shared goals.<\/p>\n<p class=\" translation-block\"><strong>MTMD<\/strong>,  is a structure formed by legal entities that was born on April 12, 2007, within the Turkish Society of HVAC and Sanitary Engineers. The main idea that created the association; To ensure that Turkish mechanical installation contracting has global competitive power, to fulfill its duty in the development of the national mechanical installation sector at the best level, and to ensure the necessary improvements to strengthen and protect the existence of its own professional discipline. Aiming at a common roof where mechanical contractors can discuss their common problems and form a union for solutions, MTMD aims to be the dynamo of the development of the profession and its strengthening at home and abroad by making internationally applied and accepted authorities and responsibilities dominant in the sector, within acceptable competitive conditions.<\/p>\n<p>A framework has been needed to discuss, analyze and conclude issues such as increasing our experience around this purpose and main ideas, preparing our infrastructure, introducing our sector and gaining new employees, discussing our common problems and finding solutions, doing business at internationally accepted standards and taking responsibility. This platform is no other than the Mechanical Contractors\u2019 Association.<\/p>\n<p class=\" translation-block\"><strong>Borusan Boru,<\/strong> Founded in 1958, Borusan Pipe is the first industrial initiative of the Borusan Group, one of Turkey's leading powers. <br>\n\n\n<br>Today, Borusan Pipe carries its experience, expertise, and passion to all corners of the world with its high-tech pipes in every field, from automotive to construction, from energy to machinery production, with its high sales volume, and is among the leading manufacturers of Europe and the world in the steel pipe industry. <br>\n<br>\nContinuing its investments with a global perspective in line with market dynamics, the company . He made his first overseas investment by establishing Borusan Vobarno Tubi S.p.A. with the facility it purchased in Italy in 2001. In 2014, it founded Borusan Pipe US Inc. to manage the Houston Baytown factory investment in the USA. In 2023, within the scope of its strategy of becoming a local player in global markets, it purchased Berg Pipe, one of the companies in the USA that produces the highest quality and capacity, and incorporated it as Borusan Berg Pipe. <br><br>\n\nBorusan Pipe, in the top 100 in the list of Turkey's largest industrial enterprises since its first year, is building Turkey's future beyond producing pipes with its thousands of products, reliable service, quality, and the firsts it has achieved in Turkiye and the world. It offers a sustainable society and world with its management policies, and a developed country, and a safe future with its large-scale investments. \n<br><br>\n* 11 Production Facilities on 3 Continents \n<br>\n* 2 Million Tons Production Capacity with more than 4000 product types <br>\n\n* More than 2800 Employees \n<br>\n* Export to More than 80 Countries \n<br>\n* T\u00fcrkiye Automotive Pipe Market Share is 85%<\/p>\n<\/div><\/div><\/div><\/div><\/div><div class=\"fusion-fullwidth fullwidth-box fusion-builder-row-3 fusion-flex-container has-pattern-background has-mask-background nonhundred-percent-fullwidth non-hundred-percent-height-scrolling\" style=\"--awb-border-radius-top-left:0px;--awb-border-radius-top-right:0px;--awb-border-radius-bottom-right:0px;--awb-border-radius-bottom-left:0px;--awb-flex-wrap:wrap;\" ><div class=\"fusion-builder-row fusion-row fusion-flex-align-items-flex-start fusion-flex-justify-content-center fusion-flex-content-wrap\" style=\"max-width:1216.8px;margin-left: calc(-4% \/ 2 );margin-right: calc(-4% \/ 2 );\"><div class=\"fusion-layout-column fusion_builder_column fusion-builder-column-2 fusion_builder_column_1_4 1_4 fusion-flex-column fusion-flex-align-self-center\" style=\"--awb-bg-size:cover;--awb-width-large:25%;--awb-margin-top-large:0px;--awb-spacing-right-large:7.68%;--awb-margin-bottom-large:20px;--awb-spacing-left-large:7.68%;--awb-width-medium:100%;--awb-order-medium:0;--awb-spacing-right-medium:1.92%;--awb-spacing-left-medium:1.92%;--awb-width-small:100%;--awb-order-small:0;--awb-spacing-right-small:1.92%;--awb-spacing-left-small:1.92%;\"><div class=\"fusion-column-wrapper fusion-column-has-shadow fusion-flex-justify-content-center fusion-content-layout-column\"><div class=\"fusion-image-element\" style=\"text-align:center;--awb-caption-title-font-family:var(--h2_typography-font-family);--awb-caption-title-font-weight:var(--h2_typography-font-weight);--awb-caption-title-font-style:var(--h2_typography-font-style);--awb-caption-title-size:var(--h2_typography-font-size);--awb-caption-title-transform:var(--h2_typography-text-transform);--awb-caption-title-line-height:var(--h2_typography-line-height);--awb-caption-title-letter-spacing:var(--h2_typography-letter-spacing);\"><span class=\"fusion-imageframe imageframe-none imageframe-1 hover-type-none\"><a class=\"fusion-no-lightbox\" href=\"https:\/\/ttmd.org.tr\/\" target=\"_blank\" aria-label=\"ttmd-2\" rel=\"noopener noreferrer\"><img decoding=\"async\" width=\"263\" height=\"263\" src=\"https:\/\/mechtalks.com\/wp-content\/uploads\/2022\/07\/ttmd-2.png\" data-orig-src=\"https:\/\/mechtalks.com\/wp-content\/uploads\/2022\/07\/ttmd-2.png\" alt class=\"lazyload img-responsive wp-image-5194\" srcset=\"data:image\/svg+xml,%3Csvg%20xmlns%3D%27http%3A%2F%2Fwww.w3.org%2F2000%2Fsvg%27%20width%3D%27263%27%20height%3D%27263%27%20viewBox%3D%270%200%20263%20263%27%3E%3Crect%20width%3D%27263%27%20height%3D%27263%27%20fill-opacity%3D%220%22%2F%3E%3C%2Fsvg%3E\" data-srcset=\"https:\/\/mechtalks.com\/wp-content\/uploads\/2022\/07\/ttmd-2-200x200.png 200w, https:\/\/mechtalks.com\/wp-content\/uploads\/2022\/07\/ttmd-2.png 263w\" data-sizes=\"auto\" data-orig-sizes=\"(max-width: 1024px) 100vw, (max-width: 640px) 100vw, 263px\" \/><\/a><\/span><\/div><\/div><\/div><div class=\"fusion-layout-column fusion_builder_column fusion-builder-column-3 fusion_builder_column_1_4 1_4 fusion-flex-column fusion-flex-align-self-flex-start\" style=\"--awb-bg-size:cover;--awb-width-large:25%;--awb-margin-top-large:0px;--awb-spacing-right-large:7.68%;--awb-margin-bottom-large:20px;--awb-spacing-left-large:7.68%;--awb-width-medium:100%;--awb-order-medium:0;--awb-spacing-right-medium:1.92%;--awb-spacing-left-medium:1.92%;--awb-width-small:100%;--awb-order-small:0;--awb-spacing-right-small:1.92%;--awb-spacing-left-small:1.92%;\"><div class=\"fusion-column-wrapper fusion-column-has-shadow fusion-flex-justify-content-center fusion-content-layout-column\"><div class=\"fusion-image-element\" style=\"text-align:center;--awb-caption-title-font-family:var(--h2_typography-font-family);--awb-caption-title-font-weight:var(--h2_typography-font-weight);--awb-caption-title-font-style:var(--h2_typography-font-style);--awb-caption-title-size:var(--h2_typography-font-size);--awb-caption-title-transform:var(--h2_typography-text-transform);--awb-caption-title-line-height:var(--h2_typography-line-height);--awb-caption-title-letter-spacing:var(--h2_typography-letter-spacing);\"><span class=\"fusion-imageframe imageframe-none imageframe-2 hover-type-none\"><a class=\"fusion-no-lightbox\" href=\"https:\/\/mtmd.org.tr\/\" target=\"_blank\" aria-label=\"mtmd2\" rel=\"noopener noreferrer\"><img decoding=\"async\" width=\"263\" height=\"263\" src=\"https:\/\/mechtalks.com\/wp-content\/uploads\/2022\/07\/mtmd2.png\" data-orig-src=\"https:\/\/mechtalks.com\/wp-content\/uploads\/2022\/07\/mtmd2.png\" alt class=\"lazyload img-responsive wp-image-5200\" srcset=\"data:image\/svg+xml,%3Csvg%20xmlns%3D%27http%3A%2F%2Fwww.w3.org%2F2000%2Fsvg%27%20width%3D%27263%27%20height%3D%27263%27%20viewBox%3D%270%200%20263%20263%27%3E%3Crect%20width%3D%27263%27%20height%3D%27263%27%20fill-opacity%3D%220%22%2F%3E%3C%2Fsvg%3E\" data-srcset=\"https:\/\/mechtalks.com\/wp-content\/uploads\/2022\/07\/mtmd2-200x200.png 200w, https:\/\/mechtalks.com\/wp-content\/uploads\/2022\/07\/mtmd2.png 263w\" data-sizes=\"auto\" data-orig-sizes=\"(max-width: 1024px) 100vw, (max-width: 640px) 100vw, 263px\" \/><\/a><\/span><\/div><\/div><\/div><div class=\"fusion-layout-column fusion_builder_column fusion-builder-column-4 fusion_builder_column_1_4 1_4 fusion-flex-column fusion-flex-align-self-center\" style=\"--awb-bg-size:cover;--awb-width-large:25%;--awb-margin-top-large:0px;--awb-spacing-right-large:7.68%;--awb-margin-bottom-large:20px;--awb-spacing-left-large:7.68%;--awb-width-medium:100%;--awb-order-medium:0;--awb-spacing-right-medium:1.92%;--awb-spacing-left-medium:1.92%;--awb-width-small:100%;--awb-order-small:0;--awb-spacing-right-small:1.92%;--awb-spacing-left-small:1.92%;\"><div class=\"fusion-column-wrapper fusion-column-has-shadow fusion-flex-justify-content-center fusion-content-layout-column\"><div class=\"fusion-image-element\" style=\"text-align:center;--awb-caption-title-font-family:var(--h2_typography-font-family);--awb-caption-title-font-weight:var(--h2_typography-font-weight);--awb-caption-title-font-style:var(--h2_typography-font-style);--awb-caption-title-size:var(--h2_typography-font-size);--awb-caption-title-transform:var(--h2_typography-text-transform);--awb-caption-title-line-height:var(--h2_typography-line-height);--awb-caption-title-letter-spacing:var(--h2_typography-letter-spacing);\"><span class=\"fusion-imageframe imageframe-none imageframe-3 hover-type-none\"><a class=\"fusion-no-lightbox\" href=\"https:\/\/www.borusanboru.com\/anasayfa\" target=\"_blank\" rel=\"noopener noreferrer\"><img decoding=\"async\" width=\"263\" height=\"263\" src=\"https:\/\/mechtalks.com\/wp-content\/uploads\/2024\/04\/222-01-01.webp\" data-orig-src=\"https:\/\/mechtalks.com\/wp-content\/uploads\/2023\/12\/borusan2-150x1503-03-03-04.png\" alt class=\"lazyload img-responsive wp-image-6390\" srcset=\"https:\/\/mechtalks.com\/wp-content\/uploads\/2024\/04\/222-01-01-12x12.webp 12w, https:\/\/mechtalks.com\/wp-content\/uploads\/2024\/04\/222-01-01-66x66.webp 66w, https:\/\/mechtalks.com\/wp-content\/uploads\/2024\/04\/222-01-01-150x150.webp 150w, https:\/\/mechtalks.com\/wp-content\/uploads\/2024\/04\/222-01-01-200x200.webp 200w, https:\/\/mechtalks.com\/wp-content\/uploads\/2024\/04\/222-01-01.webp 264w\" data-srcset=\"https:\/\/mechtalks.com\/wp-content\/uploads\/2024\/04\/222-01-01-12x12.webp 12w, https:\/\/mechtalks.com\/wp-content\/uploads\/2024\/04\/222-01-01-66x66.webp 66w, https:\/\/mechtalks.com\/wp-content\/uploads\/2024\/04\/222-01-01-150x150.webp 150w, https:\/\/mechtalks.com\/wp-content\/uploads\/2024\/04\/222-01-01-200x200.webp 200w, https:\/\/mechtalks.com\/wp-content\/uploads\/2024\/04\/222-01-01.webp 264w\" data-sizes=\"auto\" data-orig-sizes=\"(max-width: 1024px) 100vw, (max-width: 640px) 100vw, 263px\" \/><\/a><\/span><\/div><\/div><\/div><\/div><\/div><\/p>","protected":false},"excerpt":{"rendered":"","protected":false},"author":1,"featured_media":0,"parent":0,"menu_order":0,"comment_status":"closed","ping_status":"closed","template":"100-width.php","meta":{"footnotes":""},"class_list":["post-5207","page","type-page","status-publish","hentry"],"_links":{"self":[{"href":"https:\/\/mechtalks.com\/en\/wp-json\/wp\/v2\/pages\/5207","targetHints":{"allow":["GET"]}}],"collection":[{"href":"https:\/\/mechtalks.com\/en\/wp-json\/wp\/v2\/pages"}],"about":[{"href":"https:\/\/mechtalks.com\/en\/wp-json\/wp\/v2\/types\/page"}],"author":[{"embeddable":true,"href":"https:\/\/mechtalks.com\/en\/wp-json\/wp\/v2\/users\/1"}],"replies":[{"embeddable":true,"href":"https:\/\/mechtalks.com\/en\/wp-json\/wp\/v2\/comments?post=5207"}],"version-history":[{"count":39,"href":"https:\/\/mechtalks.com\/en\/wp-json\/wp\/v2\/pages\/5207\/revisions"}],"predecessor-version":[{"id":6850,"href":"https:\/\/mechtalks.com\/en\/wp-json\/wp\/v2\/pages\/5207\/revisions\/6850"}],"wp:attachment":[{"href":"https:\/\/mechtalks.com\/en\/wp-json\/wp\/v2\/media?parent=5207"}],"curies":[{"name":"wp","href":"https:\/\/api.w.org\/{rel}","templated":true}]}}